{"id":771743,"date":"2025-08-28T15:16:41","date_gmt":"2025-08-28T12:16:41","guid":{"rendered":"https:\/\/roveyayinevi.com.tr\/index.php\/urun\/karanlik-dosyalar-gizemli-kayiplar\/"},"modified":"2026-04-15T03:38:13","modified_gmt":"2026-04-15T00:38:13","slug":"karanlik-dosyalar-gizemli-kayiplar","status":"publish","type":"product","link":"https:\/\/roveyayinevi.com.tr\/index.php\/urun\/karanlik-dosyalar-gizemli-kayiplar\/","title":{"rendered":"Karanl\u0131k Dosyalar-Gizemli Kay\u0131plar"},"content":{"rendered":"<p>Hayat\u0131nda her \u015fey yolunda giderken bir insan iz b\u0131rakmadan ortadan kaybolabilir mi? Onlarca ipucu ve g\u00f6rg\u00fc tan\u0131\u011f\u0131 olmas\u0131na ra\u011fmen bir ki\u015finin duman olup u\u00e7mas\u0131 m\u00fcmk\u00fcn m\u00fcd\u00fcr? Su\u00e7 dosyalar\u0131 ara\u015ft\u0131rmac\u0131s\u0131 Sezgi Aksu taraf\u0131ndan ger\u00e7ek olaylardan derlenen, \u00e7\u00f6z\u00fclemeyen kay\u0131p vakalar\u0131n\u0131 hayretle okuyacaks\u0131n\u0131z. S\u0131rlarla dolu her hikaye sizi merakland\u0131racak, teoriler \u00fcretmeye ve sorgulamaya te\u015fvik edecek. S\u0131rra kadem basan kay\u0131p insanlar\u0131n gizemi, tecr\u00fcbeli dedektifler, yetenekli ajanlar ve donan\u0131ml\u0131 uzmanlar taraf\u0131ndan hala \u00e7\u00f6z\u00fclemedi. Siz \u00e7\u00f6zebilir misiniz?<\/p>\n","protected":false},"excerpt":{"rendered":"<p>Hayat\u0131nda her \u015fey yolunda giderken bir insan iz b\u0131rakmadan ortadan kaybolabilir mi? Onlarca ipucu ve g\u00f6rg\u00fc tan\u0131\u011f\u0131 olmas\u0131na ra\u011fmen bir ki\u015finin duman olup u\u00e7mas\u0131 m\u00fcmk\u00fcn m\u00fcd\u00fcr?<span class=\"excerpt-hellip\"> [\u2026]<\/span><\/p>\n","protected":false},"featured_media":0,"template":"","meta":{"_monsterinsights_skip_tracking":false,"_monsterinsights_sitenote_active":false,"_monsterinsights_sitenote_note":"","_monsterinsights_sitenote_category":0},"product_brand":[],"product_cat":[12291,12711],"product_tag":[],"class_list":{"0":"post-771743","1":"product","2":"type-product","3":"status-publish","5":"product_cat-edebiyat","6":"product_cat-roman-oyku","7":"pa_cilt-ciltsiz","8":"pa_tur-kitap","9":"pa_yayinevi-yediveren-yayinlari","10":"pa_yazar-sezgi-aksu","12":"first","13":"instock","14":"sale","15":"shipping-taxable","16":"purchasable","17":"product-type-simple"},"_links":{"self":[{"href":"https:\/\/roveyayinevi.com.tr\/index.php\/wp-json\/wp\/v2\/product\/771743","targetHints":{"allow":["GET"]}}],"collection":[{"href":"https:\/\/roveyayinevi.com.tr\/index.php\/wp-json\/wp\/v2\/product"}],"about":[{"href":"https:\/\/roveyayinevi.com.tr\/index.php\/wp-json\/wp\/v2\/types\/product"}],"wp:attachment":[{"href":"https:\/\/roveyayinevi.com.tr\/index.php\/wp-json\/wp\/v2\/media?parent=771743"}],"wp:term":[{"taxonomy":"product_brand","embeddable":true,"href":"https:\/\/roveyayinevi.com.tr\/index.php\/wp-json\/wp\/v2\/product_brand?post=771743"},{"taxonomy":"product_cat","embeddable":true,"href":"https:\/\/roveyayinevi.com.tr\/index.php\/wp-json\/wp\/v2\/product_cat?post=771743"},{"taxonomy":"product_tag","embeddable":true,"href":"https:\/\/roveyayinevi.com.tr\/index.php\/wp-json\/wp\/v2\/product_tag?post=771743"}],"curies":[{"name":"wp","href":"https:\/\/api.w.org\/{rel}","templated":true}]}}