{"id":771742,"date":"2025-08-28T15:16:39","date_gmt":"2025-08-28T12:16:39","guid":{"rendered":"https:\/\/roveyayinevi.com.tr\/index.php\/urun\/hayatin-kadinlari-2\/"},"modified":"2026-04-15T03:38:13","modified_gmt":"2026-04-15T00:38:13","slug":"hayatin-kadinlari-2","status":"publish","type":"product","link":"https:\/\/roveyayinevi.com.tr\/index.php\/urun\/hayatin-kadinlari-2\/","title":{"rendered":"Hayat\u0131n Kad\u0131nlar\u0131"},"content":{"rendered":"<p>Yedisine gelince okula g\u00f6nderilmemek, dokuzunda da\u011flarda \u00e7obanl\u0131k yaparken akrabalar\u0131n\u0131n tecav\u00fcz\u00fcne u\u011framak. On ikisinde yetmi\u015f ya\u015f\u0131nda birine \u00fc\u00e7\u00fcnc\u00fc e\u015f olmak, on \u00fc\u00e7\u00fcnde anne olmak, kendi gibi talihsiz k\u0131z \u00e7ocuklar\u0131 do\u011furdu\u011fu i\u00e7in a\u015fa\u011f\u0131lanmak\u2026 \u0130tilmek, kak\u0131lmak, bir varile at\u0131l\u0131p yak\u0131lmak. Erkek arkada\u015f\u0131 taraf\u0131ndan par\u00e7alan\u0131p valize konulmak. Reddetti\u011fi patronu taraf\u0131ndan camdan at\u0131lmak. D\u00f6v\u00fclmek, s\u00f6v\u00fclmek, yaftalanmak, sat\u0131lmak, t\u00f6re cinayetine kurban gitmek. \u00c7ocu\u011funun g\u00f6zleri \u00f6n\u00fcnde bo\u011faz\u0131 kesilerek \u00f6ld\u00fcr\u00fclmek\u2026 \u0130\u015fte b\u00f6yle T\u00fcrkiye\u2019de kad\u0131n olmak. Elinizde tuttu\u011funuz bu \u00e7arp\u0131c\u0131 roman, birey olmas\u0131na izin verilmemi\u015f kad\u0131nlar\u0131n kulak ard\u0131 edilen ac\u0131kl\u0131 hayatlar\u0131n\u0131 t\u00fcm ger\u00e7ek\u00e7ili\u011fi ile i\u015flerken, bu kad\u0131nlar\u0131n usta bir kurguyla nas\u0131l Hayat&#8217;\u0131n \u00e7evresinde topland\u0131\u011f\u0131na hayret ettiriyor.<\/p>\n","protected":false},"excerpt":{"rendered":"<p>Yedisine gelince okula g\u00f6nderilmemek, dokuzunda da\u011flarda \u00e7obanl\u0131k yaparken akrabalar\u0131n\u0131n tecav\u00fcz\u00fcne u\u011framak. On ikisinde yetmi\u015f ya\u015f\u0131nda birine \u00fc\u00e7\u00fcnc\u00fc e\u015f olmak, on \u00fc\u00e7\u00fcnde anne olmak, kendi gibi talihsiz<span class=\"excerpt-hellip\"> [\u2026]<\/span><\/p>\n","protected":false},"featured_media":0,"template":"","meta":{"_monsterinsights_skip_tracking":false,"_monsterinsights_sitenote_active":false,"_monsterinsights_sitenote_note":"","_monsterinsights_sitenote_category":0},"product_brand":[],"product_cat":[12291,12711],"product_tag":[],"class_list":{"0":"post-771742","1":"product","2":"type-product","3":"status-publish","5":"product_cat-edebiyat","6":"product_cat-roman-oyku","7":"pa_cilt-ciltsiz","8":"pa_tur-kitap","9":"pa_yayinevi-yediveren-yayinlari","10":"pa_yazar-pinar-cumali","12":"first","13":"instock","14":"sale","15":"shipping-taxable","16":"purchasable","17":"product-type-simple"},"_links":{"self":[{"href":"https:\/\/roveyayinevi.com.tr\/index.php\/wp-json\/wp\/v2\/product\/771742","targetHints":{"allow":["GET"]}}],"collection":[{"href":"https:\/\/roveyayinevi.com.tr\/index.php\/wp-json\/wp\/v2\/product"}],"about":[{"href":"https:\/\/roveyayinevi.com.tr\/index.php\/wp-json\/wp\/v2\/types\/product"}],"wp:attachment":[{"href":"https:\/\/roveyayinevi.com.tr\/index.php\/wp-json\/wp\/v2\/media?parent=771742"}],"wp:term":[{"taxonomy":"product_brand","embeddable":true,"href":"https:\/\/roveyayinevi.com.tr\/index.php\/wp-json\/wp\/v2\/product_brand?post=771742"},{"taxonomy":"product_cat","embeddable":true,"href":"https:\/\/roveyayinevi.com.tr\/index.php\/wp-json\/wp\/v2\/product_cat?post=771742"},{"taxonomy":"product_tag","embeddable":true,"href":"https:\/\/roveyayinevi.com.tr\/index.php\/wp-json\/wp\/v2\/product_tag?post=771742"}],"curies":[{"name":"wp","href":"https:\/\/api.w.org\/{rel}","templated":true}]}}