{"id":771741,"date":"2025-08-28T15:16:37","date_gmt":"2025-08-28T12:16:37","guid":{"rendered":"https:\/\/roveyayinevi.com.tr\/index.php\/urun\/durunun-minik-kuslari\/"},"modified":"2026-04-15T03:38:13","modified_gmt":"2026-04-15T00:38:13","slug":"durunun-minik-kuslari","status":"publish","type":"product","link":"https:\/\/roveyayinevi.com.tr\/index.php\/urun\/durunun-minik-kuslari\/","title":{"rendered":"Duru\u2019nun Minik Ku\u015flar\u0131"},"content":{"rendered":"<p>R\u00fczg\u00e2r\u0131n \u0131sl\u0131k \u00e7ald\u0131\u011f\u0131 so\u011fuk bir k\u0131\u015f g\u00fcn\u00fc, kar taneleri d\u00f6ne d\u00f6ne yere inerken Duru pencereden d\u0131\u015far\u0131y\u0131 seyrediyor. F\u0131rt\u0131na dinince kardan adam yapacak. Ama birden akl\u0131na \u015fu soru d\u00fc\u015f\u00fcyor: Her \u015fey karlar alt\u0131ndayken ku\u015flar nas\u0131l yiyecek bulacak? Nilg\u00fcn Ilgaz Duru\u2019nun Minik Ku\u015flar\u0131\u2019nda mevsimlerin sadece insanlar i\u00e7in de\u011fi\u015fmedi\u011fini g\u00f6sterirken t\u00fcm canl\u0131lar\u0131n ya\u015fam hakk\u0131n\u0131 koruman\u0131n \u00f6nemini anlat\u0131yor. <\/p>\n","protected":false},"excerpt":{"rendered":"<p>R\u00fczg\u00e2r\u0131n \u0131sl\u0131k \u00e7ald\u0131\u011f\u0131 so\u011fuk bir k\u0131\u015f g\u00fcn\u00fc, kar taneleri d\u00f6ne d\u00f6ne yere inerken Duru pencereden d\u0131\u015far\u0131y\u0131 seyrediyor. F\u0131rt\u0131na dinince kardan adam yapacak. Ama birden akl\u0131na \u015fu<span class=\"excerpt-hellip\"> [\u2026]<\/span><\/p>\n","protected":false},"featured_media":0,"template":"","meta":{"_monsterinsights_skip_tracking":false,"_monsterinsights_sitenote_active":false,"_monsterinsights_sitenote_note":"","_monsterinsights_sitenote_category":0},"product_brand":[],"product_cat":[12274,12284],"product_tag":[],"class_list":{"0":"post-771741","1":"product","2":"type-product","3":"status-publish","5":"product_cat-cocuk-ve-genclik-kitaplari","6":"product_cat-hikayeler","7":"pa_cilt-ciltsiz","8":"pa_tur-kitap","9":"pa_yayinevi-cinar-yayinlari","10":"pa_yazar-nilgun-ilgaz","12":"first","13":"instock","14":"sale","15":"shipping-taxable","16":"purchasable","17":"product-type-simple"},"_links":{"self":[{"href":"https:\/\/roveyayinevi.com.tr\/index.php\/wp-json\/wp\/v2\/product\/771741","targetHints":{"allow":["GET"]}}],"collection":[{"href":"https:\/\/roveyayinevi.com.tr\/index.php\/wp-json\/wp\/v2\/product"}],"about":[{"href":"https:\/\/roveyayinevi.com.tr\/index.php\/wp-json\/wp\/v2\/types\/product"}],"wp:attachment":[{"href":"https:\/\/roveyayinevi.com.tr\/index.php\/wp-json\/wp\/v2\/media?parent=771741"}],"wp:term":[{"taxonomy":"product_brand","embeddable":true,"href":"https:\/\/roveyayinevi.com.tr\/index.php\/wp-json\/wp\/v2\/product_brand?post=771741"},{"taxonomy":"product_cat","embeddable":true,"href":"https:\/\/roveyayinevi.com.tr\/index.php\/wp-json\/wp\/v2\/product_cat?post=771741"},{"taxonomy":"product_tag","embeddable":true,"href":"https:\/\/roveyayinevi.com.tr\/index.php\/wp-json\/wp\/v2\/product_tag?post=771741"}],"curies":[{"name":"wp","href":"https:\/\/api.w.org\/{rel}","templated":true}]}}