{"id":771740,"date":"2025-08-28T15:16:35","date_gmt":"2025-08-28T12:16:35","guid":{"rendered":"https:\/\/roveyayinevi.com.tr\/index.php\/urun\/essiz-esim\/"},"modified":"2026-04-15T03:38:13","modified_gmt":"2026-04-15T00:38:13","slug":"essiz-esim","status":"publish","type":"product","link":"https:\/\/roveyayinevi.com.tr\/index.php\/urun\/essiz-esim\/","title":{"rendered":"E\u015fsiz E\u015fim"},"content":{"rendered":"<p>Her evlilik, iki kalbin ortak hik\u00e2yelere ad\u0131m att\u0131\u011f\u0131 benzersiz bir yolculuktur. A\u015fk\u0131n b\u00fcy\u00fcs\u00fcyle ba\u015flayan bu yolculuk, kimi zaman hayat\u0131n zorluklar\u0131yla s\u0131nan\u0131r. Hi\u00e7 d\u00fc\u015f\u00fcnd\u00fcn\u00fcz m\u00fc Leyla ile Mecnun, Ferhat ile \u015eirin gibi b\u00fcy\u00fck a\u015f\u0131klar bug\u00fcn\u00fcn d\u00fcnyas\u0131nda ya\u015fasayd\u0131 ne olurdu? Dillere destan o kahramanlar da bizim ya\u015fad\u0131\u011f\u0131m\u0131z zorluklar\u0131 ya\u015far m\u0131yd\u0131 ili\u015fkilerinde?    &#8220;E\u015fsiz E\u015fim&#8221;de hepimizin yuvas\u0131nda ya\u015fanan sorunlara i\u00e7ten ve pratik \u00e7\u00f6z\u00fcmler bulacaks\u0131n\u0131z.  Mobilya ve beyaz e\u015fya kadar manevi \u00e7eyizin de \u00f6nemini fark edecek sevgi, ilgi ve merhamet aras\u0131ndaki dengeyi nas\u0131l kuraca\u011f\u0131n\u0131z\u0131 \u00f6\u011freneceksiniz. A\u015fk, yaln\u0131zca sevmek de\u011fil; anlamak, affetmek ve yeniden ba\u015flamakt\u0131r. Kalbinizin derinliklerinde e\u015fsiz bir yolculu\u011fa \u00e7\u0131kmaya haz\u0131r m\u0131s\u0131n\u0131z?<\/p>\n","protected":false},"excerpt":{"rendered":"<p>Her evlilik, iki kalbin ortak hik\u00e2yelere ad\u0131m att\u0131\u011f\u0131 benzersiz bir yolculuktur. A\u015fk\u0131n b\u00fcy\u00fcs\u00fcyle ba\u015flayan bu yolculuk, kimi zaman hayat\u0131n zorluklar\u0131yla s\u0131nan\u0131r. Hi\u00e7 d\u00fc\u015f\u00fcnd\u00fcn\u00fcz m\u00fc Leyla ile<span class=\"excerpt-hellip\"> [\u2026]<\/span><\/p>\n","protected":false},"featured_media":0,"template":"","meta":{"_monsterinsights_skip_tracking":false,"_monsterinsights_sitenote_active":false,"_monsterinsights_sitenote_note":"","_monsterinsights_sitenote_category":0},"product_brand":[],"product_cat":[12831,12324],"product_tag":[],"class_list":{"0":"post-771740","1":"product","2":"type-product","3":"status-publish","5":"product_cat-aile-ve-cocuk","6":"product_cat-sosyoloji","7":"pa_cilt-ciltsiz","8":"pa_tur-kitap","9":"pa_yayinevi-yediveren-yayinlari","10":"pa_yazar-osman-sungur-yeken","12":"first","13":"instock","14":"sale","15":"shipping-taxable","16":"purchasable","17":"product-type-simple"},"_links":{"self":[{"href":"https:\/\/roveyayinevi.com.tr\/index.php\/wp-json\/wp\/v2\/product\/771740","targetHints":{"allow":["GET"]}}],"collection":[{"href":"https:\/\/roveyayinevi.com.tr\/index.php\/wp-json\/wp\/v2\/product"}],"about":[{"href":"https:\/\/roveyayinevi.com.tr\/index.php\/wp-json\/wp\/v2\/types\/product"}],"wp:attachment":[{"href":"https:\/\/roveyayinevi.com.tr\/index.php\/wp-json\/wp\/v2\/media?parent=771740"}],"wp:term":[{"taxonomy":"product_brand","embeddable":true,"href":"https:\/\/roveyayinevi.com.tr\/index.php\/wp-json\/wp\/v2\/product_brand?post=771740"},{"taxonomy":"product_cat","embeddable":true,"href":"https:\/\/roveyayinevi.com.tr\/index.php\/wp-json\/wp\/v2\/product_cat?post=771740"},{"taxonomy":"product_tag","embeddable":true,"href":"https:\/\/roveyayinevi.com.tr\/index.php\/wp-json\/wp\/v2\/product_tag?post=771740"}],"curies":[{"name":"wp","href":"https:\/\/api.w.org\/{rel}","templated":true}]}}