{"id":771739,"date":"2025-08-28T15:16:33","date_gmt":"2025-08-28T12:16:33","guid":{"rendered":"https:\/\/roveyayinevi.com.tr\/index.php\/urun\/cocuk-hirsizlari-2\/"},"modified":"2026-04-15T03:38:13","modified_gmt":"2026-04-15T00:38:13","slug":"cocuk-hirsizlari-2","status":"publish","type":"product","link":"https:\/\/roveyayinevi.com.tr\/index.php\/urun\/cocuk-hirsizlari-2\/","title":{"rendered":"\u00c7ocuk H\u0131rs\u0131zlar\u0131"},"content":{"rendered":"<p>Elinizde tuttu\u011funuz Ed McBain&#8217;in \u2018\u00c7ocuk H\u0131rs\u0131zlar\u0131\u2019 kitab\u0131, 87. B\u00f6lge serisinden gerilim dolu bir ba\u015fyap\u0131tt\u0131r. Ba\u015far\u0131l\u0131 bir i\u015f adam\u0131, kendini hi\u00e7 beklenmedik bir ka\u00e7\u0131r\u0131lma olay\u0131n\u0131n ortas\u0131nda bulur ve daha \u00f6nce hi\u00e7 deneyimlemedi\u011fi bir \u00e7aresizlikle y\u00fczle\u015fir. Dedektif Steve Carella ve 87. B\u00f6lge&#8217;deki ekip i\u00e7in bu olay bir yar\u0131\u015fa d\u00f6n\u00fc\u015f\u00fcr: Su\u00e7lular\u0131 bir cinayete sebep olmadan yakalamak zorundad\u0131rlar.  Dostluk, sorumluluk ve insan do\u011fas\u0131n\u0131n karanl\u0131k k\u00f6\u015felerine dokunan bu roman, McBain&#8217;in ustal\u0131kla \u00f6rd\u00fc\u011f\u00fc bir hik\u00e2ye olarak okurlar\u0131yla bulu\u015fuyor. Daily Mirror\u2019un \u00f6vg\u00fcyle bahsetti\u011fi bu yap\u0131t, gerilim ve insan do\u011fas\u0131n\u0131n ahlaki \u00e7at\u0131\u015fmalar\u0131yla \u00f6r\u00fcl\u00fcd\u00fcr. \u00c7ocuk H\u0131rs\u0131zlar\u0131, \u00fcnl\u00fc y\u00f6netmen Akira Kurosawa\u2019n\u0131n elinde, b\u00fcy\u00fck bir sinema filmi olan High and Low\u2019a ilham kayna\u011f\u0131 olmu\u015ftur. Polisiye t\u00fcr\u00fcn\u00fcn s\u0131n\u0131rlar\u0131n\u0131 zorlayan bir klasik olarak edebiyat d\u00fcnyas\u0131nda yerini alm\u0131\u015ft\u0131r.<\/p>\n","protected":false},"excerpt":{"rendered":"<p>Elinizde tuttu\u011funuz Ed McBain&#8217;in \u2018\u00c7ocuk H\u0131rs\u0131zlar\u0131\u2019 kitab\u0131, 87. B\u00f6lge serisinden gerilim dolu bir ba\u015fyap\u0131tt\u0131r. Ba\u015far\u0131l\u0131 bir i\u015f adam\u0131, kendini hi\u00e7 beklenmedik bir ka\u00e7\u0131r\u0131lma olay\u0131n\u0131n ortas\u0131nda bulur<span class=\"excerpt-hellip\"> [\u2026]<\/span><\/p>\n","protected":false},"featured_media":0,"template":"","meta":{"_monsterinsights_skip_tracking":false,"_monsterinsights_sitenote_active":false,"_monsterinsights_sitenote_note":"","_monsterinsights_sitenote_category":0},"product_brand":[],"product_cat":[12291,15445],"product_tag":[],"class_list":{"0":"post-771739","1":"product","2":"type-product","3":"status-publish","5":"product_cat-edebiyat","6":"product_cat-polisiye","7":"pa_cilt-ciltsiz","8":"pa_tur-kitap","9":"pa_yayinevi-yediveren-yayinlari","10":"pa_yazar-ed-mcbain","12":"first","13":"instock","14":"sale","15":"shipping-taxable","16":"purchasable","17":"product-type-simple"},"_links":{"self":[{"href":"https:\/\/roveyayinevi.com.tr\/index.php\/wp-json\/wp\/v2\/product\/771739","targetHints":{"allow":["GET"]}}],"collection":[{"href":"https:\/\/roveyayinevi.com.tr\/index.php\/wp-json\/wp\/v2\/product"}],"about":[{"href":"https:\/\/roveyayinevi.com.tr\/index.php\/wp-json\/wp\/v2\/types\/product"}],"wp:attachment":[{"href":"https:\/\/roveyayinevi.com.tr\/index.php\/wp-json\/wp\/v2\/media?parent=771739"}],"wp:term":[{"taxonomy":"product_brand","embeddable":true,"href":"https:\/\/roveyayinevi.com.tr\/index.php\/wp-json\/wp\/v2\/product_brand?post=771739"},{"taxonomy":"product_cat","embeddable":true,"href":"https:\/\/roveyayinevi.com.tr\/index.php\/wp-json\/wp\/v2\/product_cat?post=771739"},{"taxonomy":"product_tag","embeddable":true,"href":"https:\/\/roveyayinevi.com.tr\/index.php\/wp-json\/wp\/v2\/product_tag?post=771739"}],"curies":[{"name":"wp","href":"https:\/\/api.w.org\/{rel}","templated":true}]}}