{"id":771735,"date":"2025-08-28T15:16:25","date_gmt":"2025-08-28T12:16:25","guid":{"rendered":"https:\/\/roveyayinevi.com.tr\/index.php\/urun\/mandala-renklerle-dans-et\/"},"modified":"2026-04-15T03:38:13","modified_gmt":"2026-04-15T00:38:13","slug":"mandala-renklerle-dans-et","status":"publish","type":"product","link":"https:\/\/roveyayinevi.com.tr\/index.php\/urun\/mandala-renklerle-dans-et\/","title":{"rendered":"Mandala \u2013 Renklerle Dans Et!"},"content":{"rendered":"<p>Boyama yapmak sadece \u00e7ocuklar i\u00e7in de\u011fil! Yeti\u015fkinler i\u00e7in haz\u0131rlad\u0131\u011f\u0131m\u0131z bu boyama kitab\u0131yla hem e\u011flenecek hem de stres atacaks\u0131n\u0131z. Birbirinden g\u00fczel desenleri kendi ruh halinize g\u00f6re renklendirirken zaman\u0131n nas\u0131l ge\u00e7ti\u011fini anlamayacaks\u0131n\u0131z. Renklerle Dans Et-Mandala B\u00fcy\u00fckler \u0130\u00e7in Boyama Kitab\u0131\u2019nda 23 adet \u00e7izim sizleri bekliyor.<\/p>\n","protected":false},"excerpt":{"rendered":"<p>Boyama yapmak sadece \u00e7ocuklar i\u00e7in de\u011fil! Yeti\u015fkinler i\u00e7in haz\u0131rlad\u0131\u011f\u0131m\u0131z bu boyama kitab\u0131yla hem e\u011flenecek hem de stres atacaks\u0131n\u0131z. Birbirinden g\u00fczel desenleri kendi ruh halinize g\u00f6re renklendirirken<span class=\"excerpt-hellip\"> [\u2026]<\/span><\/p>\n","protected":false},"featured_media":0,"template":"","meta":{"_monsterinsights_skip_tracking":false,"_monsterinsights_sitenote_active":false,"_monsterinsights_sitenote_note":"","_monsterinsights_sitenote_category":0},"product_brand":[],"product_cat":[38511,15563],"product_tag":[],"class_list":{"0":"post-771735","1":"product","2":"type-product","3":"status-publish","5":"product_cat-buyukler-icin-boyama-mandala","6":"product_cat-hobi","7":"pa_cilt-ciltsiz","8":"pa_tur-kitap","9":"pa_yayinevi-yediveren-yayinlari","10":"pa_yazar-kolektif","12":"first","13":"instock","14":"sale","15":"shipping-taxable","16":"purchasable","17":"product-type-simple"},"_links":{"self":[{"href":"https:\/\/roveyayinevi.com.tr\/index.php\/wp-json\/wp\/v2\/product\/771735","targetHints":{"allow":["GET"]}}],"collection":[{"href":"https:\/\/roveyayinevi.com.tr\/index.php\/wp-json\/wp\/v2\/product"}],"about":[{"href":"https:\/\/roveyayinevi.com.tr\/index.php\/wp-json\/wp\/v2\/types\/product"}],"wp:attachment":[{"href":"https:\/\/roveyayinevi.com.tr\/index.php\/wp-json\/wp\/v2\/media?parent=771735"}],"wp:term":[{"taxonomy":"product_brand","embeddable":true,"href":"https:\/\/roveyayinevi.com.tr\/index.php\/wp-json\/wp\/v2\/product_brand?post=771735"},{"taxonomy":"product_cat","embeddable":true,"href":"https:\/\/roveyayinevi.com.tr\/index.php\/wp-json\/wp\/v2\/product_cat?post=771735"},{"taxonomy":"product_tag","embeddable":true,"href":"https:\/\/roveyayinevi.com.tr\/index.php\/wp-json\/wp\/v2\/product_tag?post=771735"}],"curies":[{"name":"wp","href":"https:\/\/api.w.org\/{rel}","templated":true}]}}