{"id":771734,"date":"2025-08-28T15:16:24","date_gmt":"2025-08-28T12:16:24","guid":{"rendered":"https:\/\/roveyayinevi.com.tr\/index.php\/urun\/etkileyici-beden-dili\/"},"modified":"2026-04-03T03:29:56","modified_gmt":"2026-04-03T00:29:56","slug":"etkileyici-beden-dili","status":"publish","type":"product","link":"https:\/\/roveyayinevi.com.tr\/index.php\/urun\/etkileyici-beden-dili\/","title":{"rendered":"Etkileyici Beden Dili"},"content":{"rendered":"<p>Kimi zaman insanlar\u0131n duygular\u0131n\u0131 anlamak zor bir durumdur. Kendilerine soramazs\u0131n\u0131z, \u00e7\u00fcnk\u00fc ne hissettiklerini \u00e7o\u011funlukla s\u00f6ylemezler; s\u00f6yleseler bile \u00e7o\u011fu kez duygular\u0131n\u0131 kendileri de tarif edemezler. Bu ki\u015filerin kafalar\u0131n\u0131n i\u00e7ine girilip ne hissettikleri \u00f6\u011frenilemeyece\u011fine g\u00f6re, o anda nas\u0131l bir duygu i\u00e7inde olduklar\u0131 y\u00fcz ifadelerine ve beden dillerine bak\u0131larak anla\u015f\u0131lmaya \u00e7al\u0131\u015f\u0131l\u0131r. Beden dili; v\u00fccut duru\u015fu, jestler, mimikler, y\u00fcz ifadeleri ve g\u00f6z hareketlerinden olu\u015fan zihinsel ve fiziksel faaliyetlerle desteklenen \u201cs\u00f6zel olmayan \u0130leti\u015fim\u201d \u015feklidir. Beden dili kullan\u0131larak g\u00f6nderilen sinyaller, neredeyse tamamen bilin\u00e7alt\u0131 taraf\u0131ndan alg\u0131lanarak i\u015flenir ve anlamland\u0131r\u0131l\u0131r. Bedenin dilini do\u011fru anlaman\u0131n ve kullanman\u0131n amac\u0131 insanlara \u00fcst\u00fcnl\u00fck sa\u011flamak de\u011fil, sahip oldu\u011fumuz bilgiyle k\u00f6pr\u00fc kurarak etkiyi art\u0131rmakt\u0131r. B\u00f6ylece mesaj\u0131m\u0131z\u0131n ve yapt\u0131klar\u0131m\u0131z\u0131n g\u00fcc\u00fcn\u00fc peki\u015ftirebiliriz. Aksi takdirde insanlar\u0131 do\u011fru olmayan \u00f6l\u00e7\u00fctlerle yarg\u0131lar duruma d\u00fc\u015fer ve sevimsiz g\u00f6r\u00fcnebiliriz. \u00c7\u00fcnk\u00fc sosyal becerilerle ilgili bilginin amac\u0131 araya mesafe koymak de\u011fil, ba\u011f kurmak ve yak\u0131nla\u015fmay\u0131 sa\u011flamakt\u0131r.<\/p>\n","protected":false},"excerpt":{"rendered":"<p>Kimi zaman insanlar\u0131n duygular\u0131n\u0131 anlamak zor bir durumdur. Kendilerine soramazs\u0131n\u0131z, \u00e7\u00fcnk\u00fc ne hissettiklerini \u00e7o\u011funlukla s\u00f6ylemezler; s\u00f6yleseler bile \u00e7o\u011fu kez duygular\u0131n\u0131 kendileri de tarif edemezler. Bu ki\u015filerin<span class=\"excerpt-hellip\"> [\u2026]<\/span><\/p>\n","protected":false},"featured_media":0,"template":"","meta":{"_monsterinsights_skip_tracking":false,"_monsterinsights_sitenote_active":false,"_monsterinsights_sitenote_note":"","_monsterinsights_sitenote_category":0},"product_brand":[],"product_cat":[12364,12376],"product_tag":[],"class_list":{"0":"post-771734","1":"product","2":"type-product","3":"status-publish","5":"product_cat-genel-konular","6":"product_cat-kisisel-gelisim","7":"pa_cilt-ciltsiz","8":"pa_tur-kitap","9":"pa_yayinevi-yediveren-yayinlari","10":"pa_yazar-gazanfer-balaban","12":"first","13":"instock","14":"sale","15":"shipping-taxable","16":"purchasable","17":"product-type-simple"},"_links":{"self":[{"href":"https:\/\/roveyayinevi.com.tr\/index.php\/wp-json\/wp\/v2\/product\/771734","targetHints":{"allow":["GET"]}}],"collection":[{"href":"https:\/\/roveyayinevi.com.tr\/index.php\/wp-json\/wp\/v2\/product"}],"about":[{"href":"https:\/\/roveyayinevi.com.tr\/index.php\/wp-json\/wp\/v2\/types\/product"}],"wp:attachment":[{"href":"https:\/\/roveyayinevi.com.tr\/index.php\/wp-json\/wp\/v2\/media?parent=771734"}],"wp:term":[{"taxonomy":"product_brand","embeddable":true,"href":"https:\/\/roveyayinevi.com.tr\/index.php\/wp-json\/wp\/v2\/product_brand?post=771734"},{"taxonomy":"product_cat","embeddable":true,"href":"https:\/\/roveyayinevi.com.tr\/index.php\/wp-json\/wp\/v2\/product_cat?post=771734"},{"taxonomy":"product_tag","embeddable":true,"href":"https:\/\/roveyayinevi.com.tr\/index.php\/wp-json\/wp\/v2\/product_tag?post=771734"}],"curies":[{"name":"wp","href":"https:\/\/api.w.org\/{rel}","templated":true}]}}