{"id":771731,"date":"2025-08-28T15:16:17","date_gmt":"2025-08-28T12:16:17","guid":{"rendered":"https:\/\/roveyayinevi.com.tr\/index.php\/urun\/cocugun-icin-en-iyisini-sec\/"},"modified":"2026-04-15T03:38:13","modified_gmt":"2026-04-15T00:38:13","slug":"cocugun-icin-en-iyisini-sec","status":"publish","type":"product","link":"https:\/\/roveyayinevi.com.tr\/index.php\/urun\/cocugun-icin-en-iyisini-sec\/","title":{"rendered":"\u00c7ocu\u011fun \u0130\u00e7in En \u0130yisini Se\u00e7"},"content":{"rendered":"<p>&#8220;Ad\u0131n\u0131 tek nefeste telaffuz edemedi\u011finiz hi\u00e7bir bile\u015feni, ara\u015ft\u0131rmadan \u00e7ocuklar\u0131n\u0131z i\u00e7inkullanmay\u0131n.&#8221;Yapm\u0131\u015f oldu\u011fu payla\u015f\u0131mlarla bebek ve \u00e7ocuklar i\u00e7in kullan\u0131lan bir\u00e7ok \u00fcr\u00fcn\u00fc derinlemesine analizeden, \u00fcr\u00fcnlerin bebek ve \u00e7ocuklar i\u00e7in fayda ve zararlar\u0131n\u0131 ara\u015ft\u0131ran, hammaddeleri ve i\u00e7erikleriniinceleyerek gizlenen ve saklanan noktalar\u0131n\u0131 tespit eden ve bir\u00e7ok ebeveynin bilgilenmesineyard\u0131mc\u0131 olan nam\u0131di\u011fer M\u00fchendisino\u011flu Egemen Koray Beyli&#8217;den anne ve babalar i\u00e7iny\u00f6nlendirici bir rehber.Kitapta bebek \u015fampuandan \u0131slak mendile, bebek ya\u011f\u0131ndan demir takviyesine, bebek bezinden gazgiderici damlaya, devam s\u00fct\u00fcnden k\u0131yafet y\u0131kanmas\u0131nda kullan\u0131lacak deterjana kadar bebeklerinizi\u00e7in kullanaca\u011f\u0131n\u0131z bir\u00e7ok \u00fcr\u00fcn\u00fc nas\u0131l se\u00e7meniz gerekti\u011fi detayl\u0131ca yer al\u0131yor. Her bir \u00fcr\u00fcn\u00fcni\u00e7erisinde kullan\u0131lan maddeler teker teker a\u00e7\u0131klanarak, faydalar\u0131 ve zararlar\u0131 g\u00fcn \u0131\u015f\u0131\u011f\u0131na\u00e7\u0131kar\u0131l\u0131yor.Ayr\u0131ca, do\u011fal bebek losyonundan yumu\u015fat\u0131c\u0131ya, do\u011fal di\u015f macunundan koruyucu kreme kadarevde kendi kendinize yapabilece\u011finiz bir\u00e7ok do\u011fal \u00fcr\u00fcn\u00fcn tarifi de sizleri bekliyor.Yazar Hakk\u0131nda: \u0130nstagram&#8217;da yapm\u0131\u015f oldu\u011fu payla\u015f\u0131mlarla bebek ve \u00e7ocuklar i\u00e7in kullan\u0131lanbir\u00e7ok \u00fcr\u00fcn\u00fcn fayda ve zararlar\u0131n\u0131 anlatan, \u00fcr\u00fcnlerin hammaddeleri ve i\u00e7eriklerini inceleyerekgizlenen\/saklanan noktalar\u0131n\u0131 tespit eden, bir\u00e7ok ebeveynin bilgilenmesine yard\u0131mc\u0131 olarak\u00e7ocuklar\u0131 i\u00e7in bilin\u00e7li t\u00fcketici olma yolunda yard\u0131mc\u0131 olan in\u015faat m\u00fchendisi Egemen Koray Beyli;payla\u015f\u0131mlar\u0131 ve g\u00f6stermi\u015f oldu\u011fu hassasiyetle b\u00fcy\u00fck bir be\u011feni ve takdir toplamay\u0131 ba\u015farm\u0131\u015ft\u0131r.Kullan\u0131lan Reklam Mecralar\u0131 : Sosyal medya(instagram 500 bin band\u0131n\u0131 ge\u00e7mi\u015ftir) internet vebro\u015f\u00fcr da\u011f\u0131t\u0131m\u0131.<\/p>\n","protected":false},"excerpt":{"rendered":"<p>&#8220;Ad\u0131n\u0131 tek nefeste telaffuz edemedi\u011finiz hi\u00e7bir bile\u015feni, ara\u015ft\u0131rmadan \u00e7ocuklar\u0131n\u0131z i\u00e7inkullanmay\u0131n.&#8221;Yapm\u0131\u015f oldu\u011fu payla\u015f\u0131mlarla bebek ve \u00e7ocuklar i\u00e7in kullan\u0131lan bir\u00e7ok \u00fcr\u00fcn\u00fc derinlemesine analizeden, \u00fcr\u00fcnlerin bebek ve \u00e7ocuklar i\u00e7in<span class=\"excerpt-hellip\"> [\u2026]<\/span><\/p>\n","protected":false},"featured_media":0,"template":"","meta":{"_monsterinsights_skip_tracking":false,"_monsterinsights_sitenote_active":false,"_monsterinsights_sitenote_note":"","_monsterinsights_sitenote_category":0},"product_brand":[],"product_cat":[17996,12364],"product_tag":[],"class_list":{"0":"post-771731","1":"product","2":"type-product","3":"status-publish","5":"product_cat-ebeveyn-kitaplari","6":"product_cat-genel-konular","7":"pa_cilt-ciltsiz","8":"pa_tur-kitap","9":"pa_yayinevi-yediveren-yayinlari","10":"pa_yazar-egemen-koray-beyli","12":"first","13":"instock","14":"sale","15":"shipping-taxable","16":"purchasable","17":"product-type-simple"},"_links":{"self":[{"href":"https:\/\/roveyayinevi.com.tr\/index.php\/wp-json\/wp\/v2\/product\/771731","targetHints":{"allow":["GET"]}}],"collection":[{"href":"https:\/\/roveyayinevi.com.tr\/index.php\/wp-json\/wp\/v2\/product"}],"about":[{"href":"https:\/\/roveyayinevi.com.tr\/index.php\/wp-json\/wp\/v2\/types\/product"}],"wp:attachment":[{"href":"https:\/\/roveyayinevi.com.tr\/index.php\/wp-json\/wp\/v2\/media?parent=771731"}],"wp:term":[{"taxonomy":"product_brand","embeddable":true,"href":"https:\/\/roveyayinevi.com.tr\/index.php\/wp-json\/wp\/v2\/product_brand?post=771731"},{"taxonomy":"product_cat","embeddable":true,"href":"https:\/\/roveyayinevi.com.tr\/index.php\/wp-json\/wp\/v2\/product_cat?post=771731"},{"taxonomy":"product_tag","embeddable":true,"href":"https:\/\/roveyayinevi.com.tr\/index.php\/wp-json\/wp\/v2\/product_tag?post=771731"}],"curies":[{"name":"wp","href":"https:\/\/api.w.org\/{rel}","templated":true}]}}