{"id":771727,"date":"2025-08-28T15:16:10","date_gmt":"2025-08-28T12:16:10","guid":{"rendered":"https:\/\/roveyayinevi.com.tr\/index.php\/urun\/ofke-kontrolu-sevgisiz-olmaz\/"},"modified":"2026-04-15T03:38:13","modified_gmt":"2026-04-15T00:38:13","slug":"ofke-kontrolu-sevgisiz-olmaz","status":"publish","type":"product","link":"https:\/\/roveyayinevi.com.tr\/index.php\/urun\/ofke-kontrolu-sevgisiz-olmaz\/","title":{"rendered":"\u00d6fke Kontrol\u00fc Sevgisiz Olmaz"},"content":{"rendered":"<p>Yarat\u0131l\u0131\u015f\u0131n s\u0131rr\u0131 \u201csevgi\u201dde..\u0130nsano\u011flunun, do\u011fumundan itibaren, hatta do\u011fmadan evvel ba\u015flayan ihtiyac\u0131 \u201csevgi\u201d. B\u00fct\u00fcn duygular\u0131n en g\u00fczeli&#8230;Hayat\u0131 amac\u0131na ta\u015f\u0131yan, kalpleri birbiri ile kayna\u015ft\u0131ran; huzur ve mutlulu\u011fun vazge\u00e7ilmez temeli!Sevgiyle ye\u015ferecekken t\u00fcm g\u00fczellikler, ne yaz\u0131k ki, g\u00fcn\u00fcm\u00fcz insan\u0131 sevgisizlikten muzdarip. Sevgisizli\u011fin arka plan\u0131 \u00f6fke ve k\u00f6t\u00fcl\u00fcklerdir.Ki\u015fi ailesine, e\u015fler birbirine, kom\u015fu kom\u015fusuna, millet y\u00f6neticisine, devlet halk\u0131na sevgisiz ise, g\u00fcven yok demektir!Bir yerde ho\u015fg\u00f6r\u00fc ve huzurdan eser yoksa ayd\u0131nl\u0131klar yerini karanl\u0131klara terk eder.\u00d6fkemizin kontrol\u00fcn\u00fc sa\u011flamak ve sevgi ipini yakalamak i\u00e7in kitab\u0131n sayfalar\u0131n\u0131 \u00e7evirmeye ba\u015flay\u0131n.<\/p>\n","protected":false},"excerpt":{"rendered":"<p>Yarat\u0131l\u0131\u015f\u0131n s\u0131rr\u0131 \u201csevgi\u201dde..\u0130nsano\u011flunun, do\u011fumundan itibaren, hatta do\u011fmadan evvel ba\u015flayan ihtiyac\u0131 \u201csevgi\u201d. B\u00fct\u00fcn duygular\u0131n en g\u00fczeli&#8230;Hayat\u0131 amac\u0131na ta\u015f\u0131yan, kalpleri birbiri ile kayna\u015ft\u0131ran; huzur ve mutlulu\u011fun vazge\u00e7ilmez temeli!Sevgiyle<span class=\"excerpt-hellip\"> [\u2026]<\/span><\/p>\n","protected":false},"featured_media":0,"template":"","meta":{"_monsterinsights_skip_tracking":false,"_monsterinsights_sitenote_active":false,"_monsterinsights_sitenote_note":"","_monsterinsights_sitenote_category":0},"product_brand":[],"product_cat":[12755,12357],"product_tag":[],"class_list":{"0":"post-771727","1":"product","2":"type-product","3":"status-publish","5":"product_cat-gelisim-psikolojisi","6":"product_cat-psikoloji","7":"pa_cilt-ciltsiz","8":"pa_tur-kitap","9":"pa_yayinevi-yediveren-yayinlari","10":"pa_yazar-hamdi-kalyoncu","12":"first","13":"instock","14":"sale","15":"shipping-taxable","16":"purchasable","17":"product-type-simple"},"_links":{"self":[{"href":"https:\/\/roveyayinevi.com.tr\/index.php\/wp-json\/wp\/v2\/product\/771727","targetHints":{"allow":["GET"]}}],"collection":[{"href":"https:\/\/roveyayinevi.com.tr\/index.php\/wp-json\/wp\/v2\/product"}],"about":[{"href":"https:\/\/roveyayinevi.com.tr\/index.php\/wp-json\/wp\/v2\/types\/product"}],"wp:attachment":[{"href":"https:\/\/roveyayinevi.com.tr\/index.php\/wp-json\/wp\/v2\/media?parent=771727"}],"wp:term":[{"taxonomy":"product_brand","embeddable":true,"href":"https:\/\/roveyayinevi.com.tr\/index.php\/wp-json\/wp\/v2\/product_brand?post=771727"},{"taxonomy":"product_cat","embeddable":true,"href":"https:\/\/roveyayinevi.com.tr\/index.php\/wp-json\/wp\/v2\/product_cat?post=771727"},{"taxonomy":"product_tag","embeddable":true,"href":"https:\/\/roveyayinevi.com.tr\/index.php\/wp-json\/wp\/v2\/product_tag?post=771727"}],"curies":[{"name":"wp","href":"https:\/\/api.w.org\/{rel}","templated":true}]}}