{"id":771726,"date":"2025-08-28T15:16:08","date_gmt":"2025-08-28T12:16:08","guid":{"rendered":"https:\/\/roveyayinevi.com.tr\/index.php\/urun\/psikiyatrik-hastaliklar-ve-buyu\/"},"modified":"2026-04-15T03:38:13","modified_gmt":"2026-04-15T00:38:13","slug":"psikiyatrik-hastaliklar-ve-buyu","status":"publish","type":"product","link":"https:\/\/roveyayinevi.com.tr\/index.php\/urun\/psikiyatrik-hastaliklar-ve-buyu\/","title":{"rendered":"Psikiyatrik Hastal\u0131klar ve B\u00fcy\u00fc"},"content":{"rendered":"<p>Bu \u00e2lemde neler oluyor? Hemen hemen b\u00fct\u00fcn k\u00fclt\u00fcrlerin ve inan\u00e7lar\u0131n ku\u015faktan ku\u015fa\u011fa aktar\u0131ld\u0131\u011f\u0131 \u015feylert\u00fcmden ger\u00e7ek d\u0131\u015f\u0131 m\u0131? Medyumlar ya da geleneksel adlar\u0131yla hocalar, cinciler, papazlar! \u0130nsanlar, hangiama\u00e7larla bu kimselere gidiyor? Bu ki\u015filer, kimlere ne \u00e7e\u015fit uygulamalar yap\u0131yor? Yap\u0131lanlar\u0131n, hastalar\u00fczerindeki etkileri ve b\u00fct\u00fcn bu i\u015flerin, toplumun inanc\u0131nda ve k\u00fclt\u00fcr\u00fcndeki yeri nedir? Bunlar\u0131n bi k\u0131sm\u0131n\u0131n psikiyatrik hastal\u0131klar grubunda oldu\u011fundan \u015f\u00fcphe yok. Ancak b\u00fcy\u00fcl\u00fc olduklar\u0131ndan \u015fikayet eden hastalar \u00fczerinde daha yak\u0131ndan g\u00f6zlem yap\u0131ld\u0131\u011f\u0131nda, bu t\u00fcr hastalara daha \u00e7ok yard\u0131mc\u0131 olabilmek a\u00e7\u0131s\u0131ndan psikiyatrinin B\u00dcY\u00dc olay\u0131n\u0131 irdelemesi ihtiyac\u0131 hissedilir. Bu kitapta bir bilim adam\u0131 \u015f\u00fcphecili\u011fi ile hastalar\u0131n ve hastalar\u0131n m\u00fcracaat etti\u011fi ki\u015filerin y\u00f6ntemlerini ve elde etti\u011fi sonu\u00e7lar\u0131 psikiyatrik a\u00e7\u0131dan ara\u015ft\u0131r\u0131yor ve de\u011ferlendiriyor<\/p>\n","protected":false},"excerpt":{"rendered":"<p>Bu \u00e2lemde neler oluyor? Hemen hemen b\u00fct\u00fcn k\u00fclt\u00fcrlerin ve inan\u00e7lar\u0131n ku\u015faktan ku\u015fa\u011fa aktar\u0131ld\u0131\u011f\u0131 \u015feylert\u00fcmden ger\u00e7ek d\u0131\u015f\u0131 m\u0131? Medyumlar ya da geleneksel adlar\u0131yla hocalar, cinciler, papazlar! \u0130nsanlar,<span class=\"excerpt-hellip\"> [\u2026]<\/span><\/p>\n","protected":false},"featured_media":0,"template":"","meta":{"_monsterinsights_skip_tracking":false,"_monsterinsights_sitenote_active":false,"_monsterinsights_sitenote_note":"","_monsterinsights_sitenote_category":0},"product_brand":[],"product_cat":[12358,12357],"product_tag":[],"class_list":{"0":"post-771726","1":"product","2":"type-product","3":"status-publish","5":"product_cat-genel-psikoloji","6":"product_cat-psikoloji","7":"pa_cilt-ciltsiz","8":"pa_tur-kitap","9":"pa_yayinevi-yediveren-yayinlari","10":"pa_yazar-hamdi-kalyoncu","12":"first","13":"instock","14":"sale","15":"shipping-taxable","16":"purchasable","17":"product-type-simple"},"_links":{"self":[{"href":"https:\/\/roveyayinevi.com.tr\/index.php\/wp-json\/wp\/v2\/product\/771726","targetHints":{"allow":["GET"]}}],"collection":[{"href":"https:\/\/roveyayinevi.com.tr\/index.php\/wp-json\/wp\/v2\/product"}],"about":[{"href":"https:\/\/roveyayinevi.com.tr\/index.php\/wp-json\/wp\/v2\/types\/product"}],"wp:attachment":[{"href":"https:\/\/roveyayinevi.com.tr\/index.php\/wp-json\/wp\/v2\/media?parent=771726"}],"wp:term":[{"taxonomy":"product_brand","embeddable":true,"href":"https:\/\/roveyayinevi.com.tr\/index.php\/wp-json\/wp\/v2\/product_brand?post=771726"},{"taxonomy":"product_cat","embeddable":true,"href":"https:\/\/roveyayinevi.com.tr\/index.php\/wp-json\/wp\/v2\/product_cat?post=771726"},{"taxonomy":"product_tag","embeddable":true,"href":"https:\/\/roveyayinevi.com.tr\/index.php\/wp-json\/wp\/v2\/product_tag?post=771726"}],"curies":[{"name":"wp","href":"https:\/\/api.w.org\/{rel}","templated":true}]}}