{"id":771725,"date":"2025-08-28T15:16:07","date_gmt":"2025-08-28T12:16:07","guid":{"rendered":"https:\/\/roveyayinevi.com.tr\/index.php\/urun\/erkegi-yonetme-sanati\/"},"modified":"2026-04-03T03:29:56","modified_gmt":"2026-04-03T00:29:56","slug":"erkegi-yonetme-sanati","status":"publish","type":"product","link":"https:\/\/roveyayinevi.com.tr\/index.php\/urun\/erkegi-yonetme-sanati\/","title":{"rendered":"Erke\u011fi Y\u00f6netme Sanat\u0131"},"content":{"rendered":"<p>Erkek \u00fczerinde etkili olmak ve onu y\u00f6netmek i\u00e7in sadece di\u015filik yetmez. Bunun i\u00e7in kad\u0131nca bir sanat gerekir. Ba\u015far\u0131l\u0131 olmak istiyorsan\u0131z bu sanat\u0131 iyi \u00f6\u011frenmelisiniz!\u00c7o\u011fu erkek kad\u0131n kar\u015f\u0131s\u0131nda olduk\u00e7a zay\u0131ft\u0131r. Bu zay\u0131fl\u0131klar ya da bir anlamda zaaflar, kad\u0131nlar taraf\u0131ndan y\u00f6netilmeye o kadar yatk\u0131nd\u0131r ki, \u015f\u00f6yle desek yanl\u0131\u015f olmaz;\u201cErkekler d\u00fcnyay\u0131 idare eder, kad\u0131nlar da onlar\u0131!\u201d\u00c7o\u011fu kad\u0131n\u0131n, erkek kar\u015f\u0131s\u0131nda bulunmak istedi\u011fi konum da bu de\u011fil midir?\u201cErke\u011fi \u00fczerinde etkili olmak!\u201d\u0130\u015fte bunu yapabilmek i\u00e7in, erke\u011fe tesir etmenin, yani bir anlamda onu y\u00f6netmenin p\u00fcf noktalar\u0131 iyi bilinmeli.<\/p>\n","protected":false},"excerpt":{"rendered":"<p>Erkek \u00fczerinde etkili olmak ve onu y\u00f6netmek i\u00e7in sadece di\u015filik yetmez. Bunun i\u00e7in kad\u0131nca bir sanat gerekir. Ba\u015far\u0131l\u0131 olmak istiyorsan\u0131z bu sanat\u0131 iyi \u00f6\u011frenmelisiniz!\u00c7o\u011fu erkek kad\u0131n<span class=\"excerpt-hellip\"> [\u2026]<\/span><\/p>\n","protected":false},"featured_media":0,"template":"","meta":{"_monsterinsights_skip_tracking":false,"_monsterinsights_sitenote_active":false,"_monsterinsights_sitenote_note":"","_monsterinsights_sitenote_category":0},"product_brand":[],"product_cat":[12364,12376],"product_tag":[],"class_list":{"0":"post-771725","1":"product","2":"type-product","3":"status-publish","5":"product_cat-genel-konular","6":"product_cat-kisisel-gelisim","7":"pa_cilt-ciltsiz","8":"pa_tur-kitap","9":"pa_yayinevi-yediveren-yayinlari","10":"pa_yazar-hamdi-kalyoncu","12":"first","13":"instock","14":"sale","15":"shipping-taxable","16":"purchasable","17":"product-type-simple"},"_links":{"self":[{"href":"https:\/\/roveyayinevi.com.tr\/index.php\/wp-json\/wp\/v2\/product\/771725","targetHints":{"allow":["GET"]}}],"collection":[{"href":"https:\/\/roveyayinevi.com.tr\/index.php\/wp-json\/wp\/v2\/product"}],"about":[{"href":"https:\/\/roveyayinevi.com.tr\/index.php\/wp-json\/wp\/v2\/types\/product"}],"wp:attachment":[{"href":"https:\/\/roveyayinevi.com.tr\/index.php\/wp-json\/wp\/v2\/media?parent=771725"}],"wp:term":[{"taxonomy":"product_brand","embeddable":true,"href":"https:\/\/roveyayinevi.com.tr\/index.php\/wp-json\/wp\/v2\/product_brand?post=771725"},{"taxonomy":"product_cat","embeddable":true,"href":"https:\/\/roveyayinevi.com.tr\/index.php\/wp-json\/wp\/v2\/product_cat?post=771725"},{"taxonomy":"product_tag","embeddable":true,"href":"https:\/\/roveyayinevi.com.tr\/index.php\/wp-json\/wp\/v2\/product_tag?post=771725"}],"curies":[{"name":"wp","href":"https:\/\/api.w.org\/{rel}","templated":true}]}}