{"id":771724,"date":"2025-08-28T15:16:05","date_gmt":"2025-08-28T12:16:05","guid":{"rendered":"https:\/\/roveyayinevi.com.tr\/index.php\/urun\/20\/"},"modified":"2026-04-15T03:38:13","modified_gmt":"2026-04-15T00:38:13","slug":"20","status":"publish","type":"product","link":"https:\/\/roveyayinevi.com.tr\/index.php\/urun\/20\/","title":{"rendered":"20"},"content":{"rendered":"<p>Deh\u015fet verici bir su\u00e7 mahalli&#8230;Ba\u015f Dedektif Adam Bishop daha \u00f6nce hi\u00e7 b\u00f6yle bir \u015fey g\u00f6rmemi\u015fti. Be\u015f cinayet kurban\u0131 ve hepsinin tepesinde rakamlar vard\u0131. Ve sprey boyayla b\u0131rak\u0131lan bu izler korkun\u00e7 bir ger\u00e7e\u011fi g\u00f6zler \u00f6n\u00fcne seriyordu: Bu bir geri say\u0131md\u0131!S\u00fcrekli \u00e7\u0131kmaz yollara \u00e7\u0131kan bir vaka&#8230;\u0130\u015flenen korkun\u00e7 cinayetler, Dr. Romilly Cole\u2019un unutmak i\u00e7in y\u0131llarca u\u011fra\u015ft\u0131\u011f\u0131 travmatik bir ge\u00e7mi\u015fin an\u0131lar\u0131n\u0131 tetikledi. Bu vakaya dahil olmak hi\u00e7 iyi bir fikir de\u011fildi. O ve Bishop&#8217;\u0131n bir mazisi vard\u0131 ve birlikte \u00e7al\u0131\u015fmalar\u0131 kesinlikle iyi sonu\u00e7lara yol a\u00e7mayacakt\u0131.Katili durdurmak i\u00e7in zamana kar\u015f\u0131 bir yar\u0131\u015f&#8230;Adam ve Romilly \u00e7ok ge\u00e7meden her ipucunun onlarca y\u0131ll\u0131k bir vakaya uzand\u0131\u011f\u0131n\u0131 ve anahtar\u0131n da sadece Romilly\u2019de oldu\u011funu fark ettiler. Ancak h\u0131zl\u0131 hareket etmeleri gerekiyordu \u00e7\u00fcnk\u00fc kurbanlar\u0131n say\u0131s\u0131 her ge\u00e7en art\u0131yordu. Ve geri say\u0131m devam ettik\u00e7e, \u00f6l\u00fcmler gittik\u00e7e daha ki\u015fisel oluyordu.<\/p>\n","protected":false},"excerpt":{"rendered":"<p>Deh\u015fet verici bir su\u00e7 mahalli&#8230;Ba\u015f Dedektif Adam Bishop daha \u00f6nce hi\u00e7 b\u00f6yle bir \u015fey g\u00f6rmemi\u015fti. Be\u015f cinayet kurban\u0131 ve hepsinin tepesinde rakamlar vard\u0131. Ve sprey boyayla<span class=\"excerpt-hellip\"> [\u2026]<\/span><\/p>\n","protected":false},"featured_media":0,"template":"","meta":{"_monsterinsights_skip_tracking":false,"_monsterinsights_sitenote_active":false,"_monsterinsights_sitenote_note":"","_monsterinsights_sitenote_category":0},"product_brand":[],"product_cat":[12291,12711],"product_tag":[],"class_list":{"0":"post-771724","1":"product","2":"type-product","3":"status-publish","5":"product_cat-edebiyat","6":"product_cat-roman-oyku","7":"pa_cilt-ciltsiz","8":"pa_tur-kitap","9":"pa_yayinevi-yediveren-yayinlari","10":"pa_yazar-sam-holland","12":"first","13":"instock","14":"sale","15":"shipping-taxable","16":"purchasable","17":"product-type-simple"},"_links":{"self":[{"href":"https:\/\/roveyayinevi.com.tr\/index.php\/wp-json\/wp\/v2\/product\/771724","targetHints":{"allow":["GET"]}}],"collection":[{"href":"https:\/\/roveyayinevi.com.tr\/index.php\/wp-json\/wp\/v2\/product"}],"about":[{"href":"https:\/\/roveyayinevi.com.tr\/index.php\/wp-json\/wp\/v2\/types\/product"}],"wp:attachment":[{"href":"https:\/\/roveyayinevi.com.tr\/index.php\/wp-json\/wp\/v2\/media?parent=771724"}],"wp:term":[{"taxonomy":"product_brand","embeddable":true,"href":"https:\/\/roveyayinevi.com.tr\/index.php\/wp-json\/wp\/v2\/product_brand?post=771724"},{"taxonomy":"product_cat","embeddable":true,"href":"https:\/\/roveyayinevi.com.tr\/index.php\/wp-json\/wp\/v2\/product_cat?post=771724"},{"taxonomy":"product_tag","embeddable":true,"href":"https:\/\/roveyayinevi.com.tr\/index.php\/wp-json\/wp\/v2\/product_tag?post=771724"}],"curies":[{"name":"wp","href":"https:\/\/api.w.org\/{rel}","templated":true}]}}