{"id":771723,"date":"2025-08-28T15:16:02","date_gmt":"2025-08-28T12:16:02","guid":{"rendered":"https:\/\/roveyayinevi.com.tr\/index.php\/urun\/kuf\/"},"modified":"2026-04-15T03:38:13","modified_gmt":"2026-04-15T00:38:13","slug":"kuf","status":"publish","type":"product","link":"https:\/\/roveyayinevi.com.tr\/index.php\/urun\/kuf\/","title":{"rendered":"K\u00fcf"},"content":{"rendered":"<p>\u201cK\u00fcf, yaln\u0131zca duvarlar\u0131 de\u011fil, ruhlar\u0131 da ele ge\u00e7iriyor\u2026\u201dD\u00fcnya art\u0131k eskisi gibi de\u011fil. G\u00f6ky\u00fcz\u00fc griye, solunan hava zehre d\u00f6n\u00fc\u015ft\u00fc. Ye\u015fil k\u00fcf, \u015fehirleri yutarken, insanlar\u0131 zihinlerinden ve bedenlerinden kopar\u0131yor. Bir avu\u00e7 hayatta kalabilen i\u00e7in tek umut, y\u0131llar \u00f6nce kaybolan bir defterde gizli.\u0130melda, k\u00fcf istilas\u0131nda kaybetti\u011fi babas\u0131n\u0131n izlerini s\u00fcrerken hem ge\u00e7mi\u015fin g\u00f6lgeleriyle hem de insanl\u0131\u011f\u0131n en karanl\u0131k yan\u0131yla y\u00fczle\u015fiyor. Bir \u015fehirde zombile\u015fmi\u015f insanlar aras\u0131nda hayatta kalmaya \u00e7al\u0131\u015f\u0131rken, Hoon adl\u0131 bir sava\u015f\u00e7\u0131yla yollar\u0131 kesi\u015fiyor. Ancak, g\u00fcvenin bir l\u00fcks oldu\u011fu bu d\u00fcnyada, dost ile d\u00fc\u015fman aras\u0131ndaki \u00e7izgi her an bulan\u0131kla\u015fabilir.Anakara\u2019n\u0131n karanl\u0131k planlar\u0131, toplumsal d\u00fczeni alt\u00fcst eden s\u0131rlar ve mantar\u0131n deh\u015fet verici kontrol\u00fc, \u0130melda\u2019y\u0131 bir se\u00e7im yapmaya zorluyor: Ya k\u00fcflerin k\u00f6k\u00fcn\u00fc kaz\u0131yacak ya da onlar\u0131n istilas\u0131na izin verecek.Yazar, kitaptaki distopik ve mistik \u00f6yk\u00fcleriyle sizi yeni d\u00fcnya d\u00fczenlerinin kaosuna davet ediyor.<\/p>\n","protected":false},"excerpt":{"rendered":"<p>\u201cK\u00fcf, yaln\u0131zca duvarlar\u0131 de\u011fil, ruhlar\u0131 da ele ge\u00e7iriyor\u2026\u201dD\u00fcnya art\u0131k eskisi gibi de\u011fil. G\u00f6ky\u00fcz\u00fc griye, solunan hava zehre d\u00f6n\u00fc\u015ft\u00fc. Ye\u015fil k\u00fcf, \u015fehirleri yutarken, insanlar\u0131 zihinlerinden ve bedenlerinden<span class=\"excerpt-hellip\"> [\u2026]<\/span><\/p>\n","protected":false},"featured_media":0,"template":"","meta":{"_monsterinsights_skip_tracking":false,"_monsterinsights_sitenote_active":false,"_monsterinsights_sitenote_note":"","_monsterinsights_sitenote_category":0},"product_brand":[],"product_cat":[12291,12711],"product_tag":[],"class_list":{"0":"post-771723","1":"product","2":"type-product","3":"status-publish","5":"product_cat-edebiyat","6":"product_cat-roman-oyku","7":"pa_cilt-ciltsiz","8":"pa_tur-kitap","9":"pa_yayinevi-yediveren-yayinlari","10":"pa_yazar-rojda-ugras","12":"first","13":"instock","14":"sale","15":"shipping-taxable","16":"purchasable","17":"product-type-simple"},"_links":{"self":[{"href":"https:\/\/roveyayinevi.com.tr\/index.php\/wp-json\/wp\/v2\/product\/771723","targetHints":{"allow":["GET"]}}],"collection":[{"href":"https:\/\/roveyayinevi.com.tr\/index.php\/wp-json\/wp\/v2\/product"}],"about":[{"href":"https:\/\/roveyayinevi.com.tr\/index.php\/wp-json\/wp\/v2\/types\/product"}],"wp:attachment":[{"href":"https:\/\/roveyayinevi.com.tr\/index.php\/wp-json\/wp\/v2\/media?parent=771723"}],"wp:term":[{"taxonomy":"product_brand","embeddable":true,"href":"https:\/\/roveyayinevi.com.tr\/index.php\/wp-json\/wp\/v2\/product_brand?post=771723"},{"taxonomy":"product_cat","embeddable":true,"href":"https:\/\/roveyayinevi.com.tr\/index.php\/wp-json\/wp\/v2\/product_cat?post=771723"},{"taxonomy":"product_tag","embeddable":true,"href":"https:\/\/roveyayinevi.com.tr\/index.php\/wp-json\/wp\/v2\/product_tag?post=771723"}],"curies":[{"name":"wp","href":"https:\/\/api.w.org\/{rel}","templated":true}]}}