{"id":771722,"date":"2025-08-28T15:16:00","date_gmt":"2025-08-28T12:16:00","guid":{"rendered":"https:\/\/roveyayinevi.com.tr\/index.php\/urun\/5-n-1-kalite\/"},"modified":"2026-04-15T03:38:13","modified_gmt":"2026-04-15T00:38:13","slug":"5-n-1-kalite","status":"publish","type":"product","link":"https:\/\/roveyayinevi.com.tr\/index.php\/urun\/5-n-1-kalite\/","title":{"rendered":"5 N 1 Kalite"},"content":{"rendered":"<p>Kalite herkesin istedi\u011fi, bekledi\u011fi ve arzu etti\u011fi soyut ve somut \u015feylerdir.Kalite nedir? Sorusuna herkesin bir cevab\u0131 vard\u0131r. Kalite her ne kadar beklentileri kar\u015f\u0131lasa yeter gibi olsa da as\u0131l onun g\u00fczelli\u011fi beklenilmeyenleri kar\u015f\u0131lamas\u0131d\u0131r. Yani sonu\u00e7lar\u0131 olumlu olan s\u00fcrprizleri i\u00e7inde bar\u0131nd\u0131rmas\u0131d\u0131r. Kalite insana de\u011fer katan her \u015feydir.Dr. Ali Arslano\u011flu tan\u0131mlamaya \u00e7al\u0131\u015ft\u0131\u011f\u0131m a\u00e7\u0131dan kalite uzmanl\u0131\u011f\u0131na en lay\u0131k ki\u015filerden birisidir. Hi\u00e7bir i\u015fi savsaklad\u0131\u011f\u0131na \u015fahit olmad\u0131m. Ayr\u0131nt\u0131 d\u00fczeyinde bile olsa, titiz bir \u00f6zen ve emek ile i\u015fini yapan insanlar\u0131n kalitesi arkada\u015f\u0131m\u0131z\u0131n \u00fczerine yak\u0131\u015fm\u0131\u015f bir g\u00f6mlektir. B\u00f6yle bir yazar\u0131n kaleminden \u00e7\u0131km\u0131\u015f kalite kitab\u0131n\u0131n k\u00f6t\u00fc olma ihtimali yoktur. Ele ald\u0131\u011f\u0131 konunun hem uygulamada y\u0131llarca deneyimini elde etmi\u015f, hem de \u00fcniversitede dersini vermi\u015f \u00f6zenli ve titiz bir ki\u015finin kitab\u0131 \u00fcst\u00fcne fazla s\u00f6z s\u00f6ylemek yersizdir. Kitab\u0131n kalite ve kalite y\u00f6netimi ile ilgili konularda \u00e7al\u0131\u015facak herkese yararl\u0131 olaca\u011f\u0131na inan\u0131yorum.<\/p>\n","protected":false},"excerpt":{"rendered":"<p>Kalite herkesin istedi\u011fi, bekledi\u011fi ve arzu etti\u011fi soyut ve somut \u015feylerdir.Kalite nedir? Sorusuna herkesin bir cevab\u0131 vard\u0131r. Kalite her ne kadar beklentileri kar\u015f\u0131lasa yeter gibi olsa<span class=\"excerpt-hellip\"> [\u2026]<\/span><\/p>\n","protected":false},"featured_media":0,"template":"","meta":{"_monsterinsights_skip_tracking":false,"_monsterinsights_sitenote_active":false,"_monsterinsights_sitenote_note":"","_monsterinsights_sitenote_category":0},"product_brand":[],"product_cat":[13072,12291],"product_tag":[],"class_list":{"0":"post-771722","1":"product","2":"type-product","3":"status-publish","5":"product_cat-arastirma-inceleme-referans","6":"product_cat-edebiyat","7":"pa_cilt-ciltsiz","8":"pa_tur-kitap","9":"pa_yayinevi-yediveren-yayinlari","10":"pa_yazar-ali-arslanoglu","12":"first","13":"instock","14":"sale","15":"shipping-taxable","16":"purchasable","17":"product-type-simple"},"_links":{"self":[{"href":"https:\/\/roveyayinevi.com.tr\/index.php\/wp-json\/wp\/v2\/product\/771722","targetHints":{"allow":["GET"]}}],"collection":[{"href":"https:\/\/roveyayinevi.com.tr\/index.php\/wp-json\/wp\/v2\/product"}],"about":[{"href":"https:\/\/roveyayinevi.com.tr\/index.php\/wp-json\/wp\/v2\/types\/product"}],"wp:attachment":[{"href":"https:\/\/roveyayinevi.com.tr\/index.php\/wp-json\/wp\/v2\/media?parent=771722"}],"wp:term":[{"taxonomy":"product_brand","embeddable":true,"href":"https:\/\/roveyayinevi.com.tr\/index.php\/wp-json\/wp\/v2\/product_brand?post=771722"},{"taxonomy":"product_cat","embeddable":true,"href":"https:\/\/roveyayinevi.com.tr\/index.php\/wp-json\/wp\/v2\/product_cat?post=771722"},{"taxonomy":"product_tag","embeddable":true,"href":"https:\/\/roveyayinevi.com.tr\/index.php\/wp-json\/wp\/v2\/product_tag?post=771722"}],"curies":[{"name":"wp","href":"https:\/\/api.w.org\/{rel}","templated":true}]}}