{"id":771720,"date":"2025-08-28T15:15:56","date_gmt":"2025-08-28T12:15:56","guid":{"rendered":"https:\/\/roveyayinevi.com.tr\/index.php\/urun\/sinirsiz-enneagram\/"},"modified":"2026-04-15T03:38:13","modified_gmt":"2026-04-15T00:38:13","slug":"sinirsiz-enneagram","status":"publish","type":"product","link":"https:\/\/roveyayinevi.com.tr\/index.php\/urun\/sinirsiz-enneagram\/","title":{"rendered":"S\u0131n\u0131rs\u0131z Enneagram"},"content":{"rendered":"<p>Instagram\u2019\u0131n en sivri dilli uzman\u0131ndan, daha fazla \u00f6z fark\u0131ndal\u0131k ve \u00f6z \u015fefkate giden en iyi yolun karanl\u0131k taraf\u0131n\u0131z\u0131 benimsemek oldu\u011funu g\u00f6steren e\u011flenceli ve sezgisel bir kitap. \u00c7o\u011fu enneagram kitab\u0131, egoya meydan okumaktansa onu ok\u015famaya odaklan\u0131r. Elizabeth Orr ise kendinizi \u201c\u00e7\u00f6plerinizden\u201d kurtarman\u0131z i\u00e7in pratik stratejiler sunuyor. Elinizdeki kitap, karanl\u0131k taraf\u0131m\u0131zla (stres ve korkuyla ba\u015fa \u00e7\u0131kma yollar\u0131m\u0131zla) ilgili mizah dolu, g\u00f6steri\u015fe ka\u00e7mayan bir hesapla\u015fmad\u0131r ve pop\u00fcler bir ki\u015filik tipolojisi sistemi olan enneagram\u0131n hayat de\u011fi\u015ftiren bilgeli\u011finin kilidini a\u00e7ar. Okurlar, kendi enneagram tiplerinin en k\u00f6t\u00fc \u00f6zelliklerini cesurca ve e\u011flenceli bir \u015fekilde kabullenmenin i\u00e7lerindeki en iyi yanlar\u0131 ortaya \u00e7\u0131karabilece\u011fini ke\u015ffedecekler. Kahkaha att\u0131ran a\u00e7\u0131klamalar, \u00e7arp\u0131c\u0131 ger\u00e7ekler ve ilham veren g\u00f6revlerle dolu her b\u00f6l\u00fcm, ayr\u0131 bir enneagram tipine dair i\u00e7ten bir bak\u0131\u015f sunuyor. Uzun s\u00fcreli enneagram merakl\u0131lar\u0131 i\u00e7in derin, yeni hayranlar i\u00e7in kullan\u0131\u015fl\u0131 ve herkes i\u00e7in e\u011flenceli ve anla\u015f\u0131labilir olan S\u0131n\u0131rs\u0131z Enneagram, hepimizin sahip oldu\u011fu iyi, k\u00f6t\u00fc ve \u00e7irkin yanlar\u0131 c\u00f6mert\u00e7e ayd\u0131nlatarak, \u00f6z \u015fefkati bulman\u0131n tek yolunun b\u00fct\u00fcnselli\u011fi benimsemek oldu\u011funu g\u00f6steriyor.<\/p>\n","protected":false},"excerpt":{"rendered":"<p>Instagram\u2019\u0131n en sivri dilli uzman\u0131ndan, daha fazla \u00f6z fark\u0131ndal\u0131k ve \u00f6z \u015fefkate giden en iyi yolun karanl\u0131k taraf\u0131n\u0131z\u0131 benimsemek oldu\u011funu g\u00f6steren e\u011flenceli ve sezgisel bir kitap.<span class=\"excerpt-hellip\"> [\u2026]<\/span><\/p>\n","protected":false},"featured_media":0,"template":"","meta":{"_monsterinsights_skip_tracking":false,"_monsterinsights_sitenote_active":false,"_monsterinsights_sitenote_note":"","_monsterinsights_sitenote_category":0},"product_brand":[],"product_cat":[12364,12376],"product_tag":[],"class_list":{"0":"post-771720","1":"product","2":"type-product","3":"status-publish","5":"product_cat-genel-konular","6":"product_cat-kisisel-gelisim","7":"pa_cilt-ciltsiz","8":"pa_tur-kitap","9":"pa_yayinevi-yediveren-yayinlari","10":"pa_yazar-elizabeth-orr","12":"first","13":"instock","14":"sale","15":"shipping-taxable","16":"purchasable","17":"product-type-simple"},"_links":{"self":[{"href":"https:\/\/roveyayinevi.com.tr\/index.php\/wp-json\/wp\/v2\/product\/771720","targetHints":{"allow":["GET"]}}],"collection":[{"href":"https:\/\/roveyayinevi.com.tr\/index.php\/wp-json\/wp\/v2\/product"}],"about":[{"href":"https:\/\/roveyayinevi.com.tr\/index.php\/wp-json\/wp\/v2\/types\/product"}],"wp:attachment":[{"href":"https:\/\/roveyayinevi.com.tr\/index.php\/wp-json\/wp\/v2\/media?parent=771720"}],"wp:term":[{"taxonomy":"product_brand","embeddable":true,"href":"https:\/\/roveyayinevi.com.tr\/index.php\/wp-json\/wp\/v2\/product_brand?post=771720"},{"taxonomy":"product_cat","embeddable":true,"href":"https:\/\/roveyayinevi.com.tr\/index.php\/wp-json\/wp\/v2\/product_cat?post=771720"},{"taxonomy":"product_tag","embeddable":true,"href":"https:\/\/roveyayinevi.com.tr\/index.php\/wp-json\/wp\/v2\/product_tag?post=771720"}],"curies":[{"name":"wp","href":"https:\/\/api.w.org\/{rel}","templated":true}]}}