{"id":771718,"date":"2025-08-28T15:15:52","date_gmt":"2025-08-28T12:15:52","guid":{"rendered":"https:\/\/roveyayinevi.com.tr\/index.php\/urun\/en-cok-sevdigin-uzer\/"},"modified":"2026-04-15T03:38:13","modified_gmt":"2026-04-15T00:38:13","slug":"en-cok-sevdigin-uzer","status":"publish","type":"product","link":"https:\/\/roveyayinevi.com.tr\/index.php\/urun\/en-cok-sevdigin-uzer\/","title":{"rendered":"En \u00c7ok Sevdi\u011fin \u00dczer"},"content":{"rendered":"<p>\u201cBiten yar\u0131m kalan her a\u015fk bir cinayet mahallidir; yaralanan\u0131 da vard\u0131r \u00f6leni de\u2026\u201dEn \u00c7ok Sevdi\u011fin \u00dczer\u2019de Mehmet Erkan bizleri hayal ile ger\u00e7e\u011fin, a\u015fk ile delili\u011fin, hayat ile \u00f6l\u00fcm\u00fcn s\u0131n\u0131rlar\u0131nda gezdiriyor. Bunu da hepimizin s\u0131radan bir haftas\u0131n\u0131 anlatarak yap\u0131yor. Pazartesiden pazara ya\u015fad\u0131klar\u0131m\u0131z, kendimize verdi\u011fimiz s\u00f6zler, kurdu\u011fumuz hayaller, hemen yan\u0131 ba\u015f\u0131m\u0131zdaki sevdiklerimiz, uzakta tuttu\u011fumuz sevmediklerimiz ve daha pek \u00e7o\u011fu yar\u0131m kalan bir a\u015fk \u00fczerinden bizlere yeniden sorgulat\u0131l\u0131yor.Mavi\u2019nin Avustralya\u2019dan d\u00f6nmesine bir hafta vard\u0131r fakat bir ki\u015fi d\u0131\u015f\u0131nda kimse onun d\u00f6nece\u011fine inanmamaktad\u0131r. Garip k\u00f6\u015fe yazar\u0131 M\u00fcmtaz Faik\u2019in sat\u0131rlar\u0131 da anlat\u0131lanlara benzerlik g\u00f6stermektedir. Mavi d\u00f6necek mi d\u00f6nmeyecek mi? Bu sorulara cevap ararken sizler de kendi i\u00e7inize d\u00f6n\u00fcp pazartesiden pazara kendi hik\u00e2yenizi ve Mavi\u2019nizi d\u00fc\u015f\u00fcneceksiniz.\u201cSevmek i\u00e7in de terk etmek i\u00e7in de bir \u015feylere inanmak isteriz.\u201d<\/p>\n","protected":false},"excerpt":{"rendered":"<p>\u201cBiten yar\u0131m kalan her a\u015fk bir cinayet mahallidir; yaralanan\u0131 da vard\u0131r \u00f6leni de\u2026\u201dEn \u00c7ok Sevdi\u011fin \u00dczer\u2019de Mehmet Erkan bizleri hayal ile ger\u00e7e\u011fin, a\u015fk ile delili\u011fin, hayat<span class=\"excerpt-hellip\"> [\u2026]<\/span><\/p>\n","protected":false},"featured_media":0,"template":"","meta":{"_monsterinsights_skip_tracking":false,"_monsterinsights_sitenote_active":false,"_monsterinsights_sitenote_note":"","_monsterinsights_sitenote_category":0},"product_brand":[],"product_cat":[12291,12711],"product_tag":[],"class_list":{"0":"post-771718","1":"product","2":"type-product","3":"status-publish","5":"product_cat-edebiyat","6":"product_cat-roman-oyku","7":"pa_cilt-ciltsiz","8":"pa_tur-kitap","9":"pa_yayinevi-yediveren-yayinlari","10":"pa_yazar-mehmet-erkan","12":"first","13":"instock","14":"sale","15":"shipping-taxable","16":"purchasable","17":"product-type-simple"},"_links":{"self":[{"href":"https:\/\/roveyayinevi.com.tr\/index.php\/wp-json\/wp\/v2\/product\/771718","targetHints":{"allow":["GET"]}}],"collection":[{"href":"https:\/\/roveyayinevi.com.tr\/index.php\/wp-json\/wp\/v2\/product"}],"about":[{"href":"https:\/\/roveyayinevi.com.tr\/index.php\/wp-json\/wp\/v2\/types\/product"}],"wp:attachment":[{"href":"https:\/\/roveyayinevi.com.tr\/index.php\/wp-json\/wp\/v2\/media?parent=771718"}],"wp:term":[{"taxonomy":"product_brand","embeddable":true,"href":"https:\/\/roveyayinevi.com.tr\/index.php\/wp-json\/wp\/v2\/product_brand?post=771718"},{"taxonomy":"product_cat","embeddable":true,"href":"https:\/\/roveyayinevi.com.tr\/index.php\/wp-json\/wp\/v2\/product_cat?post=771718"},{"taxonomy":"product_tag","embeddable":true,"href":"https:\/\/roveyayinevi.com.tr\/index.php\/wp-json\/wp\/v2\/product_tag?post=771718"}],"curies":[{"name":"wp","href":"https:\/\/api.w.org\/{rel}","templated":true}]}}