{"id":771716,"date":"2025-08-28T15:15:49","date_gmt":"2025-08-28T12:15:49","guid":{"rendered":"https:\/\/roveyayinevi.com.tr\/index.php\/urun\/tembel-dahinin-el-kitabi\/"},"modified":"2026-04-15T03:38:13","modified_gmt":"2026-04-15T00:38:13","slug":"tembel-dahinin-el-kitabi","status":"publish","type":"product","link":"https:\/\/roveyayinevi.com.tr\/index.php\/urun\/tembel-dahinin-el-kitabi\/","title":{"rendered":"Tembel Dahinin El Kitab\u0131"},"content":{"rendered":"<p>Bir tembel d\u00e2hi olmak, daha fazla ya da daha az \u015fey yapmak de\u011fildir; \u00f6nemli olan \u015feyi yapmakt\u0131r.Ne yapman\u0131z gerekti\u011fini s\u00f6yleyen ne \u00e7ok ses var, de\u011fil mi?  An\u0131 ya\u015famal\u0131s\u0131n\u0131z, b\u00fcy\u00fck hayaller kurmal\u0131s\u0131n\u0131z, her \u015feye sahip olmal\u0131s\u0131n\u0131z, g\u00fcne\u015f do\u011fmadan uyanmal\u0131s\u0131n\u0131z, i\u00e7ti\u011finiz su miktar\u0131n\u0131 takip etmelisiniz, s\u0131k s\u0131k d\u0131\u015far\u0131 \u00e7\u0131kmal\u0131s\u0131n\u0131z ve her \u015feyde en iyi olmal\u0131s\u0131n\u0131z&#8230; Belki de di\u011fer insanlar\u0131n ne dedi\u011fini umursamamal\u0131, g\u00fcnlerinizi kuru \u015fampuanla ge\u00e7irmeli, veli toplant\u0131lar\u0131n\u0131 o kadar da umursamayan bir anne olmal\u0131, da\u011f\u0131n\u0131k bir evde ya\u015famal\u0131 ya da da\u011f\u0131n\u0131kl\u0131\u011f\u0131n\u0131 bir onur ni\u015fanesi gibi gururla kabul etmelisiniz.Tembel D\u00e2hi hareketinin yarat\u0131c\u0131s\u0131 Kendra Adachi sizi, kendi tan\u0131m\u0131n\u0131za g\u00f6re iyi bir ya\u015fam s\u00fcrmeye davet ediyor ve sizin i\u00e7in \u00f6nemli olan \u015feylerde bir d\u00e2hi gibi hareket etmenizi, \u00f6nemsiz olan \u015feylerde ise tembellik etmenizi istiyor. Bu kitap sayesinde ili\u015fkilerinize, i\u015finize ve birikmi\u015f postalar\u0131n\u0131za kar\u015f\u0131 daha iyi bir yakla\u015f\u0131m olabilece\u011fini ke\u015ffedeceksiniz. Ba\u015fkalar\u0131n\u0131n fikirlerinden ba\u011f\u0131ms\u0131z bir \u015fekilde kendiniz olmay\u0131 \u00f6\u011freneceksiniz. \u00d6nemli olana odaklan\u0131p geri kalan\u0131 ikinci plana atarak tekrar kendiniz gibi hissedeceksiniz.<\/p>\n","protected":false},"excerpt":{"rendered":"<p>Bir tembel d\u00e2hi olmak, daha fazla ya da daha az \u015fey yapmak de\u011fildir; \u00f6nemli olan \u015feyi yapmakt\u0131r.Ne yapman\u0131z gerekti\u011fini s\u00f6yleyen ne \u00e7ok ses var, de\u011fil mi?<span class=\"excerpt-hellip\"> [\u2026]<\/span><\/p>\n","protected":false},"featured_media":0,"template":"","meta":{"_monsterinsights_skip_tracking":false,"_monsterinsights_sitenote_active":false,"_monsterinsights_sitenote_note":"","_monsterinsights_sitenote_category":0},"product_brand":[],"product_cat":[12364,12376],"product_tag":[],"class_list":{"0":"post-771716","1":"product","2":"type-product","3":"status-publish","5":"product_cat-genel-konular","6":"product_cat-kisisel-gelisim","7":"pa_cilt-ciltsiz","8":"pa_tur-kitap","9":"pa_yayinevi-yediveren-yayinlari","10":"pa_yazar-kendra-adachi","12":"first","13":"instock","14":"sale","15":"shipping-taxable","16":"purchasable","17":"product-type-simple"},"_links":{"self":[{"href":"https:\/\/roveyayinevi.com.tr\/index.php\/wp-json\/wp\/v2\/product\/771716","targetHints":{"allow":["GET"]}}],"collection":[{"href":"https:\/\/roveyayinevi.com.tr\/index.php\/wp-json\/wp\/v2\/product"}],"about":[{"href":"https:\/\/roveyayinevi.com.tr\/index.php\/wp-json\/wp\/v2\/types\/product"}],"wp:attachment":[{"href":"https:\/\/roveyayinevi.com.tr\/index.php\/wp-json\/wp\/v2\/media?parent=771716"}],"wp:term":[{"taxonomy":"product_brand","embeddable":true,"href":"https:\/\/roveyayinevi.com.tr\/index.php\/wp-json\/wp\/v2\/product_brand?post=771716"},{"taxonomy":"product_cat","embeddable":true,"href":"https:\/\/roveyayinevi.com.tr\/index.php\/wp-json\/wp\/v2\/product_cat?post=771716"},{"taxonomy":"product_tag","embeddable":true,"href":"https:\/\/roveyayinevi.com.tr\/index.php\/wp-json\/wp\/v2\/product_tag?post=771716"}],"curies":[{"name":"wp","href":"https:\/\/api.w.org\/{rel}","templated":true}]}}