{"id":771711,"date":"2025-08-28T15:15:40","date_gmt":"2025-08-28T12:15:40","guid":{"rendered":"https:\/\/roveyayinevi.com.tr\/index.php\/urun\/60-dakikada-guclu-ikna\/"},"modified":"2026-04-15T03:38:13","modified_gmt":"2026-04-15T00:38:13","slug":"60-dakikada-guclu-ikna","status":"publish","type":"product","link":"https:\/\/roveyayinevi.com.tr\/index.php\/urun\/60-dakikada-guclu-ikna\/","title":{"rendered":"60 Dakikada G\u00fc\u00e7l\u00fc \u0130kna"},"content":{"rendered":"<p>Sadece 60 dakikan\u0131z\u0131 ay\u0131rarak ikna sanat\u0131n\u0131n temel prensiplerini \u00f6\u011frenecek, her ortamda etkili veg\u00fcvenilir bir \u015fekilde nas\u0131l ikna edebilece\u011finizi ke\u015ffedeceksiniz. \u0130ster i\u015f d\u00fcnyas\u0131nda ister sosyalili\u015fkilerinizde ister g\u00fcnl\u00fck ya\u015fam\u0131n\u0131zda, ikna becerilerinizi en \u00fcst d\u00fczeye \u00e7\u0131karman\u0131n yollar\u0131n\u0131 bu kitapta bulacaks\u0131n\u0131z.<\/p>\n","protected":false},"excerpt":{"rendered":"<p>Sadece 60 dakikan\u0131z\u0131 ay\u0131rarak ikna sanat\u0131n\u0131n temel prensiplerini \u00f6\u011frenecek, her ortamda etkili veg\u00fcvenilir bir \u015fekilde nas\u0131l ikna edebilece\u011finizi ke\u015ffedeceksiniz. \u0130ster i\u015f d\u00fcnyas\u0131nda ister sosyalili\u015fkilerinizde ister g\u00fcnl\u00fck<span class=\"excerpt-hellip\"> [\u2026]<\/span><\/p>\n","protected":false},"featured_media":0,"template":"","meta":{"_monsterinsights_skip_tracking":false,"_monsterinsights_sitenote_active":false,"_monsterinsights_sitenote_note":"","_monsterinsights_sitenote_category":0},"product_brand":[],"product_cat":[12364,12376],"product_tag":[],"class_list":{"0":"post-771711","1":"product","2":"type-product","3":"status-publish","5":"product_cat-genel-konular","6":"product_cat-kisisel-gelisim","7":"pa_cilt-ciltsiz","8":"pa_tur-kitap","9":"pa_yayinevi-yediveren-yayinlari","10":"pa_yazar-kolektif","12":"first","13":"instock","14":"sale","15":"shipping-taxable","16":"purchasable","17":"product-type-simple"},"_links":{"self":[{"href":"https:\/\/roveyayinevi.com.tr\/index.php\/wp-json\/wp\/v2\/product\/771711","targetHints":{"allow":["GET"]}}],"collection":[{"href":"https:\/\/roveyayinevi.com.tr\/index.php\/wp-json\/wp\/v2\/product"}],"about":[{"href":"https:\/\/roveyayinevi.com.tr\/index.php\/wp-json\/wp\/v2\/types\/product"}],"wp:attachment":[{"href":"https:\/\/roveyayinevi.com.tr\/index.php\/wp-json\/wp\/v2\/media?parent=771711"}],"wp:term":[{"taxonomy":"product_brand","embeddable":true,"href":"https:\/\/roveyayinevi.com.tr\/index.php\/wp-json\/wp\/v2\/product_brand?post=771711"},{"taxonomy":"product_cat","embeddable":true,"href":"https:\/\/roveyayinevi.com.tr\/index.php\/wp-json\/wp\/v2\/product_cat?post=771711"},{"taxonomy":"product_tag","embeddable":true,"href":"https:\/\/roveyayinevi.com.tr\/index.php\/wp-json\/wp\/v2\/product_tag?post=771711"}],"curies":[{"name":"wp","href":"https:\/\/api.w.org\/{rel}","templated":true}]}}