{"id":771709,"date":"2025-08-28T15:15:37","date_gmt":"2025-08-28T12:15:37","guid":{"rendered":"https:\/\/roveyayinevi.com.tr\/index.php\/urun\/ask-ve-iliskilere-dair-tilsimli-cevaplar\/"},"modified":"2026-04-15T03:38:13","modified_gmt":"2026-04-15T00:38:13","slug":"ask-ve-iliskilere-dair-tilsimli-cevaplar","status":"publish","type":"product","link":"https:\/\/roveyayinevi.com.tr\/index.php\/urun\/ask-ve-iliskilere-dair-tilsimli-cevaplar\/","title":{"rendered":"A\u015fk Ve \u0130li\u015fkilere Dair T\u0131ls\u0131ml\u0131 Cevaplar"},"content":{"rendered":"<p>\u2022    Bu ili\u015fki de kalmal\u0131 m\u0131y\u0131m? \u2022    Ayr\u0131l\u0131k karar\u0131m do\u011fru mu? \u2022    Dolunay\u0131n bana vermek istedi\u011fi mesaj nedir? \u2022    Eks geri d\u00f6necek mi? \u2022    Akl\u0131mdaki ki\u015fi neler d\u00fc\u015f\u00fcn\u00fcyor? \u2022    Yeni bir ili\u015fki var m\u0131?Bu tarz sorular ve yine \u00f6\u011frenmek istedi\u011fin bir\u00e7ok sorunun cevab\u0131n\u0131 kitapta bulabilirsin. \u00d6ncelikle sakin ve sessiz bir ortamda derin nefesler al ve ver; sonra g\u00f6zlerini kapat ve soruna odaklan. Kitab\u0131n\u0131 kalbinle hizala ve bir sayfa a\u00e7, a\u00e7\u0131lan sayfa sorunla alakal\u0131 sana verilmek istenen mesaj\u0131 verecektir, mesajlar\u0131 iyi oku ve iyi de\u011ferlendir.<\/p>\n","protected":false},"excerpt":{"rendered":"<p>\u2022 Bu ili\u015fki de kalmal\u0131 m\u0131y\u0131m? \u2022 Ayr\u0131l\u0131k karar\u0131m do\u011fru mu? \u2022 Dolunay\u0131n bana vermek istedi\u011fi mesaj nedir? \u2022 Eks geri d\u00f6necek mi? \u2022 Akl\u0131mdaki ki\u015fi<span class=\"excerpt-hellip\"> [\u2026]<\/span><\/p>\n","protected":false},"featured_media":0,"template":"","meta":{"_monsterinsights_skip_tracking":false,"_monsterinsights_sitenote_active":false,"_monsterinsights_sitenote_note":"","_monsterinsights_sitenote_category":0},"product_brand":[],"product_cat":[18082,15563],"product_tag":[],"class_list":{"0":"post-771709","1":"product","2":"type-product","3":"status-publish","5":"product_cat-astroloji-fal-ruya","6":"product_cat-hobi","7":"pa_cilt-ciltsiz","8":"pa_tur-kitap","9":"pa_yayinevi-yediveren-yayinlari","10":"pa_yazar-sezen-tatli","12":"first","13":"instock","14":"sale","15":"shipping-taxable","16":"purchasable","17":"product-type-simple"},"_links":{"self":[{"href":"https:\/\/roveyayinevi.com.tr\/index.php\/wp-json\/wp\/v2\/product\/771709","targetHints":{"allow":["GET"]}}],"collection":[{"href":"https:\/\/roveyayinevi.com.tr\/index.php\/wp-json\/wp\/v2\/product"}],"about":[{"href":"https:\/\/roveyayinevi.com.tr\/index.php\/wp-json\/wp\/v2\/types\/product"}],"wp:attachment":[{"href":"https:\/\/roveyayinevi.com.tr\/index.php\/wp-json\/wp\/v2\/media?parent=771709"}],"wp:term":[{"taxonomy":"product_brand","embeddable":true,"href":"https:\/\/roveyayinevi.com.tr\/index.php\/wp-json\/wp\/v2\/product_brand?post=771709"},{"taxonomy":"product_cat","embeddable":true,"href":"https:\/\/roveyayinevi.com.tr\/index.php\/wp-json\/wp\/v2\/product_cat?post=771709"},{"taxonomy":"product_tag","embeddable":true,"href":"https:\/\/roveyayinevi.com.tr\/index.php\/wp-json\/wp\/v2\/product_tag?post=771709"}],"curies":[{"name":"wp","href":"https:\/\/api.w.org\/{rel}","templated":true}]}}