{"id":771707,"date":"2025-08-28T15:15:33","date_gmt":"2025-08-28T12:15:33","guid":{"rendered":"https:\/\/roveyayinevi.com.tr\/index.php\/urun\/gemilerle-edebiyata-yolculuk\/"},"modified":"2026-04-15T03:38:13","modified_gmt":"2026-04-15T00:38:13","slug":"gemilerle-edebiyata-yolculuk","status":"publish","type":"product","link":"https:\/\/roveyayinevi.com.tr\/index.php\/urun\/gemilerle-edebiyata-yolculuk\/","title":{"rendered":"Gemilerle Edebiyata Yolculuk"},"content":{"rendered":"<p>Nuh\u2019un Gemisi\u2019nden \u201cAt\u0131lgan\u201da, \u201cSarho\u015f Gemi\u201dden \u201cTiamat\u201da!   Romanlar\u0131 ve anlat\u0131 metinleriyle oldu\u011fu kadar, g\u00f6stergebilim, dilbilim ve edebiyat kuramlar\u0131 alan\u0131ndaki \u00e7al\u0131\u015fmalar\u0131yla da tan\u0131nan Fatma Erkman Akerson, bazen g\u00fcvenli bir ev, bazen de tekinsiz bir yok-yer say\u0131labilecek gemilerin edebiyat evrenindeki ser\u00fcvenine \u0131\u015f\u0131k tutuyor: Gemilerle Edebiyata Yolculuk, ilk\u00e7a\u011flardan g\u00fcn\u00fcm\u00fcze, d\u00fcmen d\u00fc\u015f\u00fcncesinin k\u00f6keninden uzay mekiklerine, romanlardan \u015fark\u0131lara ve \u015fiirlere, Homeros\u2019tan Eco\u2019ya uzanan d\u00fczlemde s\u0131rad\u0131\u015f\u0131 yorumlar sunarken, uygarl\u0131k tarihi boyunca anlam\u0131 de\u011fi\u015fen seyahat, yolculuk, gezi, sefer gibi kavramlar\u0131n evrimine de e\u011filiyor. <\/p>\n","protected":false},"excerpt":{"rendered":"<p>Nuh\u2019un Gemisi\u2019nden \u201cAt\u0131lgan\u201da, \u201cSarho\u015f Gemi\u201dden \u201cTiamat\u201da! Romanlar\u0131 ve anlat\u0131 metinleriyle oldu\u011fu kadar, g\u00f6stergebilim, dilbilim ve edebiyat kuramlar\u0131 alan\u0131ndaki \u00e7al\u0131\u015fmalar\u0131yla da tan\u0131nan Fatma Erkman Akerson, bazen g\u00fcvenli<span class=\"excerpt-hellip\"> [\u2026]<\/span><\/p>\n","protected":false},"featured_media":0,"template":"","meta":{"_monsterinsights_skip_tracking":false,"_monsterinsights_sitenote_active":false,"_monsterinsights_sitenote_note":"","_monsterinsights_sitenote_category":0},"product_brand":[],"product_cat":[13072,12291],"product_tag":[],"class_list":{"0":"post-771707","1":"product","2":"type-product","3":"status-publish","5":"product_cat-arastirma-inceleme-referans","6":"product_cat-edebiyat","7":"pa_cilt-ciltsiz","8":"pa_tur-kitap","9":"pa_yayinevi-ithaki-yayinlari","10":"pa_yazar-fatma-erkman-akerson","12":"first","13":"instock","14":"sale","15":"shipping-taxable","16":"purchasable","17":"product-type-simple"},"_links":{"self":[{"href":"https:\/\/roveyayinevi.com.tr\/index.php\/wp-json\/wp\/v2\/product\/771707","targetHints":{"allow":["GET"]}}],"collection":[{"href":"https:\/\/roveyayinevi.com.tr\/index.php\/wp-json\/wp\/v2\/product"}],"about":[{"href":"https:\/\/roveyayinevi.com.tr\/index.php\/wp-json\/wp\/v2\/types\/product"}],"wp:attachment":[{"href":"https:\/\/roveyayinevi.com.tr\/index.php\/wp-json\/wp\/v2\/media?parent=771707"}],"wp:term":[{"taxonomy":"product_brand","embeddable":true,"href":"https:\/\/roveyayinevi.com.tr\/index.php\/wp-json\/wp\/v2\/product_brand?post=771707"},{"taxonomy":"product_cat","embeddable":true,"href":"https:\/\/roveyayinevi.com.tr\/index.php\/wp-json\/wp\/v2\/product_cat?post=771707"},{"taxonomy":"product_tag","embeddable":true,"href":"https:\/\/roveyayinevi.com.tr\/index.php\/wp-json\/wp\/v2\/product_tag?post=771707"}],"curies":[{"name":"wp","href":"https:\/\/api.w.org\/{rel}","templated":true}]}}