{"id":771706,"date":"2025-08-28T15:15:31","date_gmt":"2025-08-28T12:15:31","guid":{"rendered":"https:\/\/roveyayinevi.com.tr\/index.php\/urun\/yeni-nesil-pazarlama\/"},"modified":"2026-04-15T03:38:12","modified_gmt":"2026-04-15T00:38:12","slug":"yeni-nesil-pazarlama","status":"publish","type":"product","link":"https:\/\/roveyayinevi.com.tr\/index.php\/urun\/yeni-nesil-pazarlama\/","title":{"rendered":"Yeni Nesil Pazarlama"},"content":{"rendered":"<p>\u0130\u015fletmeler ya\u015famlar\u0131n\u0131 s\u00fcrd\u00fcrebilmek i\u00e7in de\u011fi\u015fim ve yeniliklere ayak uydurmak zorundad\u0131rlar. Her g\u00fcn yeni \u00e7\u0131kan kavramlar ve trendler i\u015fletmeleri h\u0131zl\u0131 bir de\u011fi\u015fime s\u00fcr\u00fcklemektedir. \u0130\u015fletmeler i\u00e7in de\u011fi\u015fen ve geli\u015fen kavramlar\u0131n ba\u015f\u0131nda pazarlama gelmektedir. Ge\u00e7ti\u011fimiz y\u0131llarda pazarlama daha \u00e7ok i\u015fletmelerin odaklanmas\u0131 gereken bir kavramken, internetin yayg\u0131nla\u015fmas\u0131 ve medya ara\u00e7lar\u0131n\u0131n \u00e7e\u015fitlenmesiyle g\u00fcn\u00fcm\u00fczde bireylerinde \u00fcst\u00fcne d\u00fc\u015f\u00fcnmesi gereken bir kavram haline gelmi\u015ftir. G\u00fcncel ileti\u015fim teknolojilerinin ve tekniklerinin \u00fcst d\u00fczeyde kullan\u0131ld\u0131\u011f\u0131 \u201cyeni nesil pazarlama\u201d hem bireylerin hem de i\u015fletmelerin can damar\u0131 niteli\u011findedir.<\/p>\n","protected":false},"excerpt":{"rendered":"<p>\u0130\u015fletmeler ya\u015famlar\u0131n\u0131 s\u00fcrd\u00fcrebilmek i\u00e7in de\u011fi\u015fim ve yeniliklere ayak uydurmak zorundad\u0131rlar. Her g\u00fcn yeni \u00e7\u0131kan kavramlar ve trendler i\u015fletmeleri h\u0131zl\u0131 bir de\u011fi\u015fime s\u00fcr\u00fcklemektedir. \u0130\u015fletmeler i\u00e7in de\u011fi\u015fen ve<span class=\"excerpt-hellip\"> [\u2026]<\/span><\/p>\n","protected":false},"featured_media":0,"template":"","meta":{"_monsterinsights_skip_tracking":false,"_monsterinsights_sitenote_active":false,"_monsterinsights_sitenote_note":"","_monsterinsights_sitenote_category":0},"product_brand":[],"product_cat":[14841,13043],"product_tag":[],"class_list":{"0":"post-771706","1":"product","2":"type-product","3":"status-publish","5":"product_cat-arastirma-inceleme-kuram","6":"product_cat-ekonomi","7":"pa_cilt-ciltsiz","8":"pa_tur-kitap","9":"pa_yayinevi-eftalya-kitap","10":"pa_yazar-guney-yildiz","12":"first","13":"instock","14":"sale","15":"shipping-taxable","16":"purchasable","17":"product-type-simple"},"_links":{"self":[{"href":"https:\/\/roveyayinevi.com.tr\/index.php\/wp-json\/wp\/v2\/product\/771706","targetHints":{"allow":["GET"]}}],"collection":[{"href":"https:\/\/roveyayinevi.com.tr\/index.php\/wp-json\/wp\/v2\/product"}],"about":[{"href":"https:\/\/roveyayinevi.com.tr\/index.php\/wp-json\/wp\/v2\/types\/product"}],"wp:attachment":[{"href":"https:\/\/roveyayinevi.com.tr\/index.php\/wp-json\/wp\/v2\/media?parent=771706"}],"wp:term":[{"taxonomy":"product_brand","embeddable":true,"href":"https:\/\/roveyayinevi.com.tr\/index.php\/wp-json\/wp\/v2\/product_brand?post=771706"},{"taxonomy":"product_cat","embeddable":true,"href":"https:\/\/roveyayinevi.com.tr\/index.php\/wp-json\/wp\/v2\/product_cat?post=771706"},{"taxonomy":"product_tag","embeddable":true,"href":"https:\/\/roveyayinevi.com.tr\/index.php\/wp-json\/wp\/v2\/product_tag?post=771706"}],"curies":[{"name":"wp","href":"https:\/\/api.w.org\/{rel}","templated":true}]}}