{"id":771701,"date":"2025-08-28T15:15:24","date_gmt":"2025-08-28T12:15:24","guid":{"rendered":"https:\/\/roveyayinevi.com.tr\/index.php\/urun\/yeni-dini-hareketler-ve-opus-dei\/"},"modified":"2026-04-15T03:38:12","modified_gmt":"2026-04-15T00:38:12","slug":"yeni-dini-hareketler-ve-opus-dei","status":"publish","type":"product","link":"https:\/\/roveyayinevi.com.tr\/index.php\/urun\/yeni-dini-hareketler-ve-opus-dei\/","title":{"rendered":"Yeni Dini Hareketler ve Opus Dei"},"content":{"rendered":"<p>Yeni din\u00ee hareketler; 1900&#8217;l\u00fc y\u0131llar\u0131n ba\u015f\u0131nda ortaya \u00e7\u0131kmaya ba\u015flayan, 1970&#8217;li y\u0131llarda \u00f6nem kazanan ve 1980&#8217;lerde dura\u011fanla\u015fan, ancak son y\u0131llarda ileti\u015fim teknolojilerinin ve sosyal medyan\u0131n geli\u015fmesiyle tekrar y\u00fckselen maneviyat aray\u0131\u015flar\u0131n\u0131 ifade etmek i\u00e7in sosyal bilimciler taraf\u0131ndan kullan\u0131lan bir kavramd\u0131r.Ba\u015flarda kabul g\u00f6rm\u00fc\u015f din\u00ee inan\u0131\u015flar\u0131n bir par\u00e7as\u0131 gibi davranan bu hareketler, zamanla ayr\u0131\u015farak ba\u015fl\u0131 ba\u015f\u0131na bir inan\u00e7 sistemine d\u00f6n\u00fc\u015fmeye ba\u015flam\u0131\u015flard\u0131r. Tart\u0131\u015fmas\u0131z bu hareketlerden birisi Katolik bir tarikat olan Opus Dei&#8217;dir. Latince Tanr\u0131&#8217;n\u0131n \u0130\u015fi anlam\u0131na gelen Opus Dei ismini kullanan bu tarikat, yakla\u015f\u0131k 3 milyar dolarl\u0131k bir serveti, 600 medya arac\u0131n\u0131, 15 \u00fcniversiteyi, 97 teknik okulu ve 36 ilk\u00f6\u011fretim okulunu y\u00f6netmektedir. Onlarca y\u0131ld\u0131r yeti\u015ftirdi\u011fi m\u00fcritlerle i\u015f d\u00fcnyas\u0131nda ve siyasette d\u00fcnya d\u00fczenine etki edebilecek kadar g\u00fc\u00e7l\u00fc bir konuma gelmi\u015ftir.Bu kitap yeni din\u00ee hareketlere genel bir bak\u0131\u015f a\u00e7\u0131s\u0131 sunmakla birlikte Opus Dei tarikat\u0131n\u0131n s\u0131rlar\u0131n\u0131 ve g\u00fc\u00e7lerini g\u00f6zler \u00f6n\u00fcne sermektedir.<\/p>\n","protected":false},"excerpt":{"rendered":"<p>Yeni din\u00ee hareketler; 1900&#8217;l\u00fc y\u0131llar\u0131n ba\u015f\u0131nda ortaya \u00e7\u0131kmaya ba\u015flayan, 1970&#8217;li y\u0131llarda \u00f6nem kazanan ve 1980&#8217;lerde dura\u011fanla\u015fan, ancak son y\u0131llarda ileti\u015fim teknolojilerinin ve sosyal medyan\u0131n geli\u015fmesiyle tekrar<span class=\"excerpt-hellip\"> [\u2026]<\/span><\/p>\n","protected":false},"featured_media":0,"template":"","meta":{"_monsterinsights_skip_tracking":false,"_monsterinsights_sitenote_active":false,"_monsterinsights_sitenote_note":"","_monsterinsights_sitenote_category":0},"product_brand":[],"product_cat":[12718,12858],"product_tag":[],"class_list":{"0":"post-771701","1":"product","2":"type-product","3":"status-publish","5":"product_cat-din","6":"product_cat-mitolojiler","7":"pa_cilt-ciltsiz","8":"pa_tur-kitap","9":"pa_yayinevi-eftalya-kitap","10":"pa_yazar-ali-serdar-demirci","12":"first","13":"instock","14":"sale","15":"shipping-taxable","16":"purchasable","17":"product-type-simple"},"_links":{"self":[{"href":"https:\/\/roveyayinevi.com.tr\/index.php\/wp-json\/wp\/v2\/product\/771701","targetHints":{"allow":["GET"]}}],"collection":[{"href":"https:\/\/roveyayinevi.com.tr\/index.php\/wp-json\/wp\/v2\/product"}],"about":[{"href":"https:\/\/roveyayinevi.com.tr\/index.php\/wp-json\/wp\/v2\/types\/product"}],"wp:attachment":[{"href":"https:\/\/roveyayinevi.com.tr\/index.php\/wp-json\/wp\/v2\/media?parent=771701"}],"wp:term":[{"taxonomy":"product_brand","embeddable":true,"href":"https:\/\/roveyayinevi.com.tr\/index.php\/wp-json\/wp\/v2\/product_brand?post=771701"},{"taxonomy":"product_cat","embeddable":true,"href":"https:\/\/roveyayinevi.com.tr\/index.php\/wp-json\/wp\/v2\/product_cat?post=771701"},{"taxonomy":"product_tag","embeddable":true,"href":"https:\/\/roveyayinevi.com.tr\/index.php\/wp-json\/wp\/v2\/product_tag?post=771701"}],"curies":[{"name":"wp","href":"https:\/\/api.w.org\/{rel}","templated":true}]}}