{"id":771700,"date":"2025-08-28T15:15:21","date_gmt":"2025-08-28T12:15:21","guid":{"rendered":"https:\/\/roveyayinevi.com.tr\/index.php\/urun\/kelebek-omru-kadar-ask\/"},"modified":"2026-04-15T03:38:12","modified_gmt":"2026-04-15T00:38:12","slug":"kelebek-omru-kadar-ask","status":"publish","type":"product","link":"https:\/\/roveyayinevi.com.tr\/index.php\/urun\/kelebek-omru-kadar-ask\/","title":{"rendered":"Kelebek \u00d6mr\u00fc Kadar A\u015fk"},"content":{"rendered":"<p>Bitti\u011fini sand\u0131\u011f\u0131m\u0131z anda ba\u015flar bazen hayat.Yorgunluklar\u0131m\u0131z bizi olgunla\u015ft\u0131ran yeg\u00e2ne hediyedir.Her ac\u0131n\u0131n bir kazan\u00e7 oldu\u011funu bilerek ya\u015famak gerekir.Son bazen son de\u011fildir.Sevgiye doymu\u015f k\u0131z \u00e7ocuklar\u0131 babalar\u0131 gibi adamlarla evlenmek isterler, doymayanlar ise onlar\u0131n eksik b\u0131rakt\u0131klar\u0131n\u0131 tamamlad\u0131\u011f\u0131n\u0131 d\u00fc\u015f\u00fcnd\u00fc\u011f\u00fc adamlarla. Alev babas\u0131 onlar\u0131 terk ettikten sonra annesi ile kurduklar\u0131 hayatta bug\u00fcn\u00fc ve gelece\u011fi aras\u0131na s\u0131k\u0131\u015f\u0131p kalm\u0131\u015f bir kad\u0131nd\u0131. \u0130lk defa tan\u0131d\u0131\u011f\u0131 duygular\u0131 ya\u015farken fazlas\u0131yla \u015fa\u015fk\u0131nd\u0131 ve vermesi gereken kararlar, kendinden \u00f6nce d\u00fc\u015f\u00fcnmesi gereken insanlar vard\u0131. Ancak hayat onu \u00f6yle bir noktaya getirecekti ki, onunla birlikte herkesin hayat\u0131 da yeniden \u015fekillenecek, hepsinin gelece\u011fi birbirine kar\u0131\u015facakt\u0131.<\/p>\n","protected":false},"excerpt":{"rendered":"<p>Bitti\u011fini sand\u0131\u011f\u0131m\u0131z anda ba\u015flar bazen hayat.Yorgunluklar\u0131m\u0131z bizi olgunla\u015ft\u0131ran yeg\u00e2ne hediyedir.Her ac\u0131n\u0131n bir kazan\u00e7 oldu\u011funu bilerek ya\u015famak gerekir.Son bazen son de\u011fildir.Sevgiye doymu\u015f k\u0131z \u00e7ocuklar\u0131 babalar\u0131 gibi adamlarla<span class=\"excerpt-hellip\"> [\u2026]<\/span><\/p>\n","protected":false},"featured_media":0,"template":"","meta":{"_monsterinsights_skip_tracking":false,"_monsterinsights_sitenote_active":false,"_monsterinsights_sitenote_note":"","_monsterinsights_sitenote_category":0},"product_brand":[],"product_cat":[12291,12711],"product_tag":[],"class_list":{"0":"post-771700","1":"product","2":"type-product","3":"status-publish","5":"product_cat-edebiyat","6":"product_cat-roman-oyku","7":"pa_cilt-ciltsiz","8":"pa_tur-kitap","9":"pa_yayinevi-yediveren-yayinlari","10":"pa_yazar-c-firat-izgi","12":"first","13":"instock","14":"sale","15":"shipping-taxable","16":"purchasable","17":"product-type-simple"},"_links":{"self":[{"href":"https:\/\/roveyayinevi.com.tr\/index.php\/wp-json\/wp\/v2\/product\/771700","targetHints":{"allow":["GET"]}}],"collection":[{"href":"https:\/\/roveyayinevi.com.tr\/index.php\/wp-json\/wp\/v2\/product"}],"about":[{"href":"https:\/\/roveyayinevi.com.tr\/index.php\/wp-json\/wp\/v2\/types\/product"}],"wp:attachment":[{"href":"https:\/\/roveyayinevi.com.tr\/index.php\/wp-json\/wp\/v2\/media?parent=771700"}],"wp:term":[{"taxonomy":"product_brand","embeddable":true,"href":"https:\/\/roveyayinevi.com.tr\/index.php\/wp-json\/wp\/v2\/product_brand?post=771700"},{"taxonomy":"product_cat","embeddable":true,"href":"https:\/\/roveyayinevi.com.tr\/index.php\/wp-json\/wp\/v2\/product_cat?post=771700"},{"taxonomy":"product_tag","embeddable":true,"href":"https:\/\/roveyayinevi.com.tr\/index.php\/wp-json\/wp\/v2\/product_tag?post=771700"}],"curies":[{"name":"wp","href":"https:\/\/api.w.org\/{rel}","templated":true}]}}