{"id":771699,"date":"2025-08-28T15:15:20","date_gmt":"2025-08-28T12:15:20","guid":{"rendered":"https:\/\/roveyayinevi.com.tr\/index.php\/urun\/inovatif-ve-uretken-cocuklar-yetistirmek\/"},"modified":"2026-04-15T03:38:12","modified_gmt":"2026-04-15T00:38:12","slug":"inovatif-ve-uretken-cocuklar-yetistirmek","status":"publish","type":"product","link":"https:\/\/roveyayinevi.com.tr\/index.php\/urun\/inovatif-ve-uretken-cocuklar-yetistirmek\/","title":{"rendered":"\u0130novatif Ve \u00dcretken \u00c7ocuklar Yeti\u015ftirmek"},"content":{"rendered":"<p>Ba\u015far\u0131, sadece s\u0131nav notlar\u0131 ve akademik ba\u015far\u0131yla \u00f6l\u00e7\u00fclemez. Gelece\u011fin liderleri, problem \u00e7\u00f6zme becerileriyle, yarat\u0131c\u0131l\u0131klar\u0131yla ve yenilik\u00e7i d\u00fc\u015f\u00fcnceleriyle \u00f6ne \u00e7\u0131kacaklar. D\u00fcnya, hi\u00e7 olmad\u0131\u011f\u0131 kadar h\u0131zl\u0131 de\u011fi\u015fiyor ve gelecek t\u00fcm ihti\u015fam\u0131yla geliyor. Bu kitap, \u00e7ocuklar\u0131n i\u00e7lerindeki yarat\u0131c\u0131 ve \u00fcretken potansiyeli ortaya \u00e7\u0131karmak ve onlar\u0131 ilham verici birer lider h\u00e2line getirmek i\u00e7in gerekli stratejileri sunuyor. \u0130novasyon ve giri\u015fimcilik alan\u0131nda mentorluk, ko\u00e7luk ve e\u011fitmenlik yapan \u00c7i\u011fdem Sezer pratik ipu\u00e7lar\u0131 ve ger\u00e7ek ya\u015fam \u00f6rnekleriyle dolu bu kitapta, \u00e7ocuklar\u0131na yarat\u0131c\u0131 ve \u00fcretken bir d\u00fc\u015f\u00fcnme tarz\u0131 kazand\u0131rmak isteyen herkes i\u00e7in rehberlik ediyor.<\/p>\n","protected":false},"excerpt":{"rendered":"<p>Ba\u015far\u0131, sadece s\u0131nav notlar\u0131 ve akademik ba\u015far\u0131yla \u00f6l\u00e7\u00fclemez. Gelece\u011fin liderleri, problem \u00e7\u00f6zme becerileriyle, yarat\u0131c\u0131l\u0131klar\u0131yla ve yenilik\u00e7i d\u00fc\u015f\u00fcnceleriyle \u00f6ne \u00e7\u0131kacaklar. D\u00fcnya, hi\u00e7 olmad\u0131\u011f\u0131 kadar h\u0131zl\u0131 de\u011fi\u015fiyor ve<span class=\"excerpt-hellip\"> [\u2026]<\/span><\/p>\n","protected":false},"featured_media":0,"template":"","meta":{"_monsterinsights_skip_tracking":false,"_monsterinsights_sitenote_active":false,"_monsterinsights_sitenote_note":"","_monsterinsights_sitenote_category":0},"product_brand":[],"product_cat":[17996,12364],"product_tag":[],"class_list":{"0":"post-771699","1":"product","2":"type-product","3":"status-publish","5":"product_cat-ebeveyn-kitaplari","6":"product_cat-genel-konular","7":"pa_cilt-ciltsiz","8":"pa_tur-kitap","9":"pa_yayinevi-yediveren-yayinlari","10":"pa_yazar-cigdem-sezer","12":"first","13":"instock","14":"sale","15":"shipping-taxable","16":"purchasable","17":"product-type-simple"},"_links":{"self":[{"href":"https:\/\/roveyayinevi.com.tr\/index.php\/wp-json\/wp\/v2\/product\/771699","targetHints":{"allow":["GET"]}}],"collection":[{"href":"https:\/\/roveyayinevi.com.tr\/index.php\/wp-json\/wp\/v2\/product"}],"about":[{"href":"https:\/\/roveyayinevi.com.tr\/index.php\/wp-json\/wp\/v2\/types\/product"}],"wp:attachment":[{"href":"https:\/\/roveyayinevi.com.tr\/index.php\/wp-json\/wp\/v2\/media?parent=771699"}],"wp:term":[{"taxonomy":"product_brand","embeddable":true,"href":"https:\/\/roveyayinevi.com.tr\/index.php\/wp-json\/wp\/v2\/product_brand?post=771699"},{"taxonomy":"product_cat","embeddable":true,"href":"https:\/\/roveyayinevi.com.tr\/index.php\/wp-json\/wp\/v2\/product_cat?post=771699"},{"taxonomy":"product_tag","embeddable":true,"href":"https:\/\/roveyayinevi.com.tr\/index.php\/wp-json\/wp\/v2\/product_tag?post=771699"}],"curies":[{"name":"wp","href":"https:\/\/api.w.org\/{rel}","templated":true}]}}