{"id":771698,"date":"2025-08-28T15:15:18","date_gmt":"2025-08-28T12:15:18","guid":{"rendered":"https:\/\/roveyayinevi.com.tr\/index.php\/urun\/yerli-diyet\/"},"modified":"2026-04-15T03:38:12","modified_gmt":"2026-04-15T00:38:12","slug":"yerli-diyet","status":"publish","type":"product","link":"https:\/\/roveyayinevi.com.tr\/index.php\/urun\/yerli-diyet\/","title":{"rendered":"Yerli Diyet"},"content":{"rendered":"<p>Diyet yapan ki\u015filerin en b\u00fcy\u00fck sorunu, devaml\u0131l\u0131kt\u0131r. Pek \u00e7ok ki\u015finin ba\u015far\u0131l\u0131 diyet ser\u00fcvenleri olsa da diyeti \u201cb\u0131rak\u0131nca\u201d verilen kilolar geri al\u0131n\u0131r. Bu y\u00fczden \u00f6yle bir program haz\u0131rlayal\u0131m ki hi\u00e7 b\u0131rak\u0131lmas\u0131n, her zaman \u201cuygulanabilir ve s\u00fcrd\u00fcr\u00fclebilir\u201d olsun. Bunu yaparken de yurtd\u0131\u015f\u0131ndan ihra\u00e7 edilen de\u011fil, bize uygun bir model olsun istedik. Toplumumuza, k\u00fclt\u00fcr\u00fcm\u00fcze, ya\u015fant\u0131m\u0131za, tarihimize, inan\u00e7lar\u0131m\u0131za, g\u00fcnl\u00fck hayat\u0131m\u0131za, gelenek ve g\u00f6reneklerimize uygun bir diyet beklentisi vard\u0131. Bunun sonucunda, toplumun bir \u201cYerli Diyet\u201d talebi oldu\u011funu g\u00f6rd\u00fck<\/p>\n","protected":false},"excerpt":{"rendered":"<p>Diyet yapan ki\u015filerin en b\u00fcy\u00fck sorunu, devaml\u0131l\u0131kt\u0131r. Pek \u00e7ok ki\u015finin ba\u015far\u0131l\u0131 diyet ser\u00fcvenleri olsa da diyeti \u201cb\u0131rak\u0131nca\u201d verilen kilolar geri al\u0131n\u0131r. Bu y\u00fczden \u00f6yle bir program<span class=\"excerpt-hellip\"> [\u2026]<\/span><\/p>\n","protected":false},"featured_media":0,"template":"","meta":{"_monsterinsights_skip_tracking":false,"_monsterinsights_sitenote_active":false,"_monsterinsights_sitenote_note":"","_monsterinsights_sitenote_category":0},"product_brand":[],"product_cat":[13402,13365],"product_tag":[],"class_list":{"0":"post-771698","1":"product","2":"type-product","3":"status-publish","5":"product_cat-beslenme-ve-diyet","6":"product_cat-saglik","7":"pa_cilt-ciltsiz","8":"pa_tur-kitap","9":"pa_yayinevi-yediveren-yayinlari","10":"pa_yazar-mustafa-uye","12":"first","13":"instock","14":"sale","15":"shipping-taxable","16":"purchasable","17":"product-type-simple"},"_links":{"self":[{"href":"https:\/\/roveyayinevi.com.tr\/index.php\/wp-json\/wp\/v2\/product\/771698","targetHints":{"allow":["GET"]}}],"collection":[{"href":"https:\/\/roveyayinevi.com.tr\/index.php\/wp-json\/wp\/v2\/product"}],"about":[{"href":"https:\/\/roveyayinevi.com.tr\/index.php\/wp-json\/wp\/v2\/types\/product"}],"wp:attachment":[{"href":"https:\/\/roveyayinevi.com.tr\/index.php\/wp-json\/wp\/v2\/media?parent=771698"}],"wp:term":[{"taxonomy":"product_brand","embeddable":true,"href":"https:\/\/roveyayinevi.com.tr\/index.php\/wp-json\/wp\/v2\/product_brand?post=771698"},{"taxonomy":"product_cat","embeddable":true,"href":"https:\/\/roveyayinevi.com.tr\/index.php\/wp-json\/wp\/v2\/product_cat?post=771698"},{"taxonomy":"product_tag","embeddable":true,"href":"https:\/\/roveyayinevi.com.tr\/index.php\/wp-json\/wp\/v2\/product_tag?post=771698"}],"curies":[{"name":"wp","href":"https:\/\/api.w.org\/{rel}","templated":true}]}}