{"id":771694,"date":"2025-08-28T15:15:12","date_gmt":"2025-08-28T12:15:12","guid":{"rendered":"https:\/\/roveyayinevi.com.tr\/index.php\/urun\/hamilelik-bebek-bakimi-ve-sagligi\/"},"modified":"2026-04-15T03:38:12","modified_gmt":"2026-04-15T00:38:12","slug":"hamilelik-bebek-bakimi-ve-sagligi","status":"publish","type":"product","link":"https:\/\/roveyayinevi.com.tr\/index.php\/urun\/hamilelik-bebek-bakimi-ve-sagligi\/","title":{"rendered":"Hamilelik, Bebek Bak\u0131m\u0131 ve Sa\u011fl\u0131\u011f\u0131"},"content":{"rendered":"<p>Bebek sahibi olmak, hayattaki en g\u00fczel deneyimlerden biridir. Ancak bu deneyim, ayn\u0131 zamanda yeni sorumluluklar ve zorluklar da getirir. Bebe\u011finizin sa\u011fl\u0131kl\u0131 bir \u015fekilde b\u00fcy\u00fcmesi ve geli\u015fmesi i\u00e7in, do\u011fru bilgi ve beceriye sahip olman\u0131z gerekir. Gebeli\u011fin ilk aylar\u0131ndan ba\u015flay\u0131p, bebe\u011finizin iki ya\u015f\u0131na kadar olan bir\u00e7ok konu, g\u00fcncel bilimsel bilgiler \u0131\u015f\u0131\u011f\u0131nda ve uygulanabilir pratik tavsiyelerle haz\u0131rlanm\u0131\u015f bu kitap ba\u015fucu rehberiniz olacak.<\/p>\n","protected":false},"excerpt":{"rendered":"<p>Bebek sahibi olmak, hayattaki en g\u00fczel deneyimlerden biridir. Ancak bu deneyim, ayn\u0131 zamanda yeni sorumluluklar ve zorluklar da getirir. Bebe\u011finizin sa\u011fl\u0131kl\u0131 bir \u015fekilde b\u00fcy\u00fcmesi ve geli\u015fmesi<span class=\"excerpt-hellip\"> [\u2026]<\/span><\/p>\n","protected":false},"featured_media":0,"template":"","meta":{"_monsterinsights_skip_tracking":false,"_monsterinsights_sitenote_active":false,"_monsterinsights_sitenote_note":"","_monsterinsights_sitenote_category":0},"product_brand":[],"product_cat":[17996,12364],"product_tag":[],"class_list":{"0":"post-771694","1":"product","2":"type-product","3":"status-publish","5":"product_cat-ebeveyn-kitaplari","6":"product_cat-genel-konular","7":"pa_cilt-ciltsiz","8":"pa_tur-kitap","9":"pa_yayinevi-yediveren-yayinlari","10":"pa_yazar-meltem-soyuguzel","12":"first","13":"instock","14":"sale","15":"shipping-taxable","16":"purchasable","17":"product-type-simple"},"_links":{"self":[{"href":"https:\/\/roveyayinevi.com.tr\/index.php\/wp-json\/wp\/v2\/product\/771694","targetHints":{"allow":["GET"]}}],"collection":[{"href":"https:\/\/roveyayinevi.com.tr\/index.php\/wp-json\/wp\/v2\/product"}],"about":[{"href":"https:\/\/roveyayinevi.com.tr\/index.php\/wp-json\/wp\/v2\/types\/product"}],"wp:attachment":[{"href":"https:\/\/roveyayinevi.com.tr\/index.php\/wp-json\/wp\/v2\/media?parent=771694"}],"wp:term":[{"taxonomy":"product_brand","embeddable":true,"href":"https:\/\/roveyayinevi.com.tr\/index.php\/wp-json\/wp\/v2\/product_brand?post=771694"},{"taxonomy":"product_cat","embeddable":true,"href":"https:\/\/roveyayinevi.com.tr\/index.php\/wp-json\/wp\/v2\/product_cat?post=771694"},{"taxonomy":"product_tag","embeddable":true,"href":"https:\/\/roveyayinevi.com.tr\/index.php\/wp-json\/wp\/v2\/product_tag?post=771694"}],"curies":[{"name":"wp","href":"https:\/\/api.w.org\/{rel}","templated":true}]}}