{"id":771692,"date":"2025-08-28T15:15:08","date_gmt":"2025-08-28T12:15:08","guid":{"rendered":"https:\/\/roveyayinevi.com.tr\/index.php\/urun\/fanusa-sikismis-hayatlar\/"},"modified":"2026-04-15T03:38:12","modified_gmt":"2026-04-15T00:38:12","slug":"fanusa-sikismis-hayatlar","status":"publish","type":"product","link":"https:\/\/roveyayinevi.com.tr\/index.php\/urun\/fanusa-sikismis-hayatlar\/","title":{"rendered":"Fanusa S\u0131k\u0131\u015fm\u0131\u015f Hayatlar"},"content":{"rendered":"<p>\u0130ki cinsiyetli do\u011fdu d\u00fcnya. Bedenini kad\u0131n ve erkek e\u015fit bir \u015fekilde temsil etti. Ama nas\u0131l ki \u015feytan Tanr\u0131\u2019ya, \u201cBenim ate\u015fim insan\u0131n topra\u011f\u0131ndan daha \u00fcst\u00fcn,\u201d diyerek kafa tutmu\u015ftu \u015fimdi ayn\u0131 yan\u0131lg\u0131ya insan da d\u00fc\u015ft\u00fc. Tanr\u0131 rekabet yaratmak isteseydi biri gidince di\u011ferinin ya\u015famaya devam edemeyece\u011fi bir d\u00fczeni yaratmazd\u0131. Erkek(?) kabul etmek istemedi bunu asla. Erkek(?) kendini daha \u00fcst\u00fcn sayd\u0131, \u00f6yle oldu\u011funu d\u00fc\u015f\u00fcnd\u00fcrd\u00fc. Kad\u0131nla ayn\u0131 etten, ayn\u0131 kemikten, ayn\u0131 topraktan yarat\u0131ld\u0131\u011f\u0131n\u0131 unuttu. Yasaklar koydu, a\u015fa\u011f\u0131lad\u0131, hor g\u00f6rd\u00fc, zorla sahip oldu, d\u00f6vd\u00fc, \u00f6ld\u00fcrd\u00fc. Bir de, \u201cSen kimsin ki?\u201d dercesine yapt\u0131klar\u0131yla b\u00f6b\u00fcrlendi.D\u00f6rt kad\u0131n&#8230; D\u00f6rt erkek(?)\u2026\u201cTe\u011fet ge\u00e7en hayatlar, bir g\u00fcn bir yerde kesi\u015fir. Kesi\u015fen her hayat bir sonrakine umut olur ve umuttur hayat\u0131 kurtaran.\u201dBU K\u0130TABI okurken kad\u0131nlara de\u011fil, erkeklik kavram\u0131n\u0131 yok ederek erkek mi(?) dedirtenlere \u00e7ok \u00fcz\u00fcleceksiniz.<\/p>\n","protected":false},"excerpt":{"rendered":"<p>\u0130ki cinsiyetli do\u011fdu d\u00fcnya. Bedenini kad\u0131n ve erkek e\u015fit bir \u015fekilde temsil etti. Ama nas\u0131l ki \u015feytan Tanr\u0131\u2019ya, \u201cBenim ate\u015fim insan\u0131n topra\u011f\u0131ndan daha \u00fcst\u00fcn,\u201d diyerek kafa<span class=\"excerpt-hellip\"> [\u2026]<\/span><\/p>\n","protected":false},"featured_media":0,"template":"","meta":{"_monsterinsights_skip_tracking":false,"_monsterinsights_sitenote_active":false,"_monsterinsights_sitenote_note":"","_monsterinsights_sitenote_category":0},"product_brand":[],"product_cat":[12291,12711],"product_tag":[],"class_list":{"0":"post-771692","1":"product","2":"type-product","3":"status-publish","5":"product_cat-edebiyat","6":"product_cat-roman-oyku","7":"pa_cilt-ciltsiz","8":"pa_tur-kitap","9":"pa_yayinevi-yediveren-yayinlari","10":"pa_yazar-murat-gurvardar","12":"first","13":"instock","14":"sale","15":"shipping-taxable","16":"purchasable","17":"product-type-simple"},"_links":{"self":[{"href":"https:\/\/roveyayinevi.com.tr\/index.php\/wp-json\/wp\/v2\/product\/771692","targetHints":{"allow":["GET"]}}],"collection":[{"href":"https:\/\/roveyayinevi.com.tr\/index.php\/wp-json\/wp\/v2\/product"}],"about":[{"href":"https:\/\/roveyayinevi.com.tr\/index.php\/wp-json\/wp\/v2\/types\/product"}],"wp:attachment":[{"href":"https:\/\/roveyayinevi.com.tr\/index.php\/wp-json\/wp\/v2\/media?parent=771692"}],"wp:term":[{"taxonomy":"product_brand","embeddable":true,"href":"https:\/\/roveyayinevi.com.tr\/index.php\/wp-json\/wp\/v2\/product_brand?post=771692"},{"taxonomy":"product_cat","embeddable":true,"href":"https:\/\/roveyayinevi.com.tr\/index.php\/wp-json\/wp\/v2\/product_cat?post=771692"},{"taxonomy":"product_tag","embeddable":true,"href":"https:\/\/roveyayinevi.com.tr\/index.php\/wp-json\/wp\/v2\/product_tag?post=771692"}],"curies":[{"name":"wp","href":"https:\/\/api.w.org\/{rel}","templated":true}]}}