{"id":771691,"date":"2025-08-28T15:15:06","date_gmt":"2025-08-28T12:15:06","guid":{"rendered":"https:\/\/roveyayinevi.com.tr\/index.php\/urun\/mucizemsin-askimsin\/"},"modified":"2026-04-15T03:38:12","modified_gmt":"2026-04-15T00:38:12","slug":"mucizemsin-askimsin","status":"publish","type":"product","link":"https:\/\/roveyayinevi.com.tr\/index.php\/urun\/mucizemsin-askimsin\/","title":{"rendered":"Mucizemsin A\u015fk\u0131ms\u0131n"},"content":{"rendered":"<p>O bir zengin k\u0131z\u0131&#8230; Ona \u00f6\u011fretilen, mutlulu\u011fun parayla sat\u0131n al\u0131nabilece\u011fiydi. Oysa mutluluk, Emin\u00f6n\u00fc\u2019nde bal\u0131k ekmek, Mahmut Pa\u015fa\u2019da \u015eam tatl\u0131s\u0131 yemekti\u2026 Sevgilinle sokak sokak dola\u015fmak\u2026 Mutluluk, bir kad\u0131n\u0131n sevdi\u011fi erke\u011fin omzuna yaslanarak, g\u00f6zya\u015flar\u0131n\u0131 saklamadan a\u015fk filmi izleyebilmesiydi&#8230; Me\u011fer o abart\u0131l\u0131 sofralar, egosu tavan yapm\u0131\u015f kibir abideleri s\u0131rt\u0131nda a\u011f\u0131r birer y\u00fckm\u00fc\u015f. O, paradan ibaret hayat o kadar da g\u00fczel de\u011filmi\u015f. Me\u011fer simit, peynir ve zeytinle kahvalt\u0131 muhte\u015femmi\u015f. Masmavi deniz, kumsallara at\u0131lm\u0131\u015f mavi masalar ve sandalyeler\u2026 \u0130nce belli cam bardakta i\u00e7ilen \u00e7aylar\u2026 G\u00fcl\u00fcmseyen selamla\u015fan insanlar\u2026 \u00c7\u0131kars\u0131z bir d\u00fcnya me\u011fer m\u00fcmk\u00fcnm\u00fc\u015f. Az, \u00e7okmu\u015f!<\/p>\n","protected":false},"excerpt":{"rendered":"<p>O bir zengin k\u0131z\u0131&#8230; Ona \u00f6\u011fretilen, mutlulu\u011fun parayla sat\u0131n al\u0131nabilece\u011fiydi. Oysa mutluluk, Emin\u00f6n\u00fc\u2019nde bal\u0131k ekmek, Mahmut Pa\u015fa\u2019da \u015eam tatl\u0131s\u0131 yemekti\u2026 Sevgilinle sokak sokak dola\u015fmak\u2026 Mutluluk, bir<span class=\"excerpt-hellip\"> [\u2026]<\/span><\/p>\n","protected":false},"featured_media":0,"template":"","meta":{"_monsterinsights_skip_tracking":false,"_monsterinsights_sitenote_active":false,"_monsterinsights_sitenote_note":"","_monsterinsights_sitenote_category":0},"product_brand":[],"product_cat":[12291,12711],"product_tag":[],"class_list":{"0":"post-771691","1":"product","2":"type-product","3":"status-publish","5":"product_cat-edebiyat","6":"product_cat-roman-oyku","7":"pa_cilt-ciltsiz","8":"pa_tur-kitap","9":"pa_yayinevi-yediveren-yayinlari","10":"pa_yazar-cengiz-hortoglu","12":"first","13":"instock","14":"sale","15":"shipping-taxable","16":"purchasable","17":"product-type-simple"},"_links":{"self":[{"href":"https:\/\/roveyayinevi.com.tr\/index.php\/wp-json\/wp\/v2\/product\/771691","targetHints":{"allow":["GET"]}}],"collection":[{"href":"https:\/\/roveyayinevi.com.tr\/index.php\/wp-json\/wp\/v2\/product"}],"about":[{"href":"https:\/\/roveyayinevi.com.tr\/index.php\/wp-json\/wp\/v2\/types\/product"}],"wp:attachment":[{"href":"https:\/\/roveyayinevi.com.tr\/index.php\/wp-json\/wp\/v2\/media?parent=771691"}],"wp:term":[{"taxonomy":"product_brand","embeddable":true,"href":"https:\/\/roveyayinevi.com.tr\/index.php\/wp-json\/wp\/v2\/product_brand?post=771691"},{"taxonomy":"product_cat","embeddable":true,"href":"https:\/\/roveyayinevi.com.tr\/index.php\/wp-json\/wp\/v2\/product_cat?post=771691"},{"taxonomy":"product_tag","embeddable":true,"href":"https:\/\/roveyayinevi.com.tr\/index.php\/wp-json\/wp\/v2\/product_tag?post=771691"}],"curies":[{"name":"wp","href":"https:\/\/api.w.org\/{rel}","templated":true}]}}