{"id":771685,"date":"2025-08-28T15:14:53","date_gmt":"2025-08-28T12:14:53","guid":{"rendered":"https:\/\/roveyayinevi.com.tr\/index.php\/urun\/gec-gelen-bahar\/"},"modified":"2026-04-15T03:38:12","modified_gmt":"2026-04-15T00:38:12","slug":"gec-gelen-bahar","status":"publish","type":"product","link":"https:\/\/roveyayinevi.com.tr\/index.php\/urun\/gec-gelen-bahar\/","title":{"rendered":"Ge\u00e7 Gelen Bahar"},"content":{"rendered":"<p>Dragon Gonda&#8230;   36 ya\u015f\u0131nda, bek\u00e2r, emeklili\u011fin e\u015fi\u011finde s\u0131k\u0131c\u0131 bir profesyonel boks\u00f6r. Hayat\u0131na b\u00f6yle devam edip sessiz sakin emekli olmas\u0131 bekleniyordu.   Ta ki ya\u015fam dolu bir aktrisle tan\u0131\u015fana dek&#8230;   Ya\u015fam\u0131n\u0131n bahar\u0131na uyanan yeti\u015fkinlerin sahne ald\u0131\u011f\u0131 bu \u00f6yku\u0308de a\u015fka, kahkahaya, yumruk yumru\u011fa d\u00f6vu\u0308\u015fe doyacaks\u0131n\u0131z! <\/p>\n","protected":false},"excerpt":{"rendered":"<p>Dragon Gonda&#8230; 36 ya\u015f\u0131nda, bek\u00e2r, emeklili\u011fin e\u015fi\u011finde s\u0131k\u0131c\u0131 bir profesyonel boks\u00f6r. Hayat\u0131na b\u00f6yle devam edip sessiz sakin emekli olmas\u0131 bekleniyordu. Ta ki ya\u015fam dolu bir aktrisle<span class=\"excerpt-hellip\"> [\u2026]<\/span><\/p>\n","protected":false},"featured_media":0,"template":"","meta":{"_monsterinsights_skip_tracking":false,"_monsterinsights_sitenote_active":false,"_monsterinsights_sitenote_note":"","_monsterinsights_sitenote_category":0},"product_brand":[],"product_cat":[12416,12291],"product_tag":[],"class_list":{"0":"post-771685","1":"product","2":"type-product","3":"status-publish","5":"product_cat-cizgi-roman","6":"product_cat-edebiyat","7":"pa_cilt-ciltsiz","8":"pa_tur-kitap","9":"pa_yayinevi-ithaki-yayinlari","10":"pa_yazar-hidenori-hara","12":"first","13":"instock","14":"sale","15":"shipping-taxable","16":"purchasable","17":"product-type-simple"},"_links":{"self":[{"href":"https:\/\/roveyayinevi.com.tr\/index.php\/wp-json\/wp\/v2\/product\/771685","targetHints":{"allow":["GET"]}}],"collection":[{"href":"https:\/\/roveyayinevi.com.tr\/index.php\/wp-json\/wp\/v2\/product"}],"about":[{"href":"https:\/\/roveyayinevi.com.tr\/index.php\/wp-json\/wp\/v2\/types\/product"}],"wp:attachment":[{"href":"https:\/\/roveyayinevi.com.tr\/index.php\/wp-json\/wp\/v2\/media?parent=771685"}],"wp:term":[{"taxonomy":"product_brand","embeddable":true,"href":"https:\/\/roveyayinevi.com.tr\/index.php\/wp-json\/wp\/v2\/product_brand?post=771685"},{"taxonomy":"product_cat","embeddable":true,"href":"https:\/\/roveyayinevi.com.tr\/index.php\/wp-json\/wp\/v2\/product_cat?post=771685"},{"taxonomy":"product_tag","embeddable":true,"href":"https:\/\/roveyayinevi.com.tr\/index.php\/wp-json\/wp\/v2\/product_tag?post=771685"}],"curies":[{"name":"wp","href":"https:\/\/api.w.org\/{rel}","templated":true}]}}