{"id":771684,"date":"2025-08-28T15:14:50","date_gmt":"2025-08-28T12:14:50","guid":{"rendered":"https:\/\/roveyayinevi.com.tr\/index.php\/urun\/kurt-ve-kiz\/"},"modified":"2026-04-15T03:38:12","modified_gmt":"2026-04-15T00:38:12","slug":"kurt-ve-kiz","status":"publish","type":"product","link":"https:\/\/roveyayinevi.com.tr\/index.php\/urun\/kurt-ve-kiz\/","title":{"rendered":"Kurt Ve K\u0131z"},"content":{"rendered":"<p>Elinizde tuttu\u011funuz bu kitap, size aynan\u0131n s\u0131rl\u0131 taraf\u0131ndaki masallar\u0131 anlatacak. Hani \u015fu k\u00f6t\u00fc kalplikrali\u00e7e, \u201cAyna ayna! S\u00f6yle bana, var m\u0131 benden daha g\u00fczeli?\u201d diye sordu\u011fu zaman aynan\u0131n \u0131\u015f\u0131lt\u0131l\u0131derinli\u011finden cesur bir cevap geliyor ya! \u0130\u015fte tam da oradan anlat\u0131yor, sonunu bildi\u011finid\u00fc\u015f\u00fcnd\u00fc\u011f\u00fcn\u00fcz ama tam olarak kestiremedi\u011finiz masallar\u0131. \u00c7\u00fcnk\u00fc kimse kendi masal\u0131nda sadeceona g\u00f6sterilen yolda giden masum bir \u201cK\u0131rm\u0131z\u0131 Ba\u015fl\u0131kl\u0131 K\u0131z\u201d olmamal\u0131!\u201cAc\u0131ma bana sak\u0131n ya\u015fl\u0131 kurt! Daha anlatacaklar\u0131m var elbet&#8230;\u201d***Pelin Giray\u2019\u0131n kendisini bulmak i\u00e7in \u00e7\u0131kt\u0131\u011f\u0131 bu masals\u0131 yolculuk, onu reklam d\u00fcnyas\u0131n\u0131n enb\u00fcy\u00fck kurduyla kar\u015f\u0131 kar\u015f\u0131ya getirdi\u011finde sadece iki se\u00e7ene\u011fi vard\u0131; Ya ona istedi\u011fini verecek, yada mutlu bir sonu hak etti\u011fine ikna edecekti.***K\u00f6t\u00fc kalpli krali\u00e7elere, \u00e7irkin prenseslere, a\u00e7 kurtlara, arafta kalan avc\u0131lara, cesur yedi c\u00fccelere,yalanc\u0131 \u00e7obanlara, aptal prenslere ve karanl\u0131k ormanlarda b\u00f6cekler taraf\u0131ndan yenen ekmekk\u0131r\u0131nt\u0131lar\u0131na&#8230;Bir yokmu\u015f, bir var olmu\u015f&#8230;<\/p>\n","protected":false},"excerpt":{"rendered":"<p>Elinizde tuttu\u011funuz bu kitap, size aynan\u0131n s\u0131rl\u0131 taraf\u0131ndaki masallar\u0131 anlatacak. Hani \u015fu k\u00f6t\u00fc kalplikrali\u00e7e, \u201cAyna ayna! S\u00f6yle bana, var m\u0131 benden daha g\u00fczeli?\u201d diye sordu\u011fu zaman<span class=\"excerpt-hellip\"> [\u2026]<\/span><\/p>\n","protected":false},"featured_media":0,"template":"","meta":{"_monsterinsights_skip_tracking":false,"_monsterinsights_sitenote_active":false,"_monsterinsights_sitenote_note":"","_monsterinsights_sitenote_category":0},"product_brand":[],"product_cat":[12291,12711],"product_tag":[],"class_list":{"0":"post-771684","1":"product","2":"type-product","3":"status-publish","5":"product_cat-edebiyat","6":"product_cat-roman-oyku","7":"pa_cilt-ciltsiz","8":"pa_tur-kitap","9":"pa_yayinevi-yediveren-yayinlari","10":"pa_yazar-burcin-ergin","12":"first","13":"instock","14":"sale","15":"shipping-taxable","16":"purchasable","17":"product-type-simple"},"_links":{"self":[{"href":"https:\/\/roveyayinevi.com.tr\/index.php\/wp-json\/wp\/v2\/product\/771684","targetHints":{"allow":["GET"]}}],"collection":[{"href":"https:\/\/roveyayinevi.com.tr\/index.php\/wp-json\/wp\/v2\/product"}],"about":[{"href":"https:\/\/roveyayinevi.com.tr\/index.php\/wp-json\/wp\/v2\/types\/product"}],"wp:attachment":[{"href":"https:\/\/roveyayinevi.com.tr\/index.php\/wp-json\/wp\/v2\/media?parent=771684"}],"wp:term":[{"taxonomy":"product_brand","embeddable":true,"href":"https:\/\/roveyayinevi.com.tr\/index.php\/wp-json\/wp\/v2\/product_brand?post=771684"},{"taxonomy":"product_cat","embeddable":true,"href":"https:\/\/roveyayinevi.com.tr\/index.php\/wp-json\/wp\/v2\/product_cat?post=771684"},{"taxonomy":"product_tag","embeddable":true,"href":"https:\/\/roveyayinevi.com.tr\/index.php\/wp-json\/wp\/v2\/product_tag?post=771684"}],"curies":[{"name":"wp","href":"https:\/\/api.w.org\/{rel}","templated":true}]}}