{"id":771681,"date":"2025-08-28T15:14:43","date_gmt":"2025-08-28T12:14:43","guid":{"rendered":"https:\/\/roveyayinevi.com.tr\/index.php\/urun\/mavi-ev\/"},"modified":"2026-04-15T03:38:12","modified_gmt":"2026-04-15T00:38:12","slug":"mavi-ev","status":"publish","type":"product","link":"https:\/\/roveyayinevi.com.tr\/index.php\/urun\/mavi-ev\/","title":{"rendered":"Mavi Ev"},"content":{"rendered":"<p>Bir kad\u0131n sabaha kar\u015f\u0131 sa\u00e7lar\u0131n\u0131 yolarak sevdi\u011fi adamdan do\u011furdu\u011funu sand\u0131\u011f\u0131 \u00e7ocu\u011fu i\u00e7in \u015fark\u0131s\u00f6yl\u00fcyor.***Ve bir adam\u0131n elinden sevdi\u011fi kad\u0131n al\u0131n\u0131yor&#8230;Alan ki\u015fi ise o adam\u0131n devam\u0131&#8230;\u015eiirleri ve romanlar\u0131yla kalplerinize dokunan Kahraman Tazeo\u011flu, \u201cMavi Ev\u201d ile sizi yineduygusal bir yolculu\u011fa davet ediyor.<\/p>\n","protected":false},"excerpt":{"rendered":"<p>Bir kad\u0131n sabaha kar\u015f\u0131 sa\u00e7lar\u0131n\u0131 yolarak sevdi\u011fi adamdan do\u011furdu\u011funu sand\u0131\u011f\u0131 \u00e7ocu\u011fu i\u00e7in \u015fark\u0131s\u00f6yl\u00fcyor.***Ve bir adam\u0131n elinden sevdi\u011fi kad\u0131n al\u0131n\u0131yor&#8230;Alan ki\u015fi ise o adam\u0131n devam\u0131&#8230;\u015eiirleri ve romanlar\u0131yla<span class=\"excerpt-hellip\"> [\u2026]<\/span><\/p>\n","protected":false},"featured_media":0,"template":"","meta":{"_monsterinsights_skip_tracking":false,"_monsterinsights_sitenote_active":false,"_monsterinsights_sitenote_note":"","_monsterinsights_sitenote_category":0},"product_brand":[],"product_cat":[12291,12711],"product_tag":[],"class_list":{"0":"post-771681","1":"product","2":"type-product","3":"status-publish","5":"product_cat-edebiyat","6":"product_cat-roman-oyku","7":"pa_cilt-ciltsiz","8":"pa_tur-kitap","9":"pa_yayinevi-yediveren-yayinlari","10":"pa_yazar-kahraman-tazeoglu","12":"first","13":"instock","14":"sale","15":"shipping-taxable","16":"purchasable","17":"product-type-simple"},"_links":{"self":[{"href":"https:\/\/roveyayinevi.com.tr\/index.php\/wp-json\/wp\/v2\/product\/771681","targetHints":{"allow":["GET"]}}],"collection":[{"href":"https:\/\/roveyayinevi.com.tr\/index.php\/wp-json\/wp\/v2\/product"}],"about":[{"href":"https:\/\/roveyayinevi.com.tr\/index.php\/wp-json\/wp\/v2\/types\/product"}],"wp:attachment":[{"href":"https:\/\/roveyayinevi.com.tr\/index.php\/wp-json\/wp\/v2\/media?parent=771681"}],"wp:term":[{"taxonomy":"product_brand","embeddable":true,"href":"https:\/\/roveyayinevi.com.tr\/index.php\/wp-json\/wp\/v2\/product_brand?post=771681"},{"taxonomy":"product_cat","embeddable":true,"href":"https:\/\/roveyayinevi.com.tr\/index.php\/wp-json\/wp\/v2\/product_cat?post=771681"},{"taxonomy":"product_tag","embeddable":true,"href":"https:\/\/roveyayinevi.com.tr\/index.php\/wp-json\/wp\/v2\/product_tag?post=771681"}],"curies":[{"name":"wp","href":"https:\/\/api.w.org\/{rel}","templated":true}]}}