{"id":771678,"date":"2025-08-28T15:14:37","date_gmt":"2025-08-28T12:14:37","guid":{"rendered":"https:\/\/roveyayinevi.com.tr\/index.php\/urun\/hayalimdeki-yemekler\/"},"modified":"2026-04-15T03:38:12","modified_gmt":"2026-04-15T00:38:12","slug":"hayalimdeki-yemekler","status":"publish","type":"product","link":"https:\/\/roveyayinevi.com.tr\/index.php\/urun\/hayalimdeki-yemekler\/","title":{"rendered":"Hayalimdeki Yemekler"},"content":{"rendered":"<p>K\u00fc\u00e7\u00fck ya\u015flar\u0131mdan beri yemek yapmaya olan ilgimle ba\u015flayan bu yolculuk, ba\u015flang\u0131\u00e7ta bir\u00e7ok hayal k\u0131r\u0131kl\u0131\u011f\u0131na neden olsa da, y\u0131lmadan ve pes etmeden devam etti. Her denememle birlikte tecr\u00fcbem artt\u0131 ve sonunda y\u00fcz\u00fcm\u00fc g\u00fcld\u00fcren yemekler yapmay\u0131 ba\u015fard\u0131m. Bu kitapta, hayallerinizi ger\u00e7e\u011fe d\u00f6n\u00fc\u015ft\u00fcrmenin mutlulu\u011funu payla\u015faca\u011f\u0131m\u0131z\u0131 umut ederek; sizlere en \u00f6zel, en farkl\u0131 ve en lezzetli yemek tariflerini sundum.  Yemek yapman\u0131n sadece bir ihtiya\u00e7 de\u011fil ayn\u0131 zamanda da bir tutku oldu\u011funu hat\u0131rlat\u0131r; bu kitapla kendi mutfa\u011f\u0131n\u0131zda yarat\u0131c\u0131 bir hayal yolculu\u011funa \u00e7\u0131kman\u0131z\u0131 dilerim. Afiyet olsun!<\/p>\n","protected":false},"excerpt":{"rendered":"<p>K\u00fc\u00e7\u00fck ya\u015flar\u0131mdan beri yemek yapmaya olan ilgimle ba\u015flayan bu yolculuk, ba\u015flang\u0131\u00e7ta bir\u00e7ok hayal k\u0131r\u0131kl\u0131\u011f\u0131na neden olsa da, y\u0131lmadan ve pes etmeden devam etti. Her denememle birlikte<span class=\"excerpt-hellip\"> [\u2026]<\/span><\/p>\n","protected":false},"featured_media":0,"template":"","meta":{"_monsterinsights_skip_tracking":false,"_monsterinsights_sitenote_active":false,"_monsterinsights_sitenote_note":"","_monsterinsights_sitenote_category":0},"product_brand":[],"product_cat":[12458,12457],"product_tag":[],"class_list":{"0":"post-771678","1":"product","2":"type-product","3":"status-publish","5":"product_cat-turk-mutfagi","6":"product_cat-yemek-kitaplari","7":"pa_cilt-ciltsiz","8":"pa_tur-kitap","9":"pa_yayinevi-yediveren-yayinlari","10":"pa_yazar-safiye-aras","12":"first","13":"instock","14":"sale","15":"shipping-taxable","16":"purchasable","17":"product-type-simple"},"_links":{"self":[{"href":"https:\/\/roveyayinevi.com.tr\/index.php\/wp-json\/wp\/v2\/product\/771678","targetHints":{"allow":["GET"]}}],"collection":[{"href":"https:\/\/roveyayinevi.com.tr\/index.php\/wp-json\/wp\/v2\/product"}],"about":[{"href":"https:\/\/roveyayinevi.com.tr\/index.php\/wp-json\/wp\/v2\/types\/product"}],"wp:attachment":[{"href":"https:\/\/roveyayinevi.com.tr\/index.php\/wp-json\/wp\/v2\/media?parent=771678"}],"wp:term":[{"taxonomy":"product_brand","embeddable":true,"href":"https:\/\/roveyayinevi.com.tr\/index.php\/wp-json\/wp\/v2\/product_brand?post=771678"},{"taxonomy":"product_cat","embeddable":true,"href":"https:\/\/roveyayinevi.com.tr\/index.php\/wp-json\/wp\/v2\/product_cat?post=771678"},{"taxonomy":"product_tag","embeddable":true,"href":"https:\/\/roveyayinevi.com.tr\/index.php\/wp-json\/wp\/v2\/product_tag?post=771678"}],"curies":[{"name":"wp","href":"https:\/\/api.w.org\/{rel}","templated":true}]}}