{"id":771676,"date":"2025-08-28T15:14:35","date_gmt":"2025-08-28T12:14:35","guid":{"rendered":"https:\/\/roveyayinevi.com.tr\/index.php\/urun\/akran-zorbaligi-2\/"},"modified":"2026-04-15T03:38:12","modified_gmt":"2026-04-15T00:38:12","slug":"akran-zorbaligi-2","status":"publish","type":"product","link":"https:\/\/roveyayinevi.com.tr\/index.php\/urun\/akran-zorbaligi-2\/","title":{"rendered":"Akran Zorbal\u0131\u011f\u0131"},"content":{"rendered":"<p>&#8220;Hayatta en kolay yap\u0131lan yanl\u0131\u015flardan biri ayr\u0131mc\u0131l\u0131kt\u0131r. Akran zorbal\u0131\u011f\u0131, insanlar aras\u0131ndakifarkl\u0131l\u0131klardan kaynaklanan k\u0131r\u0131c\u0131 davran\u0131\u015flard\u0131r ve her g\u00fcn binlerce insan\u0131 etkiler. Bu t\u00fcrdavran\u0131\u015flar, insanlar\u0131n kendilerine g\u00fcvenini yitirmelerine, kendilerini de\u011fersiz hissetmelerine vetoplumsal d\u0131\u015flanmaya neden olabilir.Ancak, bu kitap size umut verme niteli\u011findedir. Bu kitap, akran zorbal\u0131\u011f\u0131 yapanlar ve yap\u0131lanlar\u0131nhik\u00e2yelerini, konuyla ilgili tecr\u00fcbeler e\u015fli\u011finde Oya Akba\u015f&#8217;\u0131n \u00f6nerilerini ve akran zorbal\u0131\u011f\u0131hakk\u0131nda fark\u0131ndal\u0131k yaratman\u0131n yollar\u0131n\u0131 i\u00e7ermektedir. Herkesin kendini de\u011ferli ve sevilirhissetmeye hakk\u0131 vard\u0131r. Bu kitap size \u00f6z de\u011fer hakk\u0131n\u0131z\u0131 koruman\u0131z i\u00e7in \u00f6neriler sunacak veyard\u0131mc\u0131 olacakt\u0131r.&#8221;<\/p>\n","protected":false},"excerpt":{"rendered":"<p>&#8220;Hayatta en kolay yap\u0131lan yanl\u0131\u015flardan biri ayr\u0131mc\u0131l\u0131kt\u0131r. Akran zorbal\u0131\u011f\u0131, insanlar aras\u0131ndakifarkl\u0131l\u0131klardan kaynaklanan k\u0131r\u0131c\u0131 davran\u0131\u015flard\u0131r ve her g\u00fcn binlerce insan\u0131 etkiler. Bu t\u00fcrdavran\u0131\u015flar, insanlar\u0131n kendilerine g\u00fcvenini yitirmelerine,<span class=\"excerpt-hellip\"> [\u2026]<\/span><\/p>\n","protected":false},"featured_media":0,"template":"","meta":{"_monsterinsights_skip_tracking":false,"_monsterinsights_sitenote_active":false,"_monsterinsights_sitenote_note":"","_monsterinsights_sitenote_category":0},"product_brand":[],"product_cat":[12364,12376],"product_tag":[],"class_list":{"0":"post-771676","1":"product","2":"type-product","3":"status-publish","5":"product_cat-genel-konular","6":"product_cat-kisisel-gelisim","7":"pa_cilt-ciltsiz","8":"pa_tur-kitap","9":"pa_yayinevi-yediveren-yayinlari","10":"pa_yazar-oya-akbas","12":"first","13":"instock","14":"sale","15":"shipping-taxable","16":"purchasable","17":"product-type-simple"},"_links":{"self":[{"href":"https:\/\/roveyayinevi.com.tr\/index.php\/wp-json\/wp\/v2\/product\/771676","targetHints":{"allow":["GET"]}}],"collection":[{"href":"https:\/\/roveyayinevi.com.tr\/index.php\/wp-json\/wp\/v2\/product"}],"about":[{"href":"https:\/\/roveyayinevi.com.tr\/index.php\/wp-json\/wp\/v2\/types\/product"}],"wp:attachment":[{"href":"https:\/\/roveyayinevi.com.tr\/index.php\/wp-json\/wp\/v2\/media?parent=771676"}],"wp:term":[{"taxonomy":"product_brand","embeddable":true,"href":"https:\/\/roveyayinevi.com.tr\/index.php\/wp-json\/wp\/v2\/product_brand?post=771676"},{"taxonomy":"product_cat","embeddable":true,"href":"https:\/\/roveyayinevi.com.tr\/index.php\/wp-json\/wp\/v2\/product_cat?post=771676"},{"taxonomy":"product_tag","embeddable":true,"href":"https:\/\/roveyayinevi.com.tr\/index.php\/wp-json\/wp\/v2\/product_tag?post=771676"}],"curies":[{"name":"wp","href":"https:\/\/api.w.org\/{rel}","templated":true}]}}