{"id":771672,"date":"2025-08-28T15:14:28","date_gmt":"2025-08-28T12:14:28","guid":{"rendered":"https:\/\/roveyayinevi.com.tr\/index.php\/urun\/adim-adim-karakter-egitimi\/"},"modified":"2026-04-15T03:38:11","modified_gmt":"2026-04-15T00:38:11","slug":"adim-adim-karakter-egitimi","status":"publish","type":"product","link":"https:\/\/roveyayinevi.com.tr\/index.php\/urun\/adim-adim-karakter-egitimi\/","title":{"rendered":"Ad\u0131m Ad\u0131m Karakter E\u011fitimi"},"content":{"rendered":"<p>Kitap Tan\u0131t\u0131m Yaz\u0131s\u0131 :  Ebeveynlik s\u00f6z konusu oldu\u011funda yery\u00fcz\u00fcnde ya\u015fayan t\u00fcm canl\u0131lar i\u00e7in ge\u00e7erli temel bir kural vard\u0131r; anne ve baba, hayatta kalabilece\u011fi t\u00fcm becerileri yavrusuna kazand\u0131rmak zorundad\u0131r.\u0130nsan, di\u011fer canl\u0131larla k\u0131yasland\u0131\u011f\u0131nda anne-baba yard\u0131m\u0131na en \u00e7ok ihtiya\u00e7 duyan canl\u0131d\u0131r. Gebelikten itibaren ba\u015flayan bu s\u00fcre\u00e7 eri\u015fkin bir birey olana kadar devam etmektedir. \u00c7ocuk e\u011fitimi, \u00e7ocu\u011fun geli\u015fimine ve \u00f6\u011frenme s\u00fcre\u00e7lerine uygun bir bi\u00e7imde verilmelidir. Bu nedenle \u00e7ocuk e\u011fitiminde tutarl\u0131 bir yakla\u015f\u0131m\u0131 ad\u0131m ad\u0131m takip etmek; \u00e7ocu\u011fun geli\u015fimine ve \u00f6\u011frenme s\u00fcre\u00e7lerine en uyumlu e\u011fitimi vermeyi ama\u00e7lar.Ad\u0131m Ad\u0131m Karakter E\u011fitimi kitab\u0131nda; gebelikten iki ya\u015f krizine, tuvalet ve uyku e\u011fitiminden payla\u015fma ve yard\u0131mla\u015fma al\u0131\u015fkanl\u0131klar\u0131na kadar bir\u00e7ok konu, g\u00fcncel bilimsel bilgiler \u0131\u015f\u0131\u011f\u0131nda ve uygulanabilir pratik tavsiyelerle ele al\u0131nm\u0131\u015ft\u0131r.<\/p>\n","protected":false},"excerpt":{"rendered":"<p>Kitap Tan\u0131t\u0131m Yaz\u0131s\u0131 : Ebeveynlik s\u00f6z konusu oldu\u011funda yery\u00fcz\u00fcnde ya\u015fayan t\u00fcm canl\u0131lar i\u00e7in ge\u00e7erli temel bir kural vard\u0131r; anne ve baba, hayatta kalabilece\u011fi t\u00fcm becerileri yavrusuna<span class=\"excerpt-hellip\"> [\u2026]<\/span><\/p>\n","protected":false},"featured_media":0,"template":"","meta":{"_monsterinsights_skip_tracking":false,"_monsterinsights_sitenote_active":false,"_monsterinsights_sitenote_note":"","_monsterinsights_sitenote_category":0},"product_brand":[],"product_cat":[12831,12324],"product_tag":[],"class_list":{"0":"post-771672","1":"product","2":"type-product","3":"status-publish","5":"product_cat-aile-ve-cocuk","6":"product_cat-sosyoloji","7":"pa_cilt-ciltsiz","8":"pa_tur-kitap","9":"pa_yayinevi-yediveren-yayinlari","10":"pa_yazar-meltem-soyuguzel","12":"first","13":"instock","14":"sale","15":"shipping-taxable","16":"purchasable","17":"product-type-simple"},"_links":{"self":[{"href":"https:\/\/roveyayinevi.com.tr\/index.php\/wp-json\/wp\/v2\/product\/771672","targetHints":{"allow":["GET"]}}],"collection":[{"href":"https:\/\/roveyayinevi.com.tr\/index.php\/wp-json\/wp\/v2\/product"}],"about":[{"href":"https:\/\/roveyayinevi.com.tr\/index.php\/wp-json\/wp\/v2\/types\/product"}],"wp:attachment":[{"href":"https:\/\/roveyayinevi.com.tr\/index.php\/wp-json\/wp\/v2\/media?parent=771672"}],"wp:term":[{"taxonomy":"product_brand","embeddable":true,"href":"https:\/\/roveyayinevi.com.tr\/index.php\/wp-json\/wp\/v2\/product_brand?post=771672"},{"taxonomy":"product_cat","embeddable":true,"href":"https:\/\/roveyayinevi.com.tr\/index.php\/wp-json\/wp\/v2\/product_cat?post=771672"},{"taxonomy":"product_tag","embeddable":true,"href":"https:\/\/roveyayinevi.com.tr\/index.php\/wp-json\/wp\/v2\/product_tag?post=771672"}],"curies":[{"name":"wp","href":"https:\/\/api.w.org\/{rel}","templated":true}]}}