{"id":771671,"date":"2025-08-28T15:14:26","date_gmt":"2025-08-28T12:14:26","guid":{"rendered":"https:\/\/roveyayinevi.com.tr\/index.php\/urun\/marge\/"},"modified":"2026-04-15T03:38:11","modified_gmt":"2026-04-15T00:38:11","slug":"marge","status":"publish","type":"product","link":"https:\/\/roveyayinevi.com.tr\/index.php\/urun\/marge\/","title":{"rendered":"Marge"},"content":{"rendered":"<p>Kendi hayat\u0131n\u0131z i\u00e7in ka\u00e7 sava\u015fta ma\u011flup gelip ka\u00e7 sava\u015fa daha girmeye cesaret edersiniz? \u0130klim, kendisini bildi bileli hep k\u00f6\u015fe kapmaca oynad\u0131 travmalar\u0131yla\u2026 Ne elinden tutan\u0131 ne de arkas\u0131nda duran\u0131 vard\u0131. Ba\u015f\u0131na gelen her \u015feye ra\u011fmen umutla bakt\u0131 g\u00f6ky\u00fcz\u00fcne ve inatla g\u00fcl\u00fcmsedi onun ruhunu s\u00f6m\u00fcren herkese\u2026 D\u0131\u015far\u0131dan bak\u0131ld\u0131\u011f\u0131nda \u0131\u015f\u0131l \u0131\u015f\u0131l bir hayat\u0131 vard\u0131 ama asl\u0131 bamba\u015fkayd\u0131\u2026 Daha \u00e7ok k\u00fc\u00e7\u00fckken ba\u015flad\u0131 hayatla kavgas\u0131 ve imtihan\u0131. Ka\u00e7 kere sat\u0131n al\u0131r \u00f6zg\u00fcrl\u00fc\u011f\u00fcn\u00fc bir insan? Psikopat ruhlu bir anneyle ge\u00e7en on sekiz senenin ard\u0131ndan ba\u011flanma sorunlar\u0131 olan \u0130klim, ya\u011fmurdan ka\u00e7arken kendisini kas\u0131rgan\u0131n ortas\u0131nda bulmu\u015f, zar zor kazanm\u0131\u015f oldu\u011fu \u00f6zg\u00fcrl\u00fc\u011f\u00fcn\u00fc bir narsistin eline kendi eliyle teslim edip alt\u0131na da \u0131slak imzas\u0131n\u0131 atm\u0131\u015ft\u0131. Yeniden \u00f6zg\u00fcr olabilecek ve bu sava\u015f\u0131 kazanabilecek miydi? \u00d6mr\u00fcn\u00fc karanl\u0131kta ve toprak alt\u0131nda ge\u00e7irdikten sonra yirmi d\u00f6rt saatli\u011fine kelebe\u011fe d\u00f6n\u00fc\u015fen t\u0131rt\u0131l\u0131n, bir yirmi d\u00f6rt saat daha canl\u0131 kalabilmek i\u00e7in verdi\u011fi m\u00fccadele bu\u2026 Bir kad\u0131n\u0131n, kendisine yoktan bir hayat var edi\u015finin ve direni\u015finin hik\u00e2yesi bu<\/p>\n","protected":false},"excerpt":{"rendered":"<p>Kendi hayat\u0131n\u0131z i\u00e7in ka\u00e7 sava\u015fta ma\u011flup gelip ka\u00e7 sava\u015fa daha girmeye cesaret edersiniz? \u0130klim, kendisini bildi bileli hep k\u00f6\u015fe kapmaca oynad\u0131 travmalar\u0131yla\u2026 Ne elinden tutan\u0131 ne<span class=\"excerpt-hellip\"> [\u2026]<\/span><\/p>\n","protected":false},"featured_media":0,"template":"","meta":{"_monsterinsights_skip_tracking":false,"_monsterinsights_sitenote_active":false,"_monsterinsights_sitenote_note":"","_monsterinsights_sitenote_category":0},"product_brand":[],"product_cat":[12291,12711],"product_tag":[],"class_list":{"0":"post-771671","1":"product","2":"type-product","3":"status-publish","5":"product_cat-edebiyat","6":"product_cat-roman-oyku","7":"pa_cilt-ciltsiz","8":"pa_tur-kitap","9":"pa_yayinevi-yediveren-yayinlari","10":"pa_yazar-ozlem-gezgin","12":"first","13":"instock","14":"sale","15":"shipping-taxable","16":"purchasable","17":"product-type-simple"},"_links":{"self":[{"href":"https:\/\/roveyayinevi.com.tr\/index.php\/wp-json\/wp\/v2\/product\/771671","targetHints":{"allow":["GET"]}}],"collection":[{"href":"https:\/\/roveyayinevi.com.tr\/index.php\/wp-json\/wp\/v2\/product"}],"about":[{"href":"https:\/\/roveyayinevi.com.tr\/index.php\/wp-json\/wp\/v2\/types\/product"}],"wp:attachment":[{"href":"https:\/\/roveyayinevi.com.tr\/index.php\/wp-json\/wp\/v2\/media?parent=771671"}],"wp:term":[{"taxonomy":"product_brand","embeddable":true,"href":"https:\/\/roveyayinevi.com.tr\/index.php\/wp-json\/wp\/v2\/product_brand?post=771671"},{"taxonomy":"product_cat","embeddable":true,"href":"https:\/\/roveyayinevi.com.tr\/index.php\/wp-json\/wp\/v2\/product_cat?post=771671"},{"taxonomy":"product_tag","embeddable":true,"href":"https:\/\/roveyayinevi.com.tr\/index.php\/wp-json\/wp\/v2\/product_tag?post=771671"}],"curies":[{"name":"wp","href":"https:\/\/api.w.org\/{rel}","templated":true}]}}