{"id":771667,"date":"2025-08-28T15:14:16","date_gmt":"2025-08-28T12:14:16","guid":{"rendered":"https:\/\/roveyayinevi.com.tr\/index.php\/urun\/platin-nefes-egzersizleri\/"},"modified":"2026-04-15T03:38:11","modified_gmt":"2026-04-15T00:38:11","slug":"platin-nefes-egzersizleri","status":"publish","type":"product","link":"https:\/\/roveyayinevi.com.tr\/index.php\/urun\/platin-nefes-egzersizleri\/","title":{"rendered":"Platin Nefes Egzersizleri"},"content":{"rendered":"<p>Do\u011fan\u0131n \u015fifal\u0131 elleri nerede olursan\u0131z olun bir nefeste sizi bulur, size ula\u015f\u0131r ve her nefeste ruhunuzu yenileyip tazeler. Ruhsal ar\u0131nma, nefes al\u0131\u015f veri\u015flerimizle ba\u015flar. Bu esnada fark\u0131nda olmadan Platin Enerji\u2019yi soluruz ve bu enerjinin \u015fifas\u0131na kendimizi a\u00e7ar\u0131z. Plan Enerji, d\u00fcnyan\u0131n her k\u00f6\u015fesinde, do\u011fan\u0131n i\u00e7inde, evlerimizde, nefesimizde&#8230; K\u0131sacas\u0131 her yerde\u2026 Hepimizin i\u00e7inde ve biz de onun i\u00e7indeyiz. Onunla sar\u0131l\u0131p sarmalanm\u0131\u015f durumday\u0131z. Sadece fark\u0131nda de\u011filiz. Platin Enerji\u2019yi hayat\u0131n\u0131za ald\u0131\u011f\u0131n\u0131zda bunun olumlu yans\u0131malar\u0131n\u0131 hemen g\u00f6r\u00fcp ya\u015famaya ba\u015flayacaks\u0131n\u0131z. \u015eimdi derin bir nefes al\u0131n ve bize hediye olarak verilen bu mucizeyi kucaklay\u0131n.<\/p>\n","protected":false},"excerpt":{"rendered":"<p>Do\u011fan\u0131n \u015fifal\u0131 elleri nerede olursan\u0131z olun bir nefeste sizi bulur, size ula\u015f\u0131r ve her nefeste ruhunuzu yenileyip tazeler. Ruhsal ar\u0131nma, nefes al\u0131\u015f veri\u015flerimizle ba\u015flar. Bu esnada<span class=\"excerpt-hellip\"> [\u2026]<\/span><\/p>\n","protected":false},"featured_media":0,"template":"","meta":{"_monsterinsights_skip_tracking":false,"_monsterinsights_sitenote_active":false,"_monsterinsights_sitenote_note":"","_monsterinsights_sitenote_category":0},"product_brand":[],"product_cat":[20313,13365],"product_tag":[],"class_list":{"0":"post-771667","1":"product","2":"type-product","3":"status-publish","5":"product_cat-basvuru-kitaplari-saglik","6":"product_cat-saglik","7":"pa_cilt-ciltsiz","8":"pa_tur-kitap","9":"pa_yayinevi-yediveren-yayinlari","10":"pa_yazar-ulker-uzun-polat","12":"first","13":"instock","14":"sale","15":"shipping-taxable","16":"purchasable","17":"product-type-simple"},"_links":{"self":[{"href":"https:\/\/roveyayinevi.com.tr\/index.php\/wp-json\/wp\/v2\/product\/771667","targetHints":{"allow":["GET"]}}],"collection":[{"href":"https:\/\/roveyayinevi.com.tr\/index.php\/wp-json\/wp\/v2\/product"}],"about":[{"href":"https:\/\/roveyayinevi.com.tr\/index.php\/wp-json\/wp\/v2\/types\/product"}],"wp:attachment":[{"href":"https:\/\/roveyayinevi.com.tr\/index.php\/wp-json\/wp\/v2\/media?parent=771667"}],"wp:term":[{"taxonomy":"product_brand","embeddable":true,"href":"https:\/\/roveyayinevi.com.tr\/index.php\/wp-json\/wp\/v2\/product_brand?post=771667"},{"taxonomy":"product_cat","embeddable":true,"href":"https:\/\/roveyayinevi.com.tr\/index.php\/wp-json\/wp\/v2\/product_cat?post=771667"},{"taxonomy":"product_tag","embeddable":true,"href":"https:\/\/roveyayinevi.com.tr\/index.php\/wp-json\/wp\/v2\/product_tag?post=771667"}],"curies":[{"name":"wp","href":"https:\/\/api.w.org\/{rel}","templated":true}]}}