{"id":771666,"date":"2025-08-28T15:14:15","date_gmt":"2025-08-28T12:14:15","guid":{"rendered":"https:\/\/roveyayinevi.com.tr\/index.php\/urun\/bir-terapistin-gizemli-anilari\/"},"modified":"2026-04-15T03:38:11","modified_gmt":"2026-04-15T00:38:11","slug":"bir-terapistin-gizemli-anilari","status":"publish","type":"product","link":"https:\/\/roveyayinevi.com.tr\/index.php\/urun\/bir-terapistin-gizemli-anilari\/","title":{"rendered":"Bir Terapistin Gizemli An\u0131lar\u0131"},"content":{"rendered":"<p>Hayat\u0131n\u0131zda yeni kap\u0131lar a\u00e7abilmek, hi\u00e7 bakmad\u0131\u011f\u0131n\u0131z a\u00e7\u0131lardan d\u00fcnyaya bakabilmek ve kal\u0131pla\u015fm\u0131\u015f fikirlerinizden kurtulmak istemez misiniz? \u00c7\u00fcnk\u00fc yazar\u0131m\u0131z \u201c\u015eu \u00fc\u00e7 g\u00fcnl\u00fck d\u00fcnyada rahat rahat nefes almak hepimizin hakk\u0131!\u201d diyor. \u0130\u015fte terapist \u00dclker Uzun Polat, uzun zamand\u0131r emek verdi\u011fi dan\u0131\u015fanlar\u0131yla beraber ya\u015fad\u0131\u011f\u0131 deneyimleri bir araya getirerek kitapla\u015ft\u0131rd\u0131. Dan\u0131\u015fanlar\u0131n da kendi diyaloglar\u0131yla d\u00e2hil oldu\u011fu bu kitap, hayatlar\u0131n\u0131 de\u011fi\u015ftirmeyi ve geli\u015ftirmeyi isteyenler i\u00e7in tam bir ba\u015f ucu eseri. \u201cOlaylar, insanlar ve \u00fclkemizde ya\u015fan\u0131lanlar\u2026 Ama biliyorum ki orada \u00dclker var. Beni hemen kendime getirecek ve deyim yerindeyse beni fabrika ayarlar\u0131ma d\u00f6nd\u00fcrecek.\u201d Dan\u0131\u015fan G\u00fcl\u00e7in \u201cArt\u0131k kalbimde ve \u00e7evremde sevgi var. Her \u015fey sevgi de\u011fil midir zaten? Ya\u015fad\u0131\u011f\u0131m i\u00e7in, ald\u0131\u011f\u0131m her nefes i\u00e7in te\u015fekk\u00fcr ediyorum.\u201d Dan\u0131\u015fan Belgin<\/p>\n","protected":false},"excerpt":{"rendered":"<p>Hayat\u0131n\u0131zda yeni kap\u0131lar a\u00e7abilmek, hi\u00e7 bakmad\u0131\u011f\u0131n\u0131z a\u00e7\u0131lardan d\u00fcnyaya bakabilmek ve kal\u0131pla\u015fm\u0131\u015f fikirlerinizden kurtulmak istemez misiniz? \u00c7\u00fcnk\u00fc yazar\u0131m\u0131z \u201c\u015eu \u00fc\u00e7 g\u00fcnl\u00fck d\u00fcnyada rahat rahat nefes almak hepimizin<span class=\"excerpt-hellip\"> [\u2026]<\/span><\/p>\n","protected":false},"featured_media":0,"template":"","meta":{"_monsterinsights_skip_tracking":false,"_monsterinsights_sitenote_active":false,"_monsterinsights_sitenote_note":"","_monsterinsights_sitenote_category":0},"product_brand":[],"product_cat":[12358,12357],"product_tag":[],"class_list":{"0":"post-771666","1":"product","2":"type-product","3":"status-publish","5":"product_cat-genel-psikoloji","6":"product_cat-psikoloji","7":"pa_cilt-ciltsiz","8":"pa_tur-kitap","9":"pa_yayinevi-yediveren-yayinlari","10":"pa_yazar-ulker-uzun-polat","12":"first","13":"instock","14":"sale","15":"shipping-taxable","16":"purchasable","17":"product-type-simple"},"_links":{"self":[{"href":"https:\/\/roveyayinevi.com.tr\/index.php\/wp-json\/wp\/v2\/product\/771666","targetHints":{"allow":["GET"]}}],"collection":[{"href":"https:\/\/roveyayinevi.com.tr\/index.php\/wp-json\/wp\/v2\/product"}],"about":[{"href":"https:\/\/roveyayinevi.com.tr\/index.php\/wp-json\/wp\/v2\/types\/product"}],"wp:attachment":[{"href":"https:\/\/roveyayinevi.com.tr\/index.php\/wp-json\/wp\/v2\/media?parent=771666"}],"wp:term":[{"taxonomy":"product_brand","embeddable":true,"href":"https:\/\/roveyayinevi.com.tr\/index.php\/wp-json\/wp\/v2\/product_brand?post=771666"},{"taxonomy":"product_cat","embeddable":true,"href":"https:\/\/roveyayinevi.com.tr\/index.php\/wp-json\/wp\/v2\/product_cat?post=771666"},{"taxonomy":"product_tag","embeddable":true,"href":"https:\/\/roveyayinevi.com.tr\/index.php\/wp-json\/wp\/v2\/product_tag?post=771666"}],"curies":[{"name":"wp","href":"https:\/\/api.w.org\/{rel}","templated":true}]}}