{"id":771663,"date":"2025-08-28T15:14:09","date_gmt":"2025-08-28T12:14:09","guid":{"rendered":"https:\/\/roveyayinevi.com.tr\/index.php\/urun\/eylul-24\/"},"modified":"2026-04-15T03:38:11","modified_gmt":"2026-04-15T00:38:11","slug":"eylul-24","status":"publish","type":"product","link":"https:\/\/roveyayinevi.com.tr\/index.php\/urun\/eylul-24\/","title":{"rendered":"Eyl\u00fcl"},"content":{"rendered":"<p>Eyl\u00fcl, edebiyat\u0131n, \u015fiirin, m\u00fczi\u011fin korumas\u0131 alt\u0131nda. Hem aylardan bir ay hemde ay\u00f6tesi bir zaman, bir yer, bir duygu. Buna kar\u015f\u0131n belki de 12 ay i\u00e7inde en mahcubu, enal\u00e7akg\u00f6n\u00fcll\u00fcs\u00fc, en incesi. Onu \u00f6yle \u00e7ok \u00f6v\u00fcyoruz ki neredeyse kendini unutturup ba\u015fka bir ayaka\u00e7acak, belki \u015fubat olacak belki temmuz. Yapmayal\u0131m, abartmayal\u0131m, eyl\u00fcl\u00fcn varl\u0131\u011f\u0131 yeter deyipeyl\u00fclde kalal\u0131m!\u0130nsan da eyl\u00fcl\u00fcn korumas\u0131 alt\u0131nda. Eyl\u00fcl kendisini insanlara adam\u0131\u015f durumda. Yeter ki yazbozgunuyla k\u0131\u015f mapusuna girmesin, hem kendisinin hem ba\u015fkalar\u0131n\u0131n ya\u015fam\u0131n\u0131 zindana \u00e7evirmesindiye, fazlal\u0131klar\u0131n\u0131 al\u0131r insan\u0131n. Az\u0131n\u0131 da \u00e7o\u011fa sayar. \u00d6zgecidir, ne h\u00fczn\u00fc \u00f6ne s\u00fcrer ne gazeli.Yava\u015fl\u0131\u011f\u0131yla sakinle\u015ftirir, usullu\u011fuyla kendine getirir insan\u0131.Eyl\u00fcl bizim neyimizdir? Herkesin kendisinden bir par\u00e7ay\u0131 onda buldu\u011fu ya da arad\u0131\u011f\u0131 ayd\u0131r. Yoksa dane yapar eder, bulur bulu\u015fturur verir. Bu kitapta okuyacaklar\u0131n\u0131z da eyl\u00fcl\u00fcn bize verdiklerindentad\u0131ml\u0131k \u015feyler.Eyl\u00fcl\u00fc sevin, dinleyin, duyun, okuyun, size de \u00e7ok \u015fey verecektir, sakin olun.Haydar Erg\u00fclen&#8217;Eyl\u00fcl&#8217; ya\u015famdan ve d\u00fc\u015flerden s\u00fcz\u00fclen \u00f6yk\u00fclerle y\u00fcre\u011fe dokunan farkl\u0131 yolculuklara \u00e7a\u011f\u0131r\u0131yor okuru.Jale SancakG\u00fcnd\u00fczd\u00fc\u015f\u00fc de olsa mutlu olma ihtimali ta\u015f\u0131yan bir yolculuk bu, bir yolculu\u011fa \u00e7\u0131k\u0131lmasa da d\u00f6n\u00fc\u015f\u00fcn\u00fci\u00e7eren bir bellek yoklamas\u0131 eyl\u00fcle dair, eyl\u00fcl \u00fczerinden.Hakan Akdo\u011fan<\/p>\n","protected":false},"excerpt":{"rendered":"<p>Eyl\u00fcl, edebiyat\u0131n, \u015fiirin, m\u00fczi\u011fin korumas\u0131 alt\u0131nda. Hem aylardan bir ay hemde ay\u00f6tesi bir zaman, bir yer, bir duygu. Buna kar\u015f\u0131n belki de 12 ay i\u00e7inde en<span class=\"excerpt-hellip\"> [\u2026]<\/span><\/p>\n","protected":false},"featured_media":0,"template":"","meta":{"_monsterinsights_skip_tracking":false,"_monsterinsights_sitenote_active":false,"_monsterinsights_sitenote_note":"","_monsterinsights_sitenote_category":0},"product_brand":[],"product_cat":[12291,12711],"product_tag":[],"class_list":{"0":"post-771663","1":"product","2":"type-product","3":"status-publish","5":"product_cat-edebiyat","6":"product_cat-roman-oyku","7":"pa_cilt-ciltsiz","8":"pa_tur-kitap","9":"pa_yayinevi-yediveren-yayinlari","10":"pa_yazar-kolektif","12":"first","13":"instock","14":"sale","15":"shipping-taxable","16":"purchasable","17":"product-type-simple"},"_links":{"self":[{"href":"https:\/\/roveyayinevi.com.tr\/index.php\/wp-json\/wp\/v2\/product\/771663","targetHints":{"allow":["GET"]}}],"collection":[{"href":"https:\/\/roveyayinevi.com.tr\/index.php\/wp-json\/wp\/v2\/product"}],"about":[{"href":"https:\/\/roveyayinevi.com.tr\/index.php\/wp-json\/wp\/v2\/types\/product"}],"wp:attachment":[{"href":"https:\/\/roveyayinevi.com.tr\/index.php\/wp-json\/wp\/v2\/media?parent=771663"}],"wp:term":[{"taxonomy":"product_brand","embeddable":true,"href":"https:\/\/roveyayinevi.com.tr\/index.php\/wp-json\/wp\/v2\/product_brand?post=771663"},{"taxonomy":"product_cat","embeddable":true,"href":"https:\/\/roveyayinevi.com.tr\/index.php\/wp-json\/wp\/v2\/product_cat?post=771663"},{"taxonomy":"product_tag","embeddable":true,"href":"https:\/\/roveyayinevi.com.tr\/index.php\/wp-json\/wp\/v2\/product_tag?post=771663"}],"curies":[{"name":"wp","href":"https:\/\/api.w.org\/{rel}","templated":true}]}}