{"id":771661,"date":"2025-08-28T15:14:05","date_gmt":"2025-08-28T12:14:05","guid":{"rendered":"https:\/\/roveyayinevi.com.tr\/index.php\/urun\/icimdeki-bosluk\/"},"modified":"2026-04-15T03:38:11","modified_gmt":"2026-04-15T00:38:11","slug":"icimdeki-bosluk","status":"publish","type":"product","link":"https:\/\/roveyayinevi.com.tr\/index.php\/urun\/icimdeki-bosluk\/","title":{"rendered":"\u0130\u00e7imdeki Bo\u015fluk"},"content":{"rendered":"<p>\u201cSevenler en sonunda bir yerde bulu\u015fmaz onlar en ba\u015f\u0131ndan beri birbirlerinin i\u00e7indedirler. Bizim gibi\u2026\u201d Hayat\u0131n\u0131zda \u201cAcaba \u015f\u00f6yle yapsayd\u0131m\u201d dedi\u011finiz anlar var m\u0131? Muhakkak vard\u0131r. \u0130\u00e7iniz rahat etsin, siz zaten \u00f6yle yapt\u0131n\u0131z. Elinizde tuttu\u011funuz bu kitap, hepimizin ya\u015fam\u0131 boyunca birka\u00e7 kez maruz kald\u0131\u011f\u0131 ayr\u0131l\u0131k s\u00fcre\u00e7lerin birini ya\u015fad\u0131\u011f\u0131m anda benim de \u201cAcaba b\u00f6yle olmasayd\u0131 ne olurdu\u201d dedi\u011fim bir ihtimalden yola \u00e7\u0131karak, ger\u00e7ekle\u015ftirdi\u011fim ge\u00e7mi\u015f ya\u015fam \u015fifalanmas\u0131 s\u0131ras\u0131nda ortaya \u00e7\u0131kt\u0131. Asl\u0131nda benim i\u00e7in iki ihtimal vard\u0131. &#8211; U\u00e7a\u011f\u0131 ka\u00e7\u0131rmasayd\u0131m neler ya\u015fayacakt\u0131m? &#8211; U\u00e7a\u011fa bindim peki \u015fimdi ne olacak?<\/p>\n","protected":false},"excerpt":{"rendered":"<p>\u201cSevenler en sonunda bir yerde bulu\u015fmaz onlar en ba\u015f\u0131ndan beri birbirlerinin i\u00e7indedirler. Bizim gibi\u2026\u201d Hayat\u0131n\u0131zda \u201cAcaba \u015f\u00f6yle yapsayd\u0131m\u201d dedi\u011finiz anlar var m\u0131? Muhakkak vard\u0131r. \u0130\u00e7iniz rahat<span class=\"excerpt-hellip\"> [\u2026]<\/span><\/p>\n","protected":false},"featured_media":0,"template":"","meta":{"_monsterinsights_skip_tracking":false,"_monsterinsights_sitenote_active":false,"_monsterinsights_sitenote_note":"","_monsterinsights_sitenote_category":0},"product_brand":[],"product_cat":[12291,12711],"product_tag":[],"class_list":{"0":"post-771661","1":"product","2":"type-product","3":"status-publish","5":"product_cat-edebiyat","6":"product_cat-roman-oyku","7":"pa_cilt-ciltsiz","8":"pa_tur-kitap","9":"pa_yayinevi-yediveren-yayinlari","10":"pa_yazar-didem-moralioglu","12":"first","13":"instock","14":"sale","15":"shipping-taxable","16":"purchasable","17":"product-type-simple"},"_links":{"self":[{"href":"https:\/\/roveyayinevi.com.tr\/index.php\/wp-json\/wp\/v2\/product\/771661","targetHints":{"allow":["GET"]}}],"collection":[{"href":"https:\/\/roveyayinevi.com.tr\/index.php\/wp-json\/wp\/v2\/product"}],"about":[{"href":"https:\/\/roveyayinevi.com.tr\/index.php\/wp-json\/wp\/v2\/types\/product"}],"wp:attachment":[{"href":"https:\/\/roveyayinevi.com.tr\/index.php\/wp-json\/wp\/v2\/media?parent=771661"}],"wp:term":[{"taxonomy":"product_brand","embeddable":true,"href":"https:\/\/roveyayinevi.com.tr\/index.php\/wp-json\/wp\/v2\/product_brand?post=771661"},{"taxonomy":"product_cat","embeddable":true,"href":"https:\/\/roveyayinevi.com.tr\/index.php\/wp-json\/wp\/v2\/product_cat?post=771661"},{"taxonomy":"product_tag","embeddable":true,"href":"https:\/\/roveyayinevi.com.tr\/index.php\/wp-json\/wp\/v2\/product_tag?post=771661"}],"curies":[{"name":"wp","href":"https:\/\/api.w.org\/{rel}","templated":true}]}}