{"id":771660,"date":"2025-08-28T15:14:03","date_gmt":"2025-08-28T12:14:03","guid":{"rendered":"https:\/\/roveyayinevi.com.tr\/index.php\/urun\/iffet-hanim\/"},"modified":"2026-04-15T03:38:11","modified_gmt":"2026-04-15T00:38:11","slug":"iffet-hanim","status":"publish","type":"product","link":"https:\/\/roveyayinevi.com.tr\/index.php\/urun\/iffet-hanim\/","title":{"rendered":"\u0130ffet Han\u0131m"},"content":{"rendered":"<p>D\u00fcnyan\u0131n sava\u015f ve y\u0131k\u0131mlarla \u00e7alkaland\u0131\u011f\u0131 1900\u2019l\u00fc y\u0131llar\u0131n ba\u015f\u0131nda d\u00fcnyaya gelen \u0130ffet, k\u00fc\u00e7\u00fckya\u015flarda anne ve babas\u0131n\u0131 kaybetmi\u015ftir. Osmanl\u0131 askeri olan a\u011fabeyi \u0130ffet\u2019i b\u00fcy\u00fct\u00fcr ve e\u011fitimalmas\u0131n\u0131 sa\u011flar.\u0130ffet, gen\u00e7 bir kad\u0131n do\u011fum hekimi olarak mezun olduktan sonra a\u011fabeyinin y\u00f6nlendirmeleriyleEge\u2019nin k\u00fc\u00e7\u00fck bir kasabas\u0131na yerle\u015fir ve g\u00f6rev yerinin de\u011fi\u015fmemesi i\u00e7in kendisinden ya\u015f\u00e7a birhayli b\u00fcy\u00fck bir adamla evlendirilir. Hayat\u0131n\u0131n d\u00f6n\u00fcm noktas\u0131 ise, iki \u00e7ocuk annesiyken \u00e7al\u0131\u015ft\u0131\u011f\u0131hastanedeki bir hekime \u00e2\u015f\u0131k olmas\u0131 olacakt\u0131r. A\u015fk\u0131 hayat\u0131nda ilk defa tadan \u0130ffet, erkek egemenbir toplum taraf\u0131ndan lin\u00e7 edilmeye \u00e7al\u0131\u015f\u0131lacak ve iki \u00e7ocu\u011fuyla birlikte Anadolu\u2019nun \u00fccrak\u00f6\u015felerine s\u00fcrg\u00fcnlere g\u00f6nderilecektir.Seksenli y\u0131llarda \u00f6mr\u00fcn\u00fcn son g\u00fcnlerini ya\u015fayan \u0130ffet Han\u0131m\u2019\u0131n hem seksenli y\u0131llarpenceresinden hem de Cumhuriyetin ilk y\u0131llar\u0131 perspektifinden s\u00fcrg\u00fcnler, tacizler, d\u0131\u015flamalar velin\u00e7ler kar\u015f\u0131s\u0131nda iki k\u0131z\u0131yla birlikte verdi\u011fi zorluklarla m\u00fccadele hikayesi\u2026Ger\u00e7ek bir hayattan uyarlanan ve \u00e7ift y\u00f6nl\u00fc bir d\u00f6nem roman\u0131 olma \u00f6zelli\u011fini ta\u015f\u0131yan \u0130ffet Han\u0131mroman\u0131; do\u011fru bildi\u011fi yoldan sapmayan, \u00e7a\u011f\u0131n\u0131n \u00e7ok \u00f6tesindeki bir kad\u0131n\u0131n hayat kar\u015f\u0131s\u0131ndakiduru\u015fuyla okurlar\u0131 derin bir y\u00fczle\u015fmeye davet ediyor.<\/p>\n","protected":false},"excerpt":{"rendered":"<p>D\u00fcnyan\u0131n sava\u015f ve y\u0131k\u0131mlarla \u00e7alkaland\u0131\u011f\u0131 1900\u2019l\u00fc y\u0131llar\u0131n ba\u015f\u0131nda d\u00fcnyaya gelen \u0130ffet, k\u00fc\u00e7\u00fckya\u015flarda anne ve babas\u0131n\u0131 kaybetmi\u015ftir. Osmanl\u0131 askeri olan a\u011fabeyi \u0130ffet\u2019i b\u00fcy\u00fct\u00fcr ve e\u011fitimalmas\u0131n\u0131 sa\u011flar.\u0130ffet, gen\u00e7<span class=\"excerpt-hellip\"> [\u2026]<\/span><\/p>\n","protected":false},"featured_media":0,"template":"","meta":{"_monsterinsights_skip_tracking":false,"_monsterinsights_sitenote_active":false,"_monsterinsights_sitenote_note":"","_monsterinsights_sitenote_category":0},"product_brand":[],"product_cat":[12291,12745],"product_tag":[],"class_list":{"0":"post-771660","1":"product","2":"type-product","3":"status-publish","5":"product_cat-edebiyat","6":"product_cat-tarihi-roman","7":"pa_cilt-ciltsiz","8":"pa_tur-kitap","9":"pa_yayinevi-yediveren-yayinlari","10":"pa_yazar-gokce-singin","12":"first","13":"instock","14":"sale","15":"shipping-taxable","16":"purchasable","17":"product-type-simple"},"_links":{"self":[{"href":"https:\/\/roveyayinevi.com.tr\/index.php\/wp-json\/wp\/v2\/product\/771660","targetHints":{"allow":["GET"]}}],"collection":[{"href":"https:\/\/roveyayinevi.com.tr\/index.php\/wp-json\/wp\/v2\/product"}],"about":[{"href":"https:\/\/roveyayinevi.com.tr\/index.php\/wp-json\/wp\/v2\/types\/product"}],"wp:attachment":[{"href":"https:\/\/roveyayinevi.com.tr\/index.php\/wp-json\/wp\/v2\/media?parent=771660"}],"wp:term":[{"taxonomy":"product_brand","embeddable":true,"href":"https:\/\/roveyayinevi.com.tr\/index.php\/wp-json\/wp\/v2\/product_brand?post=771660"},{"taxonomy":"product_cat","embeddable":true,"href":"https:\/\/roveyayinevi.com.tr\/index.php\/wp-json\/wp\/v2\/product_cat?post=771660"},{"taxonomy":"product_tag","embeddable":true,"href":"https:\/\/roveyayinevi.com.tr\/index.php\/wp-json\/wp\/v2\/product_tag?post=771660"}],"curies":[{"name":"wp","href":"https:\/\/api.w.org\/{rel}","templated":true}]}}