{"id":771659,"date":"2025-08-28T15:14:01","date_gmt":"2025-08-28T12:14:01","guid":{"rendered":"https:\/\/roveyayinevi.com.tr\/index.php\/urun\/alparslan-5\/"},"modified":"2026-04-15T03:38:11","modified_gmt":"2026-04-15T00:38:11","slug":"alparslan-5","status":"publish","type":"product","link":"https:\/\/roveyayinevi.com.tr\/index.php\/urun\/alparslan-5\/","title":{"rendered":"Alparslan"},"content":{"rendered":"<p>B\u00fcy\u00fck Sel\u00e7uklu \u0130mparatorlu\u011fu\u2019nun ikinci sultan\u0131 Alparslan, uygulad\u0131\u011f\u0131 ba\u015far\u0131l\u0131 fetih siyasetiyle \u00f6ncelikle Anadolu \u00fczerinde tasavvur edilen T\u00fcrk ak\u0131nlar\u0131n\u0131 g\u00fcvence alt\u0131na alm\u0131\u015ft\u0131r. Bununla birlikte karga\u015faya sebebiyet vermemek i\u00e7in daha \u00e7ok kuzey b\u00f6lgelere yani Kafkasya sahas\u0131na seferler d\u00fczenlemi\u015f, bu sayede Do\u011fu Anadolu \u00fczerinden ge\u00e7i\u015f kolay bir \u015fekilde sistemle\u015ftirmi\u015ftir. Elbetteki Alparslan\u2019\u0131n bu sistemli bir \u015fekilde ilerleyecek olan sefer d\u00fc\u015f\u00fcncesi, kendisinden \u00f6nce bu saha da olduk\u00e7a tecr\u00fcbe sahibi olan babas\u0131 \u00c7a\u011fr\u0131 Bey ve amcas\u0131 Tu\u011frul Bey\u2019in sahip oldu\u011fu birikimler vas\u0131tas\u0131yla \u015fekillenmi\u015ftir. Bu sebeple Alparslan\u2019\u0131n bu \u00e7izgi \u00fczerinde y\u00fcr\u00fcmesi bizzat b\u00fcy\u00fcklerinin ona kazand\u0131rd\u0131\u011f\u0131 bilgi beceri, t\u00f6re ve devlet sayg\u0131s\u0131 kendisinden sonra gelen T\u00fcrk beylerine \u00f6rnek te\u015fkil etmi\u015ftir. Malazgirt Zaferi ile Anadolu\u2019nun kap\u0131lar\u0131n\u0131 sonsuza kadar T\u00fcrk milletine a\u00e7an Alparslan\u2019\u0131n hayat\u0131n\u0131n her bir an\u0131 bizlere de \u00f6rnek olacak niteliktedir.<\/p>\n","protected":false},"excerpt":{"rendered":"<p>B\u00fcy\u00fck Sel\u00e7uklu \u0130mparatorlu\u011fu\u2019nun ikinci sultan\u0131 Alparslan, uygulad\u0131\u011f\u0131 ba\u015far\u0131l\u0131 fetih siyasetiyle \u00f6ncelikle Anadolu \u00fczerinde tasavvur edilen T\u00fcrk ak\u0131nlar\u0131n\u0131 g\u00fcvence alt\u0131na alm\u0131\u015ft\u0131r. Bununla birlikte karga\u015faya sebebiyet vermemek i\u00e7in<span class=\"excerpt-hellip\"> [\u2026]<\/span><\/p>\n","protected":false},"featured_media":0,"template":"","meta":{"_monsterinsights_skip_tracking":false,"_monsterinsights_sitenote_active":false,"_monsterinsights_sitenote_note":"","_monsterinsights_sitenote_category":0},"product_brand":[],"product_cat":[12370,12304],"product_tag":[],"class_list":{"0":"post-771659","1":"product","2":"type-product","3":"status-publish","5":"product_cat-arastirma-inceleme","6":"product_cat-tarih","7":"pa_cilt-ciltsiz","8":"pa_tur-kitap","9":"pa_yayinevi-yediveren-yayinlari","10":"pa_yazar-muzaffer-kadiroglu","12":"first","13":"instock","14":"sale","15":"shipping-taxable","16":"purchasable","17":"product-type-simple"},"_links":{"self":[{"href":"https:\/\/roveyayinevi.com.tr\/index.php\/wp-json\/wp\/v2\/product\/771659","targetHints":{"allow":["GET"]}}],"collection":[{"href":"https:\/\/roveyayinevi.com.tr\/index.php\/wp-json\/wp\/v2\/product"}],"about":[{"href":"https:\/\/roveyayinevi.com.tr\/index.php\/wp-json\/wp\/v2\/types\/product"}],"wp:attachment":[{"href":"https:\/\/roveyayinevi.com.tr\/index.php\/wp-json\/wp\/v2\/media?parent=771659"}],"wp:term":[{"taxonomy":"product_brand","embeddable":true,"href":"https:\/\/roveyayinevi.com.tr\/index.php\/wp-json\/wp\/v2\/product_brand?post=771659"},{"taxonomy":"product_cat","embeddable":true,"href":"https:\/\/roveyayinevi.com.tr\/index.php\/wp-json\/wp\/v2\/product_cat?post=771659"},{"taxonomy":"product_tag","embeddable":true,"href":"https:\/\/roveyayinevi.com.tr\/index.php\/wp-json\/wp\/v2\/product_tag?post=771659"}],"curies":[{"name":"wp","href":"https:\/\/api.w.org\/{rel}","templated":true}]}}