{"id":771657,"date":"2025-08-28T15:13:56","date_gmt":"2025-08-28T12:13:56","guid":{"rendered":"https:\/\/roveyayinevi.com.tr\/index.php\/urun\/korku-hikayeleri\/"},"modified":"2026-04-15T03:38:11","modified_gmt":"2026-04-15T00:38:11","slug":"korku-hikayeleri","status":"publish","type":"product","link":"https:\/\/roveyayinevi.com.tr\/index.php\/urun\/korku-hikayeleri\/","title":{"rendered":"Korku Hikayeleri"},"content":{"rendered":"<p>Uykuya dalmak \u00fczereyken sizi izleyen gizemli varl\u0131klar\u0131 hissettiniz mi hi\u00e7? Ya da bir evi, sizden \u00f6nce ya\u015fayan ki\u015filerle fark\u0131nda olmadan payla\u015ft\u0131n\u0131z m\u0131? Farkl\u0131 alemlerden gelen baz\u0131 bilgilerin \u015fa\u015f\u0131rt\u0131c\u0131 derece do\u011fru \u00e7\u0131kmas\u0131na \u015fahit oldunuz mu? Ara\u015ft\u0131rd\u0131\u011f\u0131 ve anlatt\u0131\u011f\u0131 birbirinden ilgin\u00e7 konularla korku severlerin b\u00fcy\u00fck be\u011fenisini toplayan Engin Deniz, onlarca \u015fa\u015f\u0131rt\u0131c\u0131 ve \u00fcrpertici hik\u00e2yeyi sizler i\u00e7in derledi. \u015eimdi arkan\u0131za yaslan\u0131n ve ilk defa okuyaca\u011f\u0131n\u0131z korku dolu hik\u00e2yelerle \u00fcrpertici bir ser\u00fcvene haz\u0131r olun!<\/p>\n","protected":false},"excerpt":{"rendered":"<p>Uykuya dalmak \u00fczereyken sizi izleyen gizemli varl\u0131klar\u0131 hissettiniz mi hi\u00e7? Ya da bir evi, sizden \u00f6nce ya\u015fayan ki\u015filerle fark\u0131nda olmadan payla\u015ft\u0131n\u0131z m\u0131? Farkl\u0131 alemlerden gelen baz\u0131<span class=\"excerpt-hellip\"> [\u2026]<\/span><\/p>\n","protected":false},"featured_media":0,"template":"","meta":{"_monsterinsights_skip_tracking":false,"_monsterinsights_sitenote_active":false,"_monsterinsights_sitenote_note":"","_monsterinsights_sitenote_category":0},"product_brand":[],"product_cat":[12291,17033],"product_tag":[],"class_list":{"0":"post-771657","1":"product","2":"type-product","3":"status-publish","5":"product_cat-edebiyat","6":"product_cat-korku-gerilim","7":"pa_cilt-ciltsiz","8":"pa_tur-kitap","9":"pa_yayinevi-yediveren-yayinlari","10":"pa_yazar-engin-deniz","12":"first","13":"instock","14":"sale","15":"shipping-taxable","16":"purchasable","17":"product-type-simple"},"_links":{"self":[{"href":"https:\/\/roveyayinevi.com.tr\/index.php\/wp-json\/wp\/v2\/product\/771657","targetHints":{"allow":["GET"]}}],"collection":[{"href":"https:\/\/roveyayinevi.com.tr\/index.php\/wp-json\/wp\/v2\/product"}],"about":[{"href":"https:\/\/roveyayinevi.com.tr\/index.php\/wp-json\/wp\/v2\/types\/product"}],"wp:attachment":[{"href":"https:\/\/roveyayinevi.com.tr\/index.php\/wp-json\/wp\/v2\/media?parent=771657"}],"wp:term":[{"taxonomy":"product_brand","embeddable":true,"href":"https:\/\/roveyayinevi.com.tr\/index.php\/wp-json\/wp\/v2\/product_brand?post=771657"},{"taxonomy":"product_cat","embeddable":true,"href":"https:\/\/roveyayinevi.com.tr\/index.php\/wp-json\/wp\/v2\/product_cat?post=771657"},{"taxonomy":"product_tag","embeddable":true,"href":"https:\/\/roveyayinevi.com.tr\/index.php\/wp-json\/wp\/v2\/product_tag?post=771657"}],"curies":[{"name":"wp","href":"https:\/\/api.w.org\/{rel}","templated":true}]}}