{"id":771655,"date":"2025-08-28T15:13:51","date_gmt":"2025-08-28T12:13:51","guid":{"rendered":"https:\/\/roveyayinevi.com.tr\/index.php\/urun\/o-cocuk-senin\/"},"modified":"2026-04-15T03:38:11","modified_gmt":"2026-04-15T00:38:11","slug":"o-cocuk-senin","status":"publish","type":"product","link":"https:\/\/roveyayinevi.com.tr\/index.php\/urun\/o-cocuk-senin\/","title":{"rendered":"O \u00c7ocuk Senin"},"content":{"rendered":"<p>&#8220;Annen, baban seni biraz daha farkl\u0131 yeti\u015ftirseydi,\u00d6zg\u00fcvenini kazanman i\u00e7in biraz daha destek olsayd\u0131,Sana yeteri kadar cesaret verseydi,Sen kim bilir daha neler yapard\u0131n.&#8221;\u015eimdi senin de bir \u00e7ocu\u011fun var,Ke\u015ffedilmeyi bekleyen.&#8221;<\/p>\n","protected":false},"excerpt":{"rendered":"<p>&#8220;Annen, baban seni biraz daha farkl\u0131 yeti\u015ftirseydi,\u00d6zg\u00fcvenini kazanman i\u00e7in biraz daha destek olsayd\u0131,Sana yeteri kadar cesaret verseydi,Sen kim bilir daha neler yapard\u0131n.&#8221;\u015eimdi senin de bir \u00e7ocu\u011fun<span class=\"excerpt-hellip\"> [\u2026]<\/span><\/p>\n","protected":false},"featured_media":0,"template":"","meta":{"_monsterinsights_skip_tracking":false,"_monsterinsights_sitenote_active":false,"_monsterinsights_sitenote_note":"","_monsterinsights_sitenote_category":0},"product_brand":[],"product_cat":[12831,12324],"product_tag":[],"class_list":{"0":"post-771655","1":"product","2":"type-product","3":"status-publish","5":"product_cat-aile-ve-cocuk","6":"product_cat-sosyoloji","7":"pa_cilt-ciltsiz","8":"pa_tur-kitap","9":"pa_yayinevi-yediveren-yayinlari","10":"pa_yazar-mehmet-akpinar","12":"first","13":"instock","14":"sale","15":"shipping-taxable","16":"purchasable","17":"product-type-simple"},"_links":{"self":[{"href":"https:\/\/roveyayinevi.com.tr\/index.php\/wp-json\/wp\/v2\/product\/771655","targetHints":{"allow":["GET"]}}],"collection":[{"href":"https:\/\/roveyayinevi.com.tr\/index.php\/wp-json\/wp\/v2\/product"}],"about":[{"href":"https:\/\/roveyayinevi.com.tr\/index.php\/wp-json\/wp\/v2\/types\/product"}],"wp:attachment":[{"href":"https:\/\/roveyayinevi.com.tr\/index.php\/wp-json\/wp\/v2\/media?parent=771655"}],"wp:term":[{"taxonomy":"product_brand","embeddable":true,"href":"https:\/\/roveyayinevi.com.tr\/index.php\/wp-json\/wp\/v2\/product_brand?post=771655"},{"taxonomy":"product_cat","embeddable":true,"href":"https:\/\/roveyayinevi.com.tr\/index.php\/wp-json\/wp\/v2\/product_cat?post=771655"},{"taxonomy":"product_tag","embeddable":true,"href":"https:\/\/roveyayinevi.com.tr\/index.php\/wp-json\/wp\/v2\/product_tag?post=771655"}],"curies":[{"name":"wp","href":"https:\/\/api.w.org\/{rel}","templated":true}]}}