{"id":771654,"date":"2025-08-28T15:13:50","date_gmt":"2025-08-28T12:13:50","guid":{"rendered":"https:\/\/roveyayinevi.com.tr\/index.php\/urun\/sufinin-imani-ve-kaderi\/"},"modified":"2026-04-15T03:38:11","modified_gmt":"2026-04-15T00:38:11","slug":"sufinin-imani-ve-kaderi","status":"publish","type":"product","link":"https:\/\/roveyayinevi.com.tr\/index.php\/urun\/sufinin-imani-ve-kaderi\/","title":{"rendered":"Sufi&#8217;nin \u0130man\u0131 ve Kaderi"},"content":{"rendered":"<p>\u0130slam&#8217;\u0131 anlamak; Kur&#8217;an-\u0131 Kerim ve s\u00fcnneti anlamakt\u0131r. \u0130slam&#8217;\u0131 ya\u015famak i\u00e7in araya bir arac\u0131 koymaya gerek yoktur. Tasavvuf yolu bir\u00e7ok kez g\u00f6r\u00fcld\u00fc\u011f\u00fc \u00fczere araya arac\u0131lar koyarak \u0130slam&#8217;\u0131 ya\u015famaya \u00e7al\u0131\u015fmak ve \u00f6z\u00fcnde Allah&#8217;tan uzakla\u015fmakt\u0131r.Din ak\u0131l istiyor tasavvuf istemiyor. Din akla gelmi\u015f tasavvuf akla so\u011fuk. Din &#8216;ak\u0131ls\u0131z olmaz&#8217; diyor Tasavvuf &#8216;ak\u0131lla olmaz&#8217; diyor. Din &#8216;akl\u0131n\u0131 ba\u015f\u0131na al&#8217; diyor tarikat &#8216; akl\u0131n\u0131 ba\u015f\u0131ndan at&#8217; diyor. Din akl\u0131 g\u00f6reve \u00e7a\u011f\u0131r\u0131yor tarikat akl\u0131 kovuyor.\u015eeyhe imandaki ak\u0131ls\u0131zl\u0131klardan Sufi iman\u0131ndaki abart\u0131lara ve kader anlay\u0131\u015flar\u0131na kadar t\u00fcm \u00e7eli\u015fkileriyle Sufi&#8217;nin iman\u0131 ve kaderi bu kitapta!<\/p>\n","protected":false},"excerpt":{"rendered":"<p>\u0130slam&#8217;\u0131 anlamak; Kur&#8217;an-\u0131 Kerim ve s\u00fcnneti anlamakt\u0131r. \u0130slam&#8217;\u0131 ya\u015famak i\u00e7in araya bir arac\u0131 koymaya gerek yoktur. Tasavvuf yolu bir\u00e7ok kez g\u00f6r\u00fcld\u00fc\u011f\u00fc \u00fczere araya arac\u0131lar koyarak \u0130slam&#8217;\u0131<span class=\"excerpt-hellip\"> [\u2026]<\/span><\/p>\n","protected":false},"featured_media":0,"template":"","meta":{"_monsterinsights_skip_tracking":false,"_monsterinsights_sitenote_active":false,"_monsterinsights_sitenote_note":"","_monsterinsights_sitenote_category":0},"product_brand":[],"product_cat":[12718,12719,12720],"product_tag":[],"class_list":{"0":"post-771654","1":"product","2":"type-product","3":"status-publish","5":"product_cat-din","6":"product_cat-islam","7":"product_cat-tasavvuf-mezhepler-tarikatlar","8":"pa_cilt-ciltsiz","9":"pa_tur-kitap","10":"pa_yayinevi-yediveren-yayinlari","11":"pa_yazar-hamdi-kalyoncu","13":"first","14":"instock","15":"sale","16":"shipping-taxable","17":"purchasable","18":"product-type-simple"},"_links":{"self":[{"href":"https:\/\/roveyayinevi.com.tr\/index.php\/wp-json\/wp\/v2\/product\/771654","targetHints":{"allow":["GET"]}}],"collection":[{"href":"https:\/\/roveyayinevi.com.tr\/index.php\/wp-json\/wp\/v2\/product"}],"about":[{"href":"https:\/\/roveyayinevi.com.tr\/index.php\/wp-json\/wp\/v2\/types\/product"}],"wp:attachment":[{"href":"https:\/\/roveyayinevi.com.tr\/index.php\/wp-json\/wp\/v2\/media?parent=771654"}],"wp:term":[{"taxonomy":"product_brand","embeddable":true,"href":"https:\/\/roveyayinevi.com.tr\/index.php\/wp-json\/wp\/v2\/product_brand?post=771654"},{"taxonomy":"product_cat","embeddable":true,"href":"https:\/\/roveyayinevi.com.tr\/index.php\/wp-json\/wp\/v2\/product_cat?post=771654"},{"taxonomy":"product_tag","embeddable":true,"href":"https:\/\/roveyayinevi.com.tr\/index.php\/wp-json\/wp\/v2\/product_tag?post=771654"}],"curies":[{"name":"wp","href":"https:\/\/api.w.org\/{rel}","templated":true}]}}