{"id":771651,"date":"2025-08-28T15:13:43","date_gmt":"2025-08-28T12:13:43","guid":{"rendered":"https:\/\/roveyayinevi.com.tr\/index.php\/urun\/agri-nedir\/"},"modified":"2026-04-15T03:38:11","modified_gmt":"2026-04-15T00:38:11","slug":"agri-nedir","status":"publish","type":"product","link":"https:\/\/roveyayinevi.com.tr\/index.php\/urun\/agri-nedir\/","title":{"rendered":"A\u011fr\u0131 Nedir?"},"content":{"rendered":"<p>Hayat\u0131n ka\u00e7\u0131n\u0131lmaz bir par\u00e7as\u0131d\u0131r a\u011fr\u0131\/ac\u0131; \u015fiddetli oldu\u011funda di\u011fer her \u015feyi geri plana itebilen naho\u015f bir histir. Peki bu hissin neden var oldu\u011funu, ne i\u015fe yarad\u0131\u011f\u0131n\u0131 ve nas\u0131l i\u015fledi\u011fini hi\u00e7 d\u00fc\u015f\u00fcnd\u00fcn\u00fcz m\u00fc?   T\u0131p doktoru ve yazar Monty Lyman A\u011fr\u0131 Nedir? de a\u011fr\u0131n\u0131n tabiat\u0131n\u0131 sorguluyor ve onun d\u00fc\u015f\u00fcnd\u00fc\u011f\u00fcm\u00fczden \u00e7ok daha karma\u015f\u0131k \u2013\u00e7o\u011fu zaman da yan\u0131lt\u0131c\u0131\u2013 bir his oldu\u011funu g\u00f6zler \u00f6n\u00fcne seriyor. A\u011fr\u0131n\u0131n v\u00fccuttaki hasar\u0131n do\u011fru bir g\u00f6stergesi olmaktan ziyade beyinde yarat\u0131lan ve psikoloji, duygular, sosyal ba\u011flam, dikkat ve beklentiler taraf\u0131ndan \u015fekillendirilen \u00e7oky\u00f6nl\u00fc bir deneyim oldu\u011funu vurguluyor. A\u011fr\u0131 konusundaki bilgisizli\u011fimizin ve daha k\u00f6t\u00fcs\u00fc yanl\u0131\u015f bilgilerimizin mevcut a\u011fr\u0131 pandemisini nas\u0131l k\u00f6r\u00fckledi\u011fini a\u00e7\u0131kl\u0131yor.   V\u00fccuttaki hasar iyile\u015ftikten \u00e7ok sonra bile devam eden inat\u00e7\u0131 a\u011fr\u0131dan, olmayan bir uzvun a\u011fr\u0131d\u0131\u011f\u0131 hayalet uzuv a\u011fr\u0131s\u0131 vakalar\u0131na; \u015feker haplar\u0131 gibi t\u0131bbi a\u00e7\u0131dan tamamen tesirsiz m\u00fcdahalelerin a\u011fr\u0131y\u0131 iyile\u015ftirebildi\u011fi veya k\u00f6t\u00fcle\u015ftirebildi\u011fi plasebo ve nosebo etkilerinden, a\u011fr\u0131 alg\u0131s\u0131n\u0131n telkinle de\u011fi\u015ftirilebildi\u011fi hipnoza pek \u00e7ok konuyu irdeleyerek geni\u015f bir perspektif sunan bu \u00e7al\u0131\u015fma, t\u0131pta ve beyin bilimlerinde \u00e7\u0131\u011f\u0131r a\u00e7an yeni ara\u015ft\u0131rmalar\u0131 ele alarak a\u011fr\u0131ya dair yerle\u015fik kabulleri sars\u0131yor.   A\u011fr\u0131 Nedir? sadece t\u0131p ve bilim merakl\u0131lar\u0131 i\u00e7in de\u011fil, insan deneyiminin en temel unsurlar\u0131ndan biri olan a\u011fr\u0131y\u0131 daha iyi anlamak ve y\u00f6netmek isteyen herkes i\u00e7in ka\u00e7\u0131r\u0131lmamas\u0131 gereken bir eser.  <\/p>\n","protected":false},"excerpt":{"rendered":"<p>Hayat\u0131n ka\u00e7\u0131n\u0131lmaz bir par\u00e7as\u0131d\u0131r a\u011fr\u0131\/ac\u0131; \u015fiddetli oldu\u011funda di\u011fer her \u015feyi geri plana itebilen naho\u015f bir histir. Peki bu hissin neden var oldu\u011funu, ne i\u015fe yarad\u0131\u011f\u0131n\u0131 ve<span class=\"excerpt-hellip\"> [\u2026]<\/span><\/p>\n","protected":false},"featured_media":0,"template":"","meta":{"_monsterinsights_skip_tracking":false,"_monsterinsights_sitenote_active":false,"_monsterinsights_sitenote_note":"","_monsterinsights_sitenote_category":0},"product_brand":[],"product_cat":[20313,13365],"product_tag":[],"class_list":{"0":"post-771651","1":"product","2":"type-product","3":"status-publish","5":"product_cat-basvuru-kitaplari-saglik","6":"product_cat-saglik","7":"pa_cilt-ciltsiz","8":"pa_tur-kitap","9":"pa_yayinevi-metis-yayinlari","10":"pa_yazar-monty-lyman","12":"first","13":"instock","14":"sale","15":"shipping-taxable","16":"purchasable","17":"product-type-simple"},"_links":{"self":[{"href":"https:\/\/roveyayinevi.com.tr\/index.php\/wp-json\/wp\/v2\/product\/771651","targetHints":{"allow":["GET"]}}],"collection":[{"href":"https:\/\/roveyayinevi.com.tr\/index.php\/wp-json\/wp\/v2\/product"}],"about":[{"href":"https:\/\/roveyayinevi.com.tr\/index.php\/wp-json\/wp\/v2\/types\/product"}],"wp:attachment":[{"href":"https:\/\/roveyayinevi.com.tr\/index.php\/wp-json\/wp\/v2\/media?parent=771651"}],"wp:term":[{"taxonomy":"product_brand","embeddable":true,"href":"https:\/\/roveyayinevi.com.tr\/index.php\/wp-json\/wp\/v2\/product_brand?post=771651"},{"taxonomy":"product_cat","embeddable":true,"href":"https:\/\/roveyayinevi.com.tr\/index.php\/wp-json\/wp\/v2\/product_cat?post=771651"},{"taxonomy":"product_tag","embeddable":true,"href":"https:\/\/roveyayinevi.com.tr\/index.php\/wp-json\/wp\/v2\/product_tag?post=771651"}],"curies":[{"name":"wp","href":"https:\/\/api.w.org\/{rel}","templated":true}]}}