{"id":771647,"date":"2025-08-28T15:13:35","date_gmt":"2025-08-28T12:13:35","guid":{"rendered":"https:\/\/roveyayinevi.com.tr\/index.php\/urun\/duzen-ve-kalkinma-kiskacinda-turkiye\/"},"modified":"2026-04-15T03:38:11","modified_gmt":"2026-04-15T00:38:11","slug":"duzen-ve-kalkinma-kiskacinda-turkiye","status":"publish","type":"product","link":"https:\/\/roveyayinevi.com.tr\/index.php\/urun\/duzen-ve-kalkinma-kiskacinda-turkiye\/","title":{"rendered":"D\u00fczen ve Kalk\u0131nma K\u0131skac\u0131nda T\u00fcrkiye"},"content":{"rendered":"<p>Kapitalizmin ge\u00e7 geli\u015fti\u011fi toplumlarda siyasal iktidar neden bir yandan iktisadi alan\u0131 kurmak ve kurumla\u015ft\u0131rmaya \u00e7al\u0131\u015f\u0131rken bir yandan da neden ve nas\u0131l bu geli\u015fmelere kar\u015f\u0131 s\u00fcrekli teyakkuz halinde kal\u0131r? D\u00fczen ve Kalk\u0131nma K\u0131skac\u0131nda T\u00fcrkiye, bu sorular\u0131 merkeze alarak 1960\u2019lara kadar T\u00fcrkiye tarihini \u015fekillendiren siyasal-iktisadi akl\u0131 ve bu akl\u0131n tasavvur etti\u011fi devlet\/devlet\u00e7ilik anlay\u0131\u015f\u0131n\u0131 inceliyor. Ahmet \u0130nsel, \u00f6ncelikle Osmanl\u0131 devlet d\u00fczenini ve bu d\u00fczen tasavvuru i\u00e7inde toplumsal \u00f6rg\u00fctlenmeyle iktisad\u0131n rol\u00fcn\u00fc de\u011ferlendiriyor. Ard\u0131ndan Cumhuriyetle beraber klasik devlet d\u00fczeni yerine ihdas edilen yeni \u201cdevlet\u201din kalk\u0131nma tarif ve ihtiyac\u0131yla toplumsal de\u011fi\u015fimin \u00e7eli\u015fmeye ba\u015flad\u0131\u011f\u0131 noktalar\u0131 iktisadi y\u00f6nelimler do\u011frultusunda analiz ediyor. Bu analizin merkezinde devlet i\u015fletmeleri ile \u201cdevlete ba\u011fl\u0131 i\u015f\u00e7i s\u0131n\u0131f\u0131 yaratma\u201d \u00e7abalar\u0131 yer al\u0131yor. Bu \u00e7abalar ise, d\u00fczen ve kalk\u0131nma ikilemi kar\u015f\u0131s\u0131nda, iktisadi devlet\u00e7ili\u011fin \u00f6tesine ge\u00e7erek devletin merkez\u00ee rol\u00fcn\u00fc toplum kar\u015f\u0131s\u0131nda tahkim etti\u011fi yeni bir siyasal tablo ortaya \u00e7\u0131kar\u0131yor. D\u00fczen ve Kalk\u0131nma K\u0131skac\u0131nda T\u00fcrkiye, devletin hep merkezde yer ald\u0131\u011f\u0131, iktisadi alan\u0131n bu siyasal bak\u0131\u015fa g\u00f6re \u00e7er\u00e7evelendi\u011fi, toplumsal talepler ya da \u00e7at\u0131\u015fmalar\u0131n devletin merkez\u00ee rol\u00fc d\u0131\u015f\u0131nda anlamland\u0131r\u0131lmad\u0131\u011f\u0131 bir tarihsel perspektifi oda\u011f\u0131na al\u0131yor: Devlet ve iktisat kavramlar\u0131n\u0131n, hem tarihsel hem de siyasal olarak nas\u0131l tekrar tekrar kurguland\u0131\u011f\u0131n\u0131 ihmal etmeden.<\/p>\n","protected":false},"excerpt":{"rendered":"<p>Kapitalizmin ge\u00e7 geli\u015fti\u011fi toplumlarda siyasal iktidar neden bir yandan iktisadi alan\u0131 kurmak ve kurumla\u015ft\u0131rmaya \u00e7al\u0131\u015f\u0131rken bir yandan da neden ve nas\u0131l bu geli\u015fmelere kar\u015f\u0131 s\u00fcrekli teyakkuz<span class=\"excerpt-hellip\"> [\u2026]<\/span><\/p>\n","protected":false},"featured_media":0,"template":"","meta":{"_monsterinsights_skip_tracking":false,"_monsterinsights_sitenote_active":false,"_monsterinsights_sitenote_note":"","_monsterinsights_sitenote_category":0},"product_brand":[],"product_cat":[13043,14144],"product_tag":[],"class_list":{"0":"post-771647","1":"product","2":"type-product","3":"status-publish","5":"product_cat-ekonomi","6":"product_cat-turkiye-ekonomisi","7":"pa_cilt-ciltsiz","8":"pa_tur-kitap","9":"pa_yayinevi-iletisim-yayinlari","10":"pa_yazar-ahmet-insel","12":"first","13":"instock","14":"sale","15":"shipping-taxable","16":"purchasable","17":"product-type-simple"},"_links":{"self":[{"href":"https:\/\/roveyayinevi.com.tr\/index.php\/wp-json\/wp\/v2\/product\/771647","targetHints":{"allow":["GET"]}}],"collection":[{"href":"https:\/\/roveyayinevi.com.tr\/index.php\/wp-json\/wp\/v2\/product"}],"about":[{"href":"https:\/\/roveyayinevi.com.tr\/index.php\/wp-json\/wp\/v2\/types\/product"}],"wp:attachment":[{"href":"https:\/\/roveyayinevi.com.tr\/index.php\/wp-json\/wp\/v2\/media?parent=771647"}],"wp:term":[{"taxonomy":"product_brand","embeddable":true,"href":"https:\/\/roveyayinevi.com.tr\/index.php\/wp-json\/wp\/v2\/product_brand?post=771647"},{"taxonomy":"product_cat","embeddable":true,"href":"https:\/\/roveyayinevi.com.tr\/index.php\/wp-json\/wp\/v2\/product_cat?post=771647"},{"taxonomy":"product_tag","embeddable":true,"href":"https:\/\/roveyayinevi.com.tr\/index.php\/wp-json\/wp\/v2\/product_tag?post=771647"}],"curies":[{"name":"wp","href":"https:\/\/api.w.org\/{rel}","templated":true}]}}