{"id":771639,"date":"2025-08-28T15:13:14","date_gmt":"2025-08-28T12:13:14","guid":{"rendered":"https:\/\/roveyayinevi.com.tr\/index.php\/urun\/baharin-ilk-sarkisi\/"},"modified":"2026-04-15T03:38:11","modified_gmt":"2026-04-15T00:38:11","slug":"baharin-ilk-sarkisi","status":"publish","type":"product","link":"https:\/\/roveyayinevi.com.tr\/index.php\/urun\/baharin-ilk-sarkisi\/","title":{"rendered":"Bahar\u0131n \u0130lk \u015eark\u0131s\u0131"},"content":{"rendered":"<p>\u201c\u00f6nemlidir farkl\u0131l\u0131klar yoksa g\u00fcvelerle \u00e7evrili bir kelebek kendini g\u00f6remeyip bir olmaya \u00e7al\u0131\u015f\u0131r g\u00fcvelerle\u201d   Susarak hayatta kalmaya \u00e7al\u0131\u015fan bir k\u0131z \u00e7ocu\u011funun k\u0131r\u0131k hayallerinden, kendine kelimelerle bir d\u00fcnya kurmaya \u00e7al\u0131\u015fan bir kad\u0131n\u0131n direni\u015fine uzanan, sabr\u0131n ve inanc\u0131n kanat a\u00e7t\u0131\u011f\u0131 g\u00fc\u00e7l\u00fc bir b\u00fcy\u00fcme hik\u00e2yesi. Bu hik\u00e2yede \u015fefkatli bir dokunu\u015ftan yoksun b\u00fcy\u00fcyen k\u00fc\u00e7\u00fck k\u0131z; dijital d\u00fcnyan\u0131n sahte yank\u0131lar\u0131yla, \u00e7a\u011f\u0131n yaln\u0131zl\u0131klar\u0131yla ve sevgisizlikle dolu sessiz ev i\u00e7leriyle sava\u015f\u0131yor. Yitirilmi\u015f d\u00fc\u015flere, gizli defterlere ve \u00e7ocukluk yaralar\u0131na kar\u015f\u0131 verilen bu kararl\u0131 sava\u015fta ger\u00e7ekler a\u011f\u0131r ad\u0131mlarla ortaya \u00e7\u0131k\u0131yor.   Talih ve yetenek aras\u0131ndaki k\u0131r\u0131lgan dengede, insan\u0131n kendini ger\u00e7ekle\u015ftirme m\u00fccadelesini anlatan Bahar\u0131n \u0130lk \u015eark\u0131s\u0131, kozas\u0131n\u0131 sab\u0131rla \u00f6ren bir t\u0131rt\u0131l gibi, karanl\u0131\u011f\u0131n i\u00e7inde kendine yol arayanlar\u0131n ve f\u0131rt\u0131nalara ra\u011fmen umut etmekten vazge\u00e7meyenlerin roman\u0131.   Bahar Eri\u015f, incelikli anlat\u0131m\u0131yla her yara izinin bir \u015fark\u0131ya d\u00f6n\u00fc\u015ft\u00fc\u011f\u00fcn\u00fc, yeniden do\u011fu\u015fu ve en karanl\u0131k f\u0131rt\u0131nalarda bile sakl\u0131 olan ilkbahar\u0131 usulca hat\u0131rlat\u0131yor. <\/p>\n","protected":false},"excerpt":{"rendered":"<p>\u201c\u00f6nemlidir farkl\u0131l\u0131klar yoksa g\u00fcvelerle \u00e7evrili bir kelebek kendini g\u00f6remeyip bir olmaya \u00e7al\u0131\u015f\u0131r g\u00fcvelerle\u201d Susarak hayatta kalmaya \u00e7al\u0131\u015fan bir k\u0131z \u00e7ocu\u011funun k\u0131r\u0131k hayallerinden, kendine kelimelerle bir d\u00fcnya<span class=\"excerpt-hellip\"> [\u2026]<\/span><\/p>\n","protected":false},"featured_media":0,"template":"","meta":{"_monsterinsights_skip_tracking":false,"_monsterinsights_sitenote_active":false,"_monsterinsights_sitenote_note":"","_monsterinsights_sitenote_category":0},"product_brand":[],"product_cat":[12291,12711],"product_tag":[],"class_list":{"0":"post-771639","1":"product","2":"type-product","3":"status-publish","5":"product_cat-edebiyat","6":"product_cat-roman-oyku","7":"pa_cilt-ciltsiz","8":"pa_tur-kitap","9":"pa_yayinevi-alfa-yayinlari","10":"pa_yazar-bahar-eris","12":"first","13":"instock","14":"sale","15":"shipping-taxable","16":"purchasable","17":"product-type-simple"},"_links":{"self":[{"href":"https:\/\/roveyayinevi.com.tr\/index.php\/wp-json\/wp\/v2\/product\/771639","targetHints":{"allow":["GET"]}}],"collection":[{"href":"https:\/\/roveyayinevi.com.tr\/index.php\/wp-json\/wp\/v2\/product"}],"about":[{"href":"https:\/\/roveyayinevi.com.tr\/index.php\/wp-json\/wp\/v2\/types\/product"}],"wp:attachment":[{"href":"https:\/\/roveyayinevi.com.tr\/index.php\/wp-json\/wp\/v2\/media?parent=771639"}],"wp:term":[{"taxonomy":"product_brand","embeddable":true,"href":"https:\/\/roveyayinevi.com.tr\/index.php\/wp-json\/wp\/v2\/product_brand?post=771639"},{"taxonomy":"product_cat","embeddable":true,"href":"https:\/\/roveyayinevi.com.tr\/index.php\/wp-json\/wp\/v2\/product_cat?post=771639"},{"taxonomy":"product_tag","embeddable":true,"href":"https:\/\/roveyayinevi.com.tr\/index.php\/wp-json\/wp\/v2\/product_tag?post=771639"}],"curies":[{"name":"wp","href":"https:\/\/api.w.org\/{rel}","templated":true}]}}