{"id":771637,"date":"2025-08-28T15:13:10","date_gmt":"2025-08-28T12:13:10","guid":{"rendered":"https:\/\/roveyayinevi.com.tr\/index.php\/urun\/tibbi-devadan-ruhi-devaya\/"},"modified":"2026-04-15T03:38:10","modified_gmt":"2026-04-15T00:38:10","slug":"tibbi-devadan-ruhi-devaya","status":"publish","type":"product","link":"https:\/\/roveyayinevi.com.tr\/index.php\/urun\/tibbi-devadan-ruhi-devaya\/","title":{"rendered":"T\u0131bbi Devadan Ruhi Devaya"},"content":{"rendered":"<p>Elimizdeki bu kitapta, kulluk vazifemiz olan ve manevi terakkimiz a\u00e7\u0131s\u0131ndan da olmazsa olmaz olan ibadetler ve bu ibadetlerin sa\u011fl\u0131kl\u0131, din\u00e7 bir bedene sahip bireyler olabilmemiz, yani ya\u015fam kalitemiz a\u00e7\u0131s\u0131ndan da ne denli \u00f6nemli oldu\u011fu \u00fczerinde durulurken bir yandan da \u201cM\u00fcsl\u00fcman bir insan\u0131n sahip olmas\u0131 gereken g\u00fczel ahlak nas\u0131l olur? \u0130nanmayan insanlara yakla\u015f\u0131m\u0131m\u0131z nas\u0131l olmal\u0131d\u0131r, hidayete davet nas\u0131l olur? Gen\u00e7lerimize nas\u0131l yakla\u015fmal\u0131y\u0131z?  Aile saadeti nas\u0131l olur, dahas\u0131 hem d\u00fcnya hem ahiret saadeti i\u00e7in nas\u0131l bir hayat s\u00fcrmeliyiz?\u201d gibi merak edilen bir\u00e7ok soru, yeri geldik\u00e7e ibretlik hat\u0131ralarla birle\u015ftirilerek Dr. Salih Selman\u2019\u0131n kaleminden istifademize sunuluyor.<\/p>\n","protected":false},"excerpt":{"rendered":"<p>Elimizdeki bu kitapta, kulluk vazifemiz olan ve manevi terakkimiz a\u00e7\u0131s\u0131ndan da olmazsa olmaz olan ibadetler ve bu ibadetlerin sa\u011fl\u0131kl\u0131, din\u00e7 bir bedene sahip bireyler olabilmemiz, yani<span class=\"excerpt-hellip\"> [\u2026]<\/span><\/p>\n","protected":false},"featured_media":0,"template":"","meta":{"_monsterinsights_skip_tracking":false,"_monsterinsights_sitenote_active":false,"_monsterinsights_sitenote_note":"","_monsterinsights_sitenote_category":0},"product_brand":[],"product_cat":[14787,13488],"product_tag":[],"class_list":{"0":"post-771637","1":"product","2":"type-product","3":"status-publish","5":"product_cat-diger-toplum-ve-insan","6":"product_cat-toplum-ve-insan","7":"pa_cilt-ciltsiz","8":"pa_tur-kitap","9":"pa_yayinevi-mihenk-kitap","10":"pa_yazar-salih-selman","12":"first","13":"instock","14":"sale","15":"shipping-taxable","16":"purchasable","17":"product-type-simple"},"_links":{"self":[{"href":"https:\/\/roveyayinevi.com.tr\/index.php\/wp-json\/wp\/v2\/product\/771637","targetHints":{"allow":["GET"]}}],"collection":[{"href":"https:\/\/roveyayinevi.com.tr\/index.php\/wp-json\/wp\/v2\/product"}],"about":[{"href":"https:\/\/roveyayinevi.com.tr\/index.php\/wp-json\/wp\/v2\/types\/product"}],"wp:attachment":[{"href":"https:\/\/roveyayinevi.com.tr\/index.php\/wp-json\/wp\/v2\/media?parent=771637"}],"wp:term":[{"taxonomy":"product_brand","embeddable":true,"href":"https:\/\/roveyayinevi.com.tr\/index.php\/wp-json\/wp\/v2\/product_brand?post=771637"},{"taxonomy":"product_cat","embeddable":true,"href":"https:\/\/roveyayinevi.com.tr\/index.php\/wp-json\/wp\/v2\/product_cat?post=771637"},{"taxonomy":"product_tag","embeddable":true,"href":"https:\/\/roveyayinevi.com.tr\/index.php\/wp-json\/wp\/v2\/product_tag?post=771637"}],"curies":[{"name":"wp","href":"https:\/\/api.w.org\/{rel}","templated":true}]}}