{"id":771632,"date":"2025-08-28T15:12:59","date_gmt":"2025-08-28T12:12:59","guid":{"rendered":"https:\/\/roveyayinevi.com.tr\/index.php\/urun\/kiskanclik-2\/"},"modified":"2026-04-12T03:29:25","modified_gmt":"2026-04-12T00:29:25","slug":"kiskanclik-2","status":"publish","type":"product","link":"https:\/\/roveyayinevi.com.tr\/index.php\/urun\/kiskanclik-2\/","title":{"rendered":"K\u0131skan\u00e7l\u0131k"},"content":{"rendered":"<p>K\u0131skan\u00e7l\u0131k, \u0130LKEL duygudur.K\u0131skan\u00e7l\u0131k, beynin derinliklerinde geli\u015fmeyen n\u00f6ronlar\u0131n duygusudur.Bu nedenle \u0130LKEL duygu ad\u0131yla tan\u0131mlan\u0131r. K\u0131skan\u00e7l\u0131k, beynin derinliklerinde kalan n\u00f6ronlar\u0131n geli\u015fmeyen \u00f6zelli\u011fi sayesinde kin nefret ve intikam duygular\u0131 ta\u015f\u0131r.Dolay\u0131s\u0131yla k\u0131skan\u00e7l\u0131kla m\u00fccadele etmek i\u00e7in ho\u015fg\u00f6r\u00fc, pozitif karakter, berrak beyin ve bilgi birikimi gerekmektedir. En zor olan\u0131, taraf\u0131 kin nefret ve intikam duygular\u0131 ta\u015f\u0131yan bir insana bir \u015feyi kabul ettirmek \u00e7ok zordur. Do\u011fada her \u015fey bir de\u011fi\u015fimdirVe her de\u011fi\u015fimin ard\u0131nda bir sonsuzluk yatar.Goethe<\/p>\n","protected":false},"excerpt":{"rendered":"<p>K\u0131skan\u00e7l\u0131k, \u0130LKEL duygudur.K\u0131skan\u00e7l\u0131k, beynin derinliklerinde geli\u015fmeyen n\u00f6ronlar\u0131n duygusudur.Bu nedenle \u0130LKEL duygu ad\u0131yla tan\u0131mlan\u0131r. K\u0131skan\u00e7l\u0131k, beynin derinliklerinde kalan n\u00f6ronlar\u0131n geli\u015fmeyen \u00f6zelli\u011fi sayesinde kin nefret ve intikam duygular\u0131<span class=\"excerpt-hellip\"> [\u2026]<\/span><\/p>\n","protected":false},"featured_media":0,"template":"","meta":{"_monsterinsights_skip_tracking":false,"_monsterinsights_sitenote_active":false,"_monsterinsights_sitenote_note":"","_monsterinsights_sitenote_category":0},"product_brand":[],"product_cat":[12364,12376],"product_tag":[],"class_list":{"0":"post-771632","1":"product","2":"type-product","3":"status-publish","5":"product_cat-genel-konular","6":"product_cat-kisisel-gelisim","7":"pa_cilt-ciltsiz","8":"pa_tur-kitap","9":"pa_yayinevi-eftalya-kitap","10":"pa_yazar-can-hikmet-degirmenci","12":"first","13":"instock","14":"sale","15":"shipping-taxable","16":"purchasable","17":"product-type-simple"},"_links":{"self":[{"href":"https:\/\/roveyayinevi.com.tr\/index.php\/wp-json\/wp\/v2\/product\/771632","targetHints":{"allow":["GET"]}}],"collection":[{"href":"https:\/\/roveyayinevi.com.tr\/index.php\/wp-json\/wp\/v2\/product"}],"about":[{"href":"https:\/\/roveyayinevi.com.tr\/index.php\/wp-json\/wp\/v2\/types\/product"}],"wp:attachment":[{"href":"https:\/\/roveyayinevi.com.tr\/index.php\/wp-json\/wp\/v2\/media?parent=771632"}],"wp:term":[{"taxonomy":"product_brand","embeddable":true,"href":"https:\/\/roveyayinevi.com.tr\/index.php\/wp-json\/wp\/v2\/product_brand?post=771632"},{"taxonomy":"product_cat","embeddable":true,"href":"https:\/\/roveyayinevi.com.tr\/index.php\/wp-json\/wp\/v2\/product_cat?post=771632"},{"taxonomy":"product_tag","embeddable":true,"href":"https:\/\/roveyayinevi.com.tr\/index.php\/wp-json\/wp\/v2\/product_tag?post=771632"}],"curies":[{"name":"wp","href":"https:\/\/api.w.org\/{rel}","templated":true}]}}