{"id":771631,"date":"2025-08-28T15:12:57","date_gmt":"2025-08-28T12:12:57","guid":{"rendered":"https:\/\/roveyayinevi.com.tr\/index.php\/urun\/cocuklar-icin-kodlama-3\/"},"modified":"2026-04-15T03:38:10","modified_gmt":"2026-04-15T00:38:10","slug":"cocuklar-icin-kodlama-3","status":"publish","type":"product","link":"https:\/\/roveyayinevi.com.tr\/index.php\/urun\/cocuklar-icin-kodlama-3\/","title":{"rendered":"\u00c7ocuklar \u0130\u00e7in Kodlama"},"content":{"rendered":"<p>\u00c7ocuklar i\u00e7in kodlama maceras\u0131: Size yol g\u00f6sterecek bir k\u0131lavuz!Yarat\u0131c\u0131 kodlay\u0131c\u0131lar, sizlerle beraber bilgisayar\u0131n sihirli d\u00fcnyas\u0131n\u0131n perde arkas\u0131na ge\u00e7iyoruz. Bilgisayar programlar\u0131n\u0131n nas\u0131l yaz\u0131ld\u0131\u011f\u0131n\u0131, algoritmaya dair bilmeniz gerekenleri \u00f6\u011freneceksiniz. Gelece\u011fin teknoloji liderleri, \u00e7ok sevdi\u011finiz oyunlar\u0131n tasarlanma s\u00fcrecine tan\u0131kl\u0131k edin. Hayal etti\u011finiz oyunlar\u0131, yazd\u0131\u011f\u0131n\u0131z hikayeleri payla\u015fmak i\u00e7in kodlama becerilerinizi geli\u015ftirelim. Haydi o zaman, bilgisayarlar\u0131 ba\u015flat\u0131p \u00e7\u0131kt\u0131\u011f\u0131n\u0131z kodlama yolculu\u011funda arad\u0131\u011f\u0131n\u0131z sorular\u0131n cevaplar\u0131n\u0131 birlikte bulal\u0131m.<\/p>\n","protected":false},"excerpt":{"rendered":"<p>\u00c7ocuklar i\u00e7in kodlama maceras\u0131: Size yol g\u00f6sterecek bir k\u0131lavuz!Yarat\u0131c\u0131 kodlay\u0131c\u0131lar, sizlerle beraber bilgisayar\u0131n sihirli d\u00fcnyas\u0131n\u0131n perde arkas\u0131na ge\u00e7iyoruz. Bilgisayar programlar\u0131n\u0131n nas\u0131l yaz\u0131ld\u0131\u011f\u0131n\u0131, algoritmaya dair bilmeniz gerekenleri<span class=\"excerpt-hellip\"> [\u2026]<\/span><\/p>\n","protected":false},"featured_media":0,"template":"","meta":{"_monsterinsights_skip_tracking":false,"_monsterinsights_sitenote_active":false,"_monsterinsights_sitenote_note":"","_monsterinsights_sitenote_category":0},"product_brand":[],"product_cat":[12274,24599],"product_tag":[],"class_list":{"0":"post-771631","1":"product","2":"type-product","3":"status-publish","5":"product_cat-cocuk-ve-genclik-kitaplari","6":"product_cat-zeka-gelisimi","7":"pa_cilt-ciltsiz","8":"pa_tur-kitap","9":"pa_yayinevi-yediveren-cocuk","10":"pa_yazar-burcu-karadas","12":"first","13":"instock","14":"sale","15":"shipping-taxable","16":"purchasable","17":"product-type-simple"},"_links":{"self":[{"href":"https:\/\/roveyayinevi.com.tr\/index.php\/wp-json\/wp\/v2\/product\/771631","targetHints":{"allow":["GET"]}}],"collection":[{"href":"https:\/\/roveyayinevi.com.tr\/index.php\/wp-json\/wp\/v2\/product"}],"about":[{"href":"https:\/\/roveyayinevi.com.tr\/index.php\/wp-json\/wp\/v2\/types\/product"}],"wp:attachment":[{"href":"https:\/\/roveyayinevi.com.tr\/index.php\/wp-json\/wp\/v2\/media?parent=771631"}],"wp:term":[{"taxonomy":"product_brand","embeddable":true,"href":"https:\/\/roveyayinevi.com.tr\/index.php\/wp-json\/wp\/v2\/product_brand?post=771631"},{"taxonomy":"product_cat","embeddable":true,"href":"https:\/\/roveyayinevi.com.tr\/index.php\/wp-json\/wp\/v2\/product_cat?post=771631"},{"taxonomy":"product_tag","embeddable":true,"href":"https:\/\/roveyayinevi.com.tr\/index.php\/wp-json\/wp\/v2\/product_tag?post=771631"}],"curies":[{"name":"wp","href":"https:\/\/api.w.org\/{rel}","templated":true}]}}